{"id":847,"date":"2023-01-25T21:56:10","date_gmt":"2023-01-25T21:56:10","guid":{"rendered":"https:\/\/puzzle3d.co\/product\/ram-puzzle-classic-copy\/"},"modified":"2025-06-11T19:07:50","modified_gmt":"2025-06-11T19:07:50","slug":"2d-puinen-palapeli-kala","status":"publish","type":"product","link":"https:\/\/puzzle3d.co\/fi\/prodotto\/pesci-puzzle-2d-in-legno\/","title":{"rendered":"Puinen 2D kala palapeli - 150 palaa"},"content":{"rendered":"<div>\n<p><strong>Kala 2D puinen palapeli , 150 palaa<\/strong><\/p>\n<\/div>\n<div>\n<div>\n<div>Edess\u00e4nne on s\u00f6p\u00f6 ja \u00e4lyk\u00e4s kala: Koi. Ne ovat Aasiasta kotoisin oleva laji, tarkemmin sanottuna ne el\u00e4v\u00e4t Kiinan ja Japanin makeissa vesiss\u00e4.<\/div>\n<div><\/div>\n<div>Id\u00e4ss\u00e4 ne ovat rohkeuden ja sinnikkyyden symboli.<\/div>\n<div><\/div>\n<div>Ne viihtyv\u00e4t vain puhtaassa, hapekkaassa vedess\u00e4, jonka l\u00e4mp\u00f6tila on 10 ja 30 celsiusasteen v\u00e4lill\u00e4, ja ne sy\u00f6v\u00e4t tasapainoisesti kasvillisuutta ja lev\u00e4\u00e4.<\/div>\n<div><\/div>\n<div>T\u00e4m\u00e4n palapelin kokoaminen on miellytt\u00e4v\u00e4 rauhan ja rentoutumisen hetki, ja sen ihailu sen j\u00e4lkeen muistuttaa sinua tasapainosta ja harmoniasta.<\/div>\n<div><\/div>\n<div>On ihanaa etsi\u00e4 tasapainoa ja harmoniaa itsemme ja ymp\u00e4rill\u00e4mme olevien kanssa!<\/div>\n<div><\/div>\n<div><strong>TUOTETIEDOT:<\/strong><\/div>\n<div>Mallin mitat: 282*387*5 mm<\/div>\n<div>Pakkauksen mitat: 255 x 192 x 42 mm<\/div>\n<div>Kappalem\u00e4\u00e4r\u00e4: 150<\/div>\n<\/div>\n<div><\/div>\n<\/div>","protected":false},"excerpt":{"rendered":"<div>KOI - klassinen puinen palapeli\/puzzle<br \/>\nT\u00e4m\u00e4n palapelin kokoaminen on miellytt\u00e4v\u00e4 rauhan ja rentoutumisen hetki, ja sen ihailu sen j\u00e4lkeen muistuttaa sinua tasapainosta ja harmoniasta.<\/div>\n<p>&nbsp;<\/p>","protected":false},"featured_media":852,"comment_status":"open","ping_status":"closed","template":"","meta":[],"product_brand":[],"product_cat":[80,84,83],"product_tag":[],"woo-feed-brand":[],"class_list":{"0":"post-847","1":"product","2":"type-product","3":"status-publish","4":"has-post-thumbnail","6":"product_cat-puzzle-jigsaw","7":"product_cat-puzzle-jigsaw-in-legno","8":"product_cat-puzzle-jigsaw-bambini","10":"first","11":"instock","12":"shipping-taxable","13":"purchasable","14":"product-type-simple"},"_links":{"self":[{"href":"https:\/\/puzzle3d.co\/fi\/wp-json\/wp\/v2\/product\/847","targetHints":{"allow":["GET"]}}],"collection":[{"href":"https:\/\/puzzle3d.co\/fi\/wp-json\/wp\/v2\/product"}],"about":[{"href":"https:\/\/puzzle3d.co\/fi\/wp-json\/wp\/v2\/types\/product"}],"replies":[{"embeddable":true,"href":"https:\/\/puzzle3d.co\/fi\/wp-json\/wp\/v2\/comments?post=847"}],"wp:featuredmedia":[{"embeddable":true,"href":"https:\/\/puzzle3d.co\/fi\/wp-json\/wp\/v2\/media\/852"}],"wp:attachment":[{"href":"https:\/\/puzzle3d.co\/fi\/wp-json\/wp\/v2\/media?parent=847"}],"wp:term":[{"taxonomy":"product_brand","embeddable":true,"href":"https:\/\/puzzle3d.co\/fi\/wp-json\/wp\/v2\/product_brand?post=847"},{"taxonomy":"product_cat","embeddable":true,"href":"https:\/\/puzzle3d.co\/fi\/wp-json\/wp\/v2\/product_cat?post=847"},{"taxonomy":"product_tag","embeddable":true,"href":"https:\/\/puzzle3d.co\/fi\/wp-json\/wp\/v2\/product_tag?post=847"},{"taxonomy":"woo-feed-brand","embeddable":true,"href":"https:\/\/puzzle3d.co\/fi\/wp-json\/wp\/v2\/woo-feed-brand?post=847"}],"curies":[{"name":"wp","href":"https:\/\/api.w.org\/{rel}","templated":true}]}}