{"id":843,"date":"2023-01-25T21:31:29","date_gmt":"2023-01-25T21:31:29","guid":{"rendered":"https:\/\/puzzle3d.co\/product\/gramophone-puzzle-3d-copy\/"},"modified":"2025-06-11T19:08:06","modified_gmt":"2025-06-11T19:08:06","slug":"ram-2d-puinen-palapeli-130-palaa","status":"publish","type":"product","link":"https:\/\/puzzle3d.co\/fi\/prodotto\/ariete-puzzle-2d-jigsaw-in-legno-130-pezzi\/","title":{"rendered":"ARIETE 2D puinen palapeli, 130 palaa"},"content":{"rendered":"<div>\n<p><strong>ARIETE 2D puinen palapeli, 130 palaa<\/strong><\/p>\n<\/div>\n<div>\n<div>\n<div>Sinun ei tarvitse synty\u00e4 Oinaan merkiss\u00e4, jotta voit koota t\u00e4m\u00e4n ihanan palapelin.<\/div>\n<div><\/div>\n<div>Mutta pohtikaa jotakin mielenkiintoista niist\u00e4:<\/div>\n<div>ovat kunnianhimoisia ja energisi\u00e4, sopeutumiskykyisi\u00e4 muutoksiin ja pit\u00e4v\u00e4t itse\u00e4\u00e4n pelottomina johtajina.<\/div>\n<div><\/div>\n<div>Elon Musk - SpaceX:n ja Teslan perustaja ja toimitusjohtaja;<\/div>\n<div><\/div>\n<div>Albert Einstein - fyysikko, joka mullisti maailman;<\/div>\n<div><\/div>\n<div>Mark Zuckerberg - Facebookin perustaja ja toimitusjohtaja;<\/div>\n<div><\/div>\n<div>Prinssi Charles - kuningatar Elisabet II:n poika;<\/div>\n<div><\/div>\n<div>Nicolae Ceausescu ja monet muut kuuluisat ihmiset l\u00f6ytyv\u00e4t Oinas horoskoopista.<\/div>\n<div><\/div>\n<div>Oletko nyt vakuuttunut siit\u00e4, ett\u00e4 Oinas-palapeli vapauttaa poikkeuksellisia ominaisuuksia yhdell\u00e4 silm\u00e4yksell\u00e4?<\/div>\n<div><\/div>\n<div><strong>TUOTETIEDOT:<\/strong><\/div>\n<div>Mallin mitat: 282*387*5 mm<\/div>\n<div>Pakkauksen mitat: 255 x 192 x 42 mm<\/div>\n<div>Kappalem\u00e4\u00e4r\u00e4: 130<\/div>\n<\/div>\n<div><\/div>\n<\/div>","protected":false},"excerpt":{"rendered":"<p>T\u00e4m\u00e4n ihanan palapelin kokoaminen ei edellyt\u00e4, ett\u00e4 on syntynyt Oinaan merkiss\u00e4. Mutta mieti jotain mielenkiintoista heist\u00e4: he ovat kunnianhimoisia ja energisi\u00e4, sopeutuvia muutoksiin ja pit\u00e4v\u00e4t itse\u00e4\u00e4n pelottomina johtajina.<\/p>","protected":false},"featured_media":845,"comment_status":"open","ping_status":"closed","template":"","meta":{"slim_seo":{"title":"\u2648 ARIETE 2D puinen palapeli, 130 palaa","description":"ARIES Puzzle. Sinun ei tarvitse olla syntynyt Oinas-merkin alla kootaksesi t\u00e4m\u00e4n ihanan palapelin. Mutta mieti jotain mielenkiintoista heist\u00e4: he ovat kunnianhimoisia ja energisi\u00e4, sopeutuvia muutoksiin ja pit\u00e4v\u00e4t itse\u00e4\u00e4n pelottomina johtajina."}},"product_brand":[],"product_cat":[80,83,84],"product_tag":[],"woo-feed-brand":[],"class_list":{"0":"post-843","1":"product","2":"type-product","3":"status-publish","4":"has-post-thumbnail","6":"product_cat-puzzle-jigsaw","7":"product_cat-puzzle-jigsaw-bambini","8":"product_cat-puzzle-jigsaw-in-legno","10":"first","11":"instock","12":"shipping-taxable","13":"purchasable","14":"product-type-simple"},"_links":{"self":[{"href":"https:\/\/puzzle3d.co\/fi\/wp-json\/wp\/v2\/product\/843","targetHints":{"allow":["GET"]}}],"collection":[{"href":"https:\/\/puzzle3d.co\/fi\/wp-json\/wp\/v2\/product"}],"about":[{"href":"https:\/\/puzzle3d.co\/fi\/wp-json\/wp\/v2\/types\/product"}],"replies":[{"embeddable":true,"href":"https:\/\/puzzle3d.co\/fi\/wp-json\/wp\/v2\/comments?post=843"}],"wp:featuredmedia":[{"embeddable":true,"href":"https:\/\/puzzle3d.co\/fi\/wp-json\/wp\/v2\/media\/845"}],"wp:attachment":[{"href":"https:\/\/puzzle3d.co\/fi\/wp-json\/wp\/v2\/media?parent=843"}],"wp:term":[{"taxonomy":"product_brand","embeddable":true,"href":"https:\/\/puzzle3d.co\/fi\/wp-json\/wp\/v2\/product_brand?post=843"},{"taxonomy":"product_cat","embeddable":true,"href":"https:\/\/puzzle3d.co\/fi\/wp-json\/wp\/v2\/product_cat?post=843"},{"taxonomy":"product_tag","embeddable":true,"href":"https:\/\/puzzle3d.co\/fi\/wp-json\/wp\/v2\/product_tag?post=843"},{"taxonomy":"woo-feed-brand","embeddable":true,"href":"https:\/\/puzzle3d.co\/fi\/wp-json\/wp\/v2\/woo-feed-brand?post=843"}],"curies":[{"name":"wp","href":"https:\/\/api.w.org\/{rel}","templated":true}]}}