{"id":834,"date":"2023-01-25T15:04:00","date_gmt":"2023-01-25T15:04:00","guid":{"rendered":"https:\/\/puzzle3d.co\/product\/kinetic-globe-puzzle-3d-copy\/"},"modified":"2025-06-11T19:09:09","modified_gmt":"2025-06-11T19:09:09","slug":"3d-mekaaninen-puinen-palapeli-gramofoni","status":"publish","type":"product","link":"https:\/\/puzzle3d.co\/fi\/prodotto\/grammofono-puzzle-meccanico-3d-in-legno\/","title":{"rendered":"Gramofoni 3D mekaaninen puinen rakennusmalli, 321 kpl"},"content":{"rendered":"<div><strong>Gramofoni - 3D mekaaninen puinen palapeli - 321 palaa<\/strong><\/div>\n<div><\/div>\n<div>Thomas Edison, yksi tekniikan historian merkitt\u00e4vimmist\u00e4 henkil\u00f6ist\u00e4, keksi gramofonin vuonna 1877 vahatangolla. Se oli kaupallinen menestys, ja siit\u00e4 tuli nopeasti suosittu Yhdysvalloissa.<\/div>\n<div><\/div>\n<div>10 vuotta my\u00f6hemmin saksalaissyntyinen amerikkalainen insin\u00f6\u00f6ri Emil Berliner keksi \u00e4\u00e4nilevyj\u00e4 k\u00e4ytt\u00e4v\u00e4n gramofonin.<\/div>\n<div><\/div>\n<div>Molemmat gramofonit vaikuttivat valtavasti musiikki- ja viestint\u00e4teollisuuteen.<\/div>\n<div><\/div>\n<div>Edess\u00e4si oleva gramofoni tulee ilahduttamaan sinua joka p\u00e4iv\u00e4 erityisell\u00e4 tavalla.<\/div>\n<div><\/div>\n<div>On mukavaa aloittaa p\u00e4iv\u00e4 t\u00e4ll\u00e4 gramofonilla, jonka vieress\u00e4 voit nauttia kahvia rentouttavassa ilmapiiriss\u00e4. Sitten otat kellosi tai p\u00e4iv\u00e4n korun salaisesta laatikosta. Illalla avaat laatikon uudelleen ja s\u00e4ilyt\u00e4t korun. N\u00e4in p\u00e4ivitt\u00e4iset rituaalisi tekev\u00e4t gramofonista esineen, johon sinulla on l\u00e4heinen side.<\/div>\n<div><\/div>\n<div>Gramofonin kokoaminen on ihastuttavaa ja rentouttavaa puuhaa, etk\u00e4 katso lopussa liian nopeasti sivuun.<\/div>\n<div><\/div>\n<h2><strong>Ihanteellinen lahja naisille ja musiikin yst\u00e4ville<\/strong><\/h2>\n<div><\/div>\n<div>Se on omaper\u00e4inen lahja naisille ja miehille, joilla on intohimo musiikkiin, kulttuuriin ja taiteeseen. Rasia tuo lis\u00e4arvoa, ja sit\u00e4 voidaan t\u00e4ydent\u00e4\u00e4 kelloilla, koruilla tai rakkausviesteill\u00e4.<\/div>\n<div><\/div>\n<div>Kaunis koriste kodin mihin tahansa huoneeseen.<\/div>\n<div><\/div>\n<div>Kun et tied\u00e4, mink\u00e4 lahjan valitsisit rakkaallesi tai arvostamallesi henkil\u00f6lle, valitse gramofoni.<\/div>\n<div><\/div>\n<div><strong>TUOTETIEDOT:<\/strong><\/div>\n<div>Mallin mitat: 407*274*312 mm<\/div>\n<div>Pakkauksen mitat: 377 x 243 x 45 mm<\/div>\n<div>Kappalem\u00e4\u00e4r\u00e4: 321<\/div>","protected":false},"excerpt":{"rendered":"<div>Gramofonin kokoaminen on ihastuttavaa ja rentouttavaa puuhaa, etk\u00e4 katso lopussa liian nopeasti sivuun.<\/div>\n<p>&nbsp;<\/p>","protected":false},"featured_media":839,"comment_status":"open","ping_status":"closed","template":"","meta":[],"product_brand":[],"product_cat":[73,74,76,89,90],"product_tag":[],"woo-feed-brand":[],"class_list":{"0":"post-834","1":"product","2":"type-product","3":"status-publish","4":"has-post-thumbnail","6":"product_cat-puzzle-3d","7":"product_cat-puzzle-3d-in-legno","8":"product_cat-puzzle-3d-per-bambini","9":"product_cat-puzzle-meccanici-3d-in-legno","10":"product_cat-puzzle-meccanici-per-bambini","12":"first","13":"instock","14":"shipping-taxable","15":"purchasable","16":"product-type-simple"},"_links":{"self":[{"href":"https:\/\/puzzle3d.co\/fi\/wp-json\/wp\/v2\/product\/834","targetHints":{"allow":["GET"]}}],"collection":[{"href":"https:\/\/puzzle3d.co\/fi\/wp-json\/wp\/v2\/product"}],"about":[{"href":"https:\/\/puzzle3d.co\/fi\/wp-json\/wp\/v2\/types\/product"}],"replies":[{"embeddable":true,"href":"https:\/\/puzzle3d.co\/fi\/wp-json\/wp\/v2\/comments?post=834"}],"wp:featuredmedia":[{"embeddable":true,"href":"https:\/\/puzzle3d.co\/fi\/wp-json\/wp\/v2\/media\/839"}],"wp:attachment":[{"href":"https:\/\/puzzle3d.co\/fi\/wp-json\/wp\/v2\/media?parent=834"}],"wp:term":[{"taxonomy":"product_brand","embeddable":true,"href":"https:\/\/puzzle3d.co\/fi\/wp-json\/wp\/v2\/product_brand?post=834"},{"taxonomy":"product_cat","embeddable":true,"href":"https:\/\/puzzle3d.co\/fi\/wp-json\/wp\/v2\/product_cat?post=834"},{"taxonomy":"product_tag","embeddable":true,"href":"https:\/\/puzzle3d.co\/fi\/wp-json\/wp\/v2\/product_tag?post=834"},{"taxonomy":"woo-feed-brand","embeddable":true,"href":"https:\/\/puzzle3d.co\/fi\/wp-json\/wp\/v2\/woo-feed-brand?post=834"}],"curies":[{"name":"wp","href":"https:\/\/api.w.org\/{rel}","templated":true}]}}