{"id":826,"date":"2023-01-25T14:32:39","date_gmt":"2023-01-25T14:32:39","guid":{"rendered":"https:\/\/puzzle3d.co\/product\/doll-house-puzzle-3d-copy\/"},"modified":"2025-05-11T08:14:48","modified_gmt":"2025-05-11T08:14:48","slug":"kineettinen-maapallo-3d-mekaaninen-palapeli-puu","status":"publish","type":"product","link":"https:\/\/puzzle3d.co\/fi\/prodotto\/globo-cinetico-puzzle-meccanico-3d-legno\/","title":{"rendered":"The Kinetic Globe - Mekaaninen puupalapeli, 205 palaa"},"content":{"rendered":"<div>\n<p><strong>The Kinetic Globe - Mekaaninen puupalapeli, 205 palaa<\/strong><\/p>\n<p><span style=\"color: #333333;\">Tutustu mekaniikan kauneuteen kineettisen pallon avulla! <\/span><span style=\"color: #333333;\">1700-luvulla kineettisi\u00e4 palloja alettiin k\u00e4ytt\u00e4\u00e4 opetusv\u00e4lineen\u00e4 havainnollistamaan fysikaalisia periaatteita, kuten py\u00f6rimist\u00e4 ja kiertoa.<\/span><\/p>\n<\/div>\n<div>\n<div>\n<div>Kaksi vuosisataa my\u00f6hemmin niit\u00e4 alettiin k\u00e4ytt\u00e4\u00e4 koriste-esinein\u00e4.<\/div>\n<div>1900-luvulta l\u00e4htien kineettisist\u00e4 palloista tuli yh\u00e4 suositumpia nykytaide-esineit\u00e4.<\/div>\n<div><\/div>\n<div>Nyky\u00e4\u00e4n pallot kehittyv\u00e4t edelleen, ja niiss\u00e4 k\u00e4ytet\u00e4\u00e4n nykyaikaista teknologiaa ja kehittyneit\u00e4 materiaaleja vaikuttavien liikkeiden ja visuaalisten efektien luomiseksi.<\/div>\n<div><\/div>\n<div>Fiksu lahja kenelle tahansa<\/div>\n<div><\/div>\n<div>Valitse fiksu lahja itsellesi tai yst\u00e4v\u00e4llesi, kokoa se ja anna sen sitten py\u00f6ri\u00e4. On rentouttavaa katsella py\u00f6rimisen ja py\u00f6rimisen liikett\u00e4.<\/div>\n<div><\/div>\n<div>Voit tehd\u00e4 t\u00e4m\u00e4n miettiess\u00e4si projektia tai nauttiessasi kahvia rauhassa. Huomaat, kuinka akkusi latautuvat ja ajatuksesi tuntuvat asettuvan hyllylle.<\/div>\n<div><\/div>\n<div><strong>TUOTETIEDOT:<\/strong><\/div>\n<div>Mallin mitat: 161*132*251 mm<\/div>\n<div>Pakkauksen mitat: 245*188*30 mm<\/div>\n<div>Kappalem\u00e4\u00e4r\u00e4: 205<\/div>\n<\/div>\n<div><\/div>\n<\/div>","protected":false},"excerpt":{"rendered":"<p>Tutustu mekaniikan kauneuteen kineettisen pallon avulla! Valitse n\u00e4pp\u00e4r\u00e4 lahja itsellesi tai yst\u00e4v\u00e4llesi, kokoa se ja anna sen sitten py\u00f6ri\u00e4. On rentouttavaa seurata py\u00f6rimisen ja kiert\u00e4misen liikett\u00e4.<\/p>","protected":false},"featured_media":830,"comment_status":"open","ping_status":"closed","template":"","meta":[],"product_brand":[],"product_cat":[73,74,76,89,90],"product_tag":[],"woo-feed-brand":[],"class_list":{"0":"post-826","1":"product","2":"type-product","3":"status-publish","4":"has-post-thumbnail","6":"product_cat-puzzle-3d","7":"product_cat-puzzle-3d-in-legno","8":"product_cat-puzzle-3d-per-bambini","9":"product_cat-puzzle-meccanici-3d-in-legno","10":"product_cat-puzzle-meccanici-per-bambini","12":"first","13":"instock","14":"shipping-taxable","15":"purchasable","16":"product-type-simple"},"_links":{"self":[{"href":"https:\/\/puzzle3d.co\/fi\/wp-json\/wp\/v2\/product\/826","targetHints":{"allow":["GET"]}}],"collection":[{"href":"https:\/\/puzzle3d.co\/fi\/wp-json\/wp\/v2\/product"}],"about":[{"href":"https:\/\/puzzle3d.co\/fi\/wp-json\/wp\/v2\/types\/product"}],"replies":[{"embeddable":true,"href":"https:\/\/puzzle3d.co\/fi\/wp-json\/wp\/v2\/comments?post=826"}],"wp:featuredmedia":[{"embeddable":true,"href":"https:\/\/puzzle3d.co\/fi\/wp-json\/wp\/v2\/media\/830"}],"wp:attachment":[{"href":"https:\/\/puzzle3d.co\/fi\/wp-json\/wp\/v2\/media?parent=826"}],"wp:term":[{"taxonomy":"product_brand","embeddable":true,"href":"https:\/\/puzzle3d.co\/fi\/wp-json\/wp\/v2\/product_brand?post=826"},{"taxonomy":"product_cat","embeddable":true,"href":"https:\/\/puzzle3d.co\/fi\/wp-json\/wp\/v2\/product_cat?post=826"},{"taxonomy":"product_tag","embeddable":true,"href":"https:\/\/puzzle3d.co\/fi\/wp-json\/wp\/v2\/product_tag?post=826"},{"taxonomy":"woo-feed-brand","embeddable":true,"href":"https:\/\/puzzle3d.co\/fi\/wp-json\/wp\/v2\/woo-feed-brand?post=826"}],"curies":[{"name":"wp","href":"https:\/\/api.w.org\/{rel}","templated":true}]}}