{"id":818,"date":"2023-01-24T16:19:11","date_gmt":"2023-01-24T16:19:11","guid":{"rendered":"https:\/\/puzzle3d.co\/product\/tank-t-34-85-puzzle-3d-mecanic-copy\/"},"modified":"2025-05-12T06:12:44","modified_gmt":"2025-05-12T06:12:44","slug":"3d-puinen-palapeli-nukkekoti","status":"publish","type":"product","link":"https:\/\/puzzle3d.co\/fi\/prodotto\/casa-delle-bambole-puzzle-3d-in-legno\/","title":{"rendered":"Puinen nukkekoti, 131 kpl"},"content":{"rendered":"<div>\n<p><strong>CHILDREN'S HOUSE 3D puinen palapeli -131 palaa<\/strong><\/p>\n<p>T\u00e4m\u00e4n nukkekodin rakentaminen on ilo laadukkaiden puuosien ansiosta. Jokainen osa on leikattu laserilla tarkasti ja sopii t\u00e4ydellisesti toisiinsa. Yksityiskohtaiset ohjeet opastavat sinua askel askeleelta kokoamisessa.<\/p>\n<p>Valmistuttuaan talo on kooltaan 48 x 37 x 54 cm, eli se on suuri malli. Mielikuvitukselle ja luovuudelle j\u00e4\u00e4 paljon tilaa sisustaa sis\u00e4tilat ja koristella ulkotilat oman maun mukaan, aivan kuin oikeassa nukkekodissa!<\/p>\n<\/div>\n<p>Yksityiskohtiin on kiinnitetty h\u00e4mm\u00e4stytt\u00e4v\u00e4\u00e4 huomiota: koristellut parvekkeet, t\u00e4ydelliset huone- ja keitti\u00f6kalusteet, pienet v\u00e4rikk\u00e4\u00e4t verhot, liukum\u00e4ki ja muut arvokkaat elementit auttavat luomaan poikkeuksellisen realistisen pienoismaailman.<\/p>\n<p class=\"whitespace-pre-wrap\">Ihastu t\u00e4h\u00e4n kauniiseen puiseen nukkekotiin - t\u00e4ydellinen lahja nuorille ja vanhoille!<\/p>\n<p class=\"whitespace-pre-wrap\">Yksi maailman johtavista puupalapelien valmistajista, jolla on kymmeni\u00e4 kiehtovia sarjoja valittavana. Huomio yksityiskohtiin heid\u00e4n malleissaan on yksinkertaisesti uskomatonta! Erilaisia vaikeusasteita, lapsille sopivista sarjoista kokeneempien mallareiden haasteisiin. Yrityksell\u00e4 on pitk\u00e4 historia ja intohimo t\u00e4t\u00e4 taidetta kohtaan.<\/p>\n<div>\n<div>\n<div>Muutama vuosisata sitten puinen nukkekoti oli ylellisyystavaraa, joka oli varattu vain varakkaille perheille.<\/div>\n<div><\/div>\n<div>Nyky\u00e4\u00e4n se ei ole en\u00e4\u00e4 ylellisyytt\u00e4, vaan esine, josta lapset pit\u00e4v\u00e4t ja joka lupaa tuntikausia leikki\u00e4 poissa ruudulta.<\/div>\n<div><\/div>\n<div>Jos siis haluat pit\u00e4\u00e4 lapsesi kiireisen\u00e4, t\u00e4m\u00e4 leikkim\u00f6kki on tervetullut.<\/div>\n<div><\/div>\n<div>Sill\u00e4 on monia etuja: sen kokoaminen kehitt\u00e4\u00e4 yksityiskohtien tarkkaavaisuutta, motorisia taitoja, silm\u00e4-k\u00e4si-koordinaatiota ja orientoitumista avaruudessa.<\/div>\n<div><\/div>\n<h2>Sopiva lahja tyt\u00f6ille<\/h2>\n<div>Siin\u00e4 on lukuisia huoneita ja huonekaluja, jotka rohkaisevat mielikuvitusta ja roolileikkej\u00e4: olohuone, keitti\u00f6, makuuhuone, ullakko, parveke, autotalli, p\u00f6yt\u00e4, tuolit, sohvat, makuuhuone, mekaaninen hissi.<\/div>\n<div><\/div>\n<div>Voit koristella sen vesipohjaisen maalin avulla, voit lis\u00e4t\u00e4 siihen perheenj\u00e4senet, jotka asuvat t\u00e4ss\u00e4 talossa, auton, puut ja mit\u00e4 tahansa muuta mielikuvituksesi keksii.<\/div>\n<div><\/div>\n<div>Leikkim\u00f6kki voidaan taittaa kokoon, jolloin se on k\u00e4tev\u00e4 kuljettaa ulkoleikkej\u00e4 varten tai isovanhempien luona vierailtaessa.<\/div>\n<div>Se on houkutteleva sisustus olohuoneeseen ja erityisesti lastenhuoneeseen.<\/div>\n<div><\/div>\n<div><strong>TUOTETIEDOT:<\/strong><\/div>\n<div>Mallin mitat: 486*376*540 mm<\/div>\n<div>Pakkauksen mitat: 375 x 243 x 64 mm<\/div>\n<div>Kappalem\u00e4\u00e4r\u00e4: 131<\/div>\n<\/div>\n<\/div>","protected":false},"excerpt":{"rendered":"<div>Puinen nukkekoti kehitt\u00e4\u00e4 yksityiskohtien huomioimista, motorisia taitoja, silm\u00e4-k\u00e4si-koordinaatiota ja orientoitumista avaruudessa.<\/div>\n<p>&nbsp;<\/p>","protected":false},"featured_media":820,"comment_status":"open","ping_status":"closed","template":"","meta":{"slim_seo":{"title":"\ud83c\udfe1 CHILDREN'S HOUSE 3D puinen palapeli, 131 palaa","description":"Nukkekoti - 3D puinen palapeli nukkekoti. Esine, joka vetoaa lapsiin ja lupaa tuntikausia leikki\u00e4 kaukana n\u00e4yt\u00f6ist\u00e4."}},"product_brand":[],"product_cat":[89,90,73,74,76],"product_tag":[],"woo-feed-brand":[],"class_list":{"0":"post-818","1":"product","2":"type-product","3":"status-publish","4":"has-post-thumbnail","6":"product_cat-puzzle-meccanici-3d-in-legno","7":"product_cat-puzzle-meccanici-per-bambini","8":"product_cat-puzzle-3d","9":"product_cat-puzzle-3d-in-legno","10":"product_cat-puzzle-3d-per-bambini","12":"first","13":"instock","14":"shipping-taxable","15":"purchasable","16":"product-type-simple"},"_links":{"self":[{"href":"https:\/\/puzzle3d.co\/fi\/wp-json\/wp\/v2\/product\/818","targetHints":{"allow":["GET"]}}],"collection":[{"href":"https:\/\/puzzle3d.co\/fi\/wp-json\/wp\/v2\/product"}],"about":[{"href":"https:\/\/puzzle3d.co\/fi\/wp-json\/wp\/v2\/types\/product"}],"replies":[{"embeddable":true,"href":"https:\/\/puzzle3d.co\/fi\/wp-json\/wp\/v2\/comments?post=818"}],"wp:featuredmedia":[{"embeddable":true,"href":"https:\/\/puzzle3d.co\/fi\/wp-json\/wp\/v2\/media\/820"}],"wp:attachment":[{"href":"https:\/\/puzzle3d.co\/fi\/wp-json\/wp\/v2\/media?parent=818"}],"wp:term":[{"taxonomy":"product_brand","embeddable":true,"href":"https:\/\/puzzle3d.co\/fi\/wp-json\/wp\/v2\/product_brand?post=818"},{"taxonomy":"product_cat","embeddable":true,"href":"https:\/\/puzzle3d.co\/fi\/wp-json\/wp\/v2\/product_cat?post=818"},{"taxonomy":"product_tag","embeddable":true,"href":"https:\/\/puzzle3d.co\/fi\/wp-json\/wp\/v2\/product_tag?post=818"},{"taxonomy":"woo-feed-brand","embeddable":true,"href":"https:\/\/puzzle3d.co\/fi\/wp-json\/wp\/v2\/woo-feed-brand?post=818"}],"curies":[{"name":"wp","href":"https:\/\/api.w.org\/{rel}","templated":true}]}}