{"id":806,"date":"2023-01-24T13:52:59","date_gmt":"2023-01-24T13:52:59","guid":{"rendered":"https:\/\/puzzle3d.co\/product\/mower-lemn-puzzle-3d-mecanic-copy\/"},"modified":"2025-06-11T19:09:39","modified_gmt":"2025-06-11T19:09:39","slug":"puinen-mekaaninen-panssarivaunumalli","status":"publish","type":"product","link":"https:\/\/puzzle3d.co\/fi\/prodotto\/carro-armato-modello-meccanico-legno\/","title":{"rendered":"Carro Armato T-34-85 mekaaninen puumalli, 965 osaa"},"content":{"rendered":"<div>\n<h2><strong>Panssarivaunu, Tank T-34-85 mekaaninen puumalli - 965 kpl<\/strong><\/h2>\n<\/div>\n<div>\n<div>\n<div>Tiesitk\u00f6, ett\u00e4 ensimm\u00e4isiss\u00e4 ensimm\u00e4isen maailmansodan aikana ilmestyneiss\u00e4 panssarivaunuissa oli teknisi\u00e4 ongelmia, kuten moottorien ylikuumeneminen ja ohjattavuusongelmat.<\/div>\n<div>L\u00e4hes 965 palaa, kaikki puusta, ilman pisaraakaan liimaa, ja voit rakentaa liikkuvan s\u00e4ili\u00f6n itse. Siin\u00e4 on py\u00f6riv\u00e4 torni, siirrett\u00e4v\u00e4t luukut ja py\u00f6riv\u00e4t py\u00f6r\u00e4t.<\/div>\n<div>T 34-85-s\u00e4ili\u00f6 testaa k\u00e4rsiv\u00e4llisyytt\u00e4si ja tarkkaavaisuuttasi. Se on \u00e4lyllinen haaste, joka tekee vain hyv\u00e4\u00e4 aivoille.<\/div>\n<div>Jos olet innostunut mekaniikasta ja tekniikasta tai sotahistoriasta, t\u00e4m\u00e4 malli on sinua varten.<\/div>\n<h3>Lahja historian yst\u00e4ville<\/h3>\n<div><strong>TUOTETIEDOT:<\/strong><\/div>\n<div>Mallin mitat: 330*128*95 mm<\/div>\n<div>Pakkauksen mitat: 245*188*50 mm<\/div>\n<div>Kappalem\u00e4\u00e4r\u00e4: 965<\/div>\n<\/div>\n<div><\/div>\n<\/div>\n<p><script type=\"application\/ld+json\" data-app=\"seomaster\">{\n    \"@context\": \"https:\\\/\\\/schema.org\\\/\",\n    \"@type\": \"Product\",\n    \"@id\": \"https:\\\/\\\/puzzle3d.co\\\/prodotto\\\/carro-armato-modello-meccanico-legno\\\/\",\n    \"url\": \"https:\\\/\\\/puzzle3d.co\\\/prodotto\\\/carro-armato-modello-meccanico-legno\\\/\",\n    \"name\": \"Carro Armato T-34-85 modello meccanico in legno del , 965 pezzi\",\n    \"image\": \"https:\\\/\\\/puzzle3d.co\\\/wp-content\\\/uploads\\\/2023\\\/01\\\/tank3.webp\",\n    \"description\": \"Modello Carro Armato Meccanico T-34-85 in legno - 965 pezzi\",\n    \"brand\": {\n        \"@type\": \"Brand\",\n        \"name\": \"Puzzle 3D\"\n    },\n    \"aggregateRating\": {\n        \"@type\": \"aggregateRating\",\n        \"bestRating\": \"5\",\n        \"worstRating\": \"1\",\n        \"ratingCount\": \"140\",\n        \"ratingValue\": \"4.8\"\n    }\n}<\/script><\/p>","protected":false},"excerpt":{"rendered":"<p>Jos olet innostunut mekaniikasta, tekniikasta tai sotahistoriasta, T-34-85 mekaaninen tankki 3D-palapeli on sinua varten. Siin\u00e4 on l\u00e4hes 300 palaa ja kaikki on tehty puusta, ilman pisaraakaan liimaa, joten voit rakentaa itse liikkuvan tankin.<\/p>","protected":false},"featured_media":810,"comment_status":"open","ping_status":"closed","template":"","meta":[],"product_brand":[],"product_cat":[73,88,74,89,90,91],"product_tag":[],"woo-feed-brand":[],"class_list":{"0":"post-806","1":"product","2":"type-product","3":"status-publish","4":"has-post-thumbnail","6":"product_cat-puzzle-3d","7":"product_cat-puzzle-3d-adulti","8":"product_cat-puzzle-3d-in-legno","9":"product_cat-puzzle-meccanici-3d-in-legno","10":"product_cat-puzzle-meccanici-per-bambini","11":"product_cat-puzzle-meccanici-per-adulti","13":"first","14":"instock","15":"shipping-taxable","16":"purchasable","17":"product-type-simple"},"_links":{"self":[{"href":"https:\/\/puzzle3d.co\/fi\/wp-json\/wp\/v2\/product\/806","targetHints":{"allow":["GET"]}}],"collection":[{"href":"https:\/\/puzzle3d.co\/fi\/wp-json\/wp\/v2\/product"}],"about":[{"href":"https:\/\/puzzle3d.co\/fi\/wp-json\/wp\/v2\/types\/product"}],"replies":[{"embeddable":true,"href":"https:\/\/puzzle3d.co\/fi\/wp-json\/wp\/v2\/comments?post=806"}],"wp:featuredmedia":[{"embeddable":true,"href":"https:\/\/puzzle3d.co\/fi\/wp-json\/wp\/v2\/media\/810"}],"wp:attachment":[{"href":"https:\/\/puzzle3d.co\/fi\/wp-json\/wp\/v2\/media?parent=806"}],"wp:term":[{"taxonomy":"product_brand","embeddable":true,"href":"https:\/\/puzzle3d.co\/fi\/wp-json\/wp\/v2\/product_brand?post=806"},{"taxonomy":"product_cat","embeddable":true,"href":"https:\/\/puzzle3d.co\/fi\/wp-json\/wp\/v2\/product_cat?post=806"},{"taxonomy":"product_tag","embeddable":true,"href":"https:\/\/puzzle3d.co\/fi\/wp-json\/wp\/v2\/product_tag?post=806"},{"taxonomy":"woo-feed-brand","embeddable":true,"href":"https:\/\/puzzle3d.co\/fi\/wp-json\/wp\/v2\/woo-feed-brand?post=806"}],"curies":[{"name":"wp","href":"https:\/\/api.w.org\/{rel}","templated":true}]}}