{"id":796,"date":"2023-01-24T12:45:30","date_gmt":"2023-01-24T12:45:30","guid":{"rendered":"https:\/\/puzzle3d.co\/product\/glob-lemn-puzzle-3d-mecanic-copy\/"},"modified":"2025-06-19T03:30:45","modified_gmt":"2025-06-19T03:30:45","slug":"leikkuupuimuri-maatalouden-3d-mekaaninen-puinen-palapeli","status":"publish","type":"product","link":"https:\/\/puzzle3d.co\/fi\/prodotto\/combina-agricola-puzzle-3d-meccanico-in-legno\/","title":{"rendered":"Combina Agricola - mekaaninen puupalapeli, 963 palaa"},"content":{"rendered":"<div>\n<p><strong>Maatalouskombinaatti - Mekaaninen puumalli - 963 kpl \/ kpl<\/strong><\/p>\n<\/div>\n<div>\n<div>\n<div>Puinen leikkuupuimuri-palapeli muistuttaa aitoa leikkuupuimuria. Sen tarkoituksena on toimia kuten sen todellinen vastine.<\/div>\n<div>Mallissa on moottori, jossa on kuminauha ja irrotettava leikkuulaite, joka liikkuu yl\u00f6s ja alas. Sit\u00e4 on todella kiehtovaa ihailla sek\u00e4 levossa ett\u00e4 liikkeess\u00e4.<\/div>\n<h2>Miesten arvostama lahja<\/h2>\n<div>Sen kokoaminen on ilo, mutta my\u00f6s haaste. Seuraa ohjeita, se ei ole niin monimutkaista kuin luulet.<\/div>\n<div>Rakentamisen aikana saat taatusti annoksen adrenaliinia, keskityt yksityiskohtiin mutta my\u00f6s miellytt\u00e4v\u00e4n rentoutumisen.<\/div>\n<div><\/div>\n<div>Vaikeustaso on 5 viidest\u00e4.<\/div>\n<div><\/div>\n<div><strong>Sopiva ik\u00e4 &gt; 14 vuotta<\/strong><\/div>\n<div><\/div>\n<div><strong>TUOTETIEDOT:<\/strong><\/div>\n<div>Mallin mitat: 315*261*145 mm<\/div>\n<div>Pakkauksen mitat: 375 x 183 x 32 mm<\/div>\n<div>Kappalem\u00e4\u00e4r\u00e4: 963<\/div>\n<\/div>\n<div><\/div>\n<\/div>","protected":false},"excerpt":{"rendered":"<p>Puinen leikkuupuimuri-palapeli muistuttaa aitoa leikkuupuimuria. Sen tarkoituksena on toimia kuten sen todellinen vastine. Mallissa on kuminauhamoottori ja irrotettava leikkuulaite, joka liikkuu yl\u00f6s ja alas.<\/p>","protected":false},"featured_media":798,"comment_status":"open","ping_status":"closed","template":"","meta":[],"product_brand":[],"product_cat":[108,73,88,74,89,90,91],"product_tag":[],"woo-feed-brand":[],"class_list":{"0":"post-796","1":"product","2":"type-product","3":"status-publish","4":"has-post-thumbnail","6":"product_cat-modellismo-da-costruire-per-adulti","7":"product_cat-puzzle-3d","8":"product_cat-puzzle-3d-adulti","9":"product_cat-puzzle-3d-in-legno","10":"product_cat-puzzle-meccanici-3d-in-legno","11":"product_cat-puzzle-meccanici-per-bambini","12":"product_cat-puzzle-meccanici-per-adulti","14":"first","15":"instock","16":"shipping-taxable","17":"purchasable","18":"product-type-simple"},"_links":{"self":[{"href":"https:\/\/puzzle3d.co\/fi\/wp-json\/wp\/v2\/product\/796","targetHints":{"allow":["GET"]}}],"collection":[{"href":"https:\/\/puzzle3d.co\/fi\/wp-json\/wp\/v2\/product"}],"about":[{"href":"https:\/\/puzzle3d.co\/fi\/wp-json\/wp\/v2\/types\/product"}],"replies":[{"embeddable":true,"href":"https:\/\/puzzle3d.co\/fi\/wp-json\/wp\/v2\/comments?post=796"}],"wp:featuredmedia":[{"embeddable":true,"href":"https:\/\/puzzle3d.co\/fi\/wp-json\/wp\/v2\/media\/798"}],"wp:attachment":[{"href":"https:\/\/puzzle3d.co\/fi\/wp-json\/wp\/v2\/media?parent=796"}],"wp:term":[{"taxonomy":"product_brand","embeddable":true,"href":"https:\/\/puzzle3d.co\/fi\/wp-json\/wp\/v2\/product_brand?post=796"},{"taxonomy":"product_cat","embeddable":true,"href":"https:\/\/puzzle3d.co\/fi\/wp-json\/wp\/v2\/product_cat?post=796"},{"taxonomy":"product_tag","embeddable":true,"href":"https:\/\/puzzle3d.co\/fi\/wp-json\/wp\/v2\/product_tag?post=796"},{"taxonomy":"woo-feed-brand","embeddable":true,"href":"https:\/\/puzzle3d.co\/fi\/wp-json\/wp\/v2\/woo-feed-brand?post=796"}],"curies":[{"name":"wp","href":"https:\/\/api.w.org\/{rel}","templated":true}]}}