{"id":787,"date":"2023-01-24T12:02:30","date_gmt":"2023-01-24T12:02:30","guid":{"rendered":"https:\/\/puzzle3d.co\/product\/belaz75600-puzzle-3d-mecanic-copy\/"},"modified":"2025-05-11T08:14:31","modified_gmt":"2025-05-11T08:14:31","slug":"3d-mekaaninen-puinen-maapallo-palapeli-393-palaa","status":"publish","type":"product","link":"https:\/\/puzzle3d.co\/fi\/prodotto\/globo-puzzle-3d-meccanico-legno-393-pezzi\/","title":{"rendered":"GLOBO 3D mekaaninen puupalapeli, 393 palaa"},"content":{"rendered":"<div>\n<p><strong>GLOBO 3D mekaaninen puupalapeli - 393 palaa<\/strong><\/p>\n<\/div>\n<div>\n<div>\n<div>Puinen maapallo on koristeellinen ja opettavainen esine, joka her\u00e4tt\u00e4\u00e4 kiinnostuksen oppia maailmasta.<\/div>\n<div>Olitpa sitten aikuinen tai lapsi, on mahdotonta olla kiehtomatta maapalloa, varsinkin jos sen kokoaa omin k\u00e4sin.<\/div>\n<div>Se on t\u00e4ydellinen haaste aivoille, mutta my\u00f6s mahdollisuus meditaatioon ja pohdintaan.<\/div>\n<div>Salainen laatikko on yht\u00e4 hy\u00f6dyllinen kuin kiehtova. Kello, sormus, avain, karkki: kuka arvaa, mit\u00e4 sinne on k\u00e4tketty?<\/div>\n<h2>Fiksu lahja kenelle tahansa<\/h2>\n<div>Kokoa h\u00e4net l\u00e4heisen yst\u00e4v\u00e4n kanssa puhuessasi jostain sielunaiheesta tai lapsen kanssa kertoessasi h\u00e4nelle, ett\u00e4 el\u00e4m\u00e4 on h\u00e4nen k\u00e4siss\u00e4\u00e4n. Rohkaise h\u00e4nt\u00e4, jotta h\u00e4n voi oikeiden p\u00e4\u00e4t\u00f6sten kautta syleill\u00e4 koko maapalloa.<\/div>\n<div><\/div>\n<div><strong>TUOTETIEDOT:<\/strong><\/div>\n<div>Mallin mitat: 505*320*320 mm<\/div>\n<div>Pakkauksen mitat: 374 x 242 x 64 mm<\/div>\n<div>Kappalem\u00e4\u00e4r\u00e4: 393<\/div>\n<\/div>\n<\/div>","protected":false},"excerpt":{"rendered":"<p>Puinen maapallo on koristeellinen ja opettavainen esine, joka her\u00e4tt\u00e4\u00e4 kiinnostuksen oppia maailmasta.<\/p>","protected":false},"featured_media":789,"comment_status":"open","ping_status":"closed","template":"","meta":[],"product_brand":[],"product_cat":[73,88,74,76,89,90,91],"product_tag":[],"woo-feed-brand":[],"class_list":{"0":"post-787","1":"product","2":"type-product","3":"status-publish","4":"has-post-thumbnail","6":"product_cat-puzzle-3d","7":"product_cat-puzzle-3d-adulti","8":"product_cat-puzzle-3d-in-legno","9":"product_cat-puzzle-3d-per-bambini","10":"product_cat-puzzle-meccanici-3d-in-legno","11":"product_cat-puzzle-meccanici-per-bambini","12":"product_cat-puzzle-meccanici-per-adulti","14":"first","15":"instock","16":"shipping-taxable","17":"purchasable","18":"product-type-simple"},"_links":{"self":[{"href":"https:\/\/puzzle3d.co\/fi\/wp-json\/wp\/v2\/product\/787","targetHints":{"allow":["GET"]}}],"collection":[{"href":"https:\/\/puzzle3d.co\/fi\/wp-json\/wp\/v2\/product"}],"about":[{"href":"https:\/\/puzzle3d.co\/fi\/wp-json\/wp\/v2\/types\/product"}],"replies":[{"embeddable":true,"href":"https:\/\/puzzle3d.co\/fi\/wp-json\/wp\/v2\/comments?post=787"}],"wp:featuredmedia":[{"embeddable":true,"href":"https:\/\/puzzle3d.co\/fi\/wp-json\/wp\/v2\/media\/789"}],"wp:attachment":[{"href":"https:\/\/puzzle3d.co\/fi\/wp-json\/wp\/v2\/media?parent=787"}],"wp:term":[{"taxonomy":"product_brand","embeddable":true,"href":"https:\/\/puzzle3d.co\/fi\/wp-json\/wp\/v2\/product_brand?post=787"},{"taxonomy":"product_cat","embeddable":true,"href":"https:\/\/puzzle3d.co\/fi\/wp-json\/wp\/v2\/product_cat?post=787"},{"taxonomy":"product_tag","embeddable":true,"href":"https:\/\/puzzle3d.co\/fi\/wp-json\/wp\/v2\/product_tag?post=787"},{"taxonomy":"woo-feed-brand","embeddable":true,"href":"https:\/\/puzzle3d.co\/fi\/wp-json\/wp\/v2\/woo-feed-brand?post=787"}],"curies":[{"name":"wp","href":"https:\/\/api.w.org\/{rel}","templated":true}]}}