{"id":775,"date":"2023-01-23T22:33:39","date_gmt":"2023-01-23T22:33:39","guid":{"rendered":"https:\/\/puzzle3d.co\/product\/belaz-puzzle-3d-mecanic-copy\/"},"modified":"2025-06-11T19:11:18","modified_gmt":"2025-06-11T19:11:18","slug":"jattilainen-belaz-kuorma-3d-mekaaninen-palapeli","status":"publish","type":"product","link":"https:\/\/puzzle3d.co\/fi\/prodotto\/camion-gigantesco-belaz-puzzle-meccanico-3d\/","title":{"rendered":"BELAZ Giant Truck 75600. Mekaaninen puumalli, 307 kpl"},"content":{"rendered":"<div>\n<div>\n<div><strong>BELAZ Giant Truck 75600 - 3D mekaaninen puinen palapeli - 307 palaa<\/strong><\/div>\n<div><\/div>\n<div>Yksi Belaz-sarjan erinomaisista malleista tulee h\u00e4mm\u00e4stytt\u00e4m\u00e4\u00e4n sinua rakenteellaan.<\/div>\n<div>Raskaan kuorman kuorma-autossa on kuminauhan vet\u00e4m\u00e4 moottori. Yhdell\u00e4<\/div>\n<div>liikkuminen, se voi liikkua useita metrej\u00e4 (tien pinnasta riippuen).<\/div>\n<div><\/div>\n<div>Yksityiskohtainen muotoilu sis\u00e4lt\u00e4\u00e4 kaikki sen tosiel\u00e4m\u00e4n vastineen elementit. Ovet ja konepelti avautuvat ja per\u00e4vaunu nousee yl\u00f6s.<\/div>\n<h2>Lahja kuorma-auton ja rakentamisen harrastajille<\/h2>\n<div>Se on malli, joka sopii kunnianhimoiselle henkil\u00f6lle tai palapelin harrastajalle, jolla on jo jonkin verran kokemusta mekaanisista palapeleist\u00e4.<\/div>\n<div>Pienell\u00e4 k\u00e4rsiv\u00e4llisyydell\u00e4 ja sinnikkyydell\u00e4 voit koota kuorma-auton, joka her\u00e4tt\u00e4\u00e4 vierailijoiden huomion ja ihailun.<\/div>\n<div><\/div>\n<\/div>\n<div style=\"width: 1020px;\" class=\"wp-video\"><video class=\"wp-video-shortcode\" id=\"video-775-1\" width=\"1020\" height=\"574\" preload=\"metadata\" controls=\"controls\"><source type=\"video\/mp4\" src=\"https:\/\/puzzle3d.co\/wp-content\/uploads\/2023\/01\/BELAZ-75600-IG.mp4?_=1\" \/><a href=\"https:\/\/puzzle3d.co\/wp-content\/uploads\/2023\/01\/BELAZ-75600-IG.mp4\">https:\/\/puzzle3d.co\/wp-content\/uploads\/2023\/01\/BELAZ-75600-IG.mp4<\/a><\/video><\/div>\n<div>\n<p><strong><span style=\"color: #333333;\">TUOTETIEDOT:<br \/>\n<\/span><\/strong><span style=\"color: #333333;\">Mallin mitat: 310*200*155 mm<br \/>\n<\/span><span style=\"color: #333333;\">Pakkauksen mitat: 374*243*40 mm<br \/>\n<\/span><span style=\"color: #333333;\">Kappalem\u00e4\u00e4r\u00e4: 307<\/span><\/p>\n<\/div>\n<\/div>\n<div>\n<div><\/div>\n<\/div>","protected":false},"excerpt":{"rendered":"<div>Raskaan kuorma-auton moottori toimii kuminauhalla. Yksityiskohtainen muotoilu sis\u00e4lt\u00e4\u00e4 kaikki sen todellisen vastineen elementit. Ovet ja konepelti avautuvat ja per\u00e4vaunu nousee yl\u00f6s.<\/div>\n<p>&nbsp;<\/p>","protected":false},"featured_media":785,"comment_status":"open","ping_status":"closed","template":"","meta":[],"product_brand":[],"product_cat":[73,88,76,89,90,91],"product_tag":[],"woo-feed-brand":[],"class_list":{"0":"post-775","1":"product","2":"type-product","3":"status-publish","4":"has-post-thumbnail","6":"product_cat-puzzle-3d","7":"product_cat-puzzle-3d-adulti","8":"product_cat-puzzle-3d-per-bambini","9":"product_cat-puzzle-meccanici-3d-in-legno","10":"product_cat-puzzle-meccanici-per-bambini","11":"product_cat-puzzle-meccanici-per-adulti","13":"first","14":"instock","15":"shipping-taxable","16":"purchasable","17":"product-type-simple"},"_links":{"self":[{"href":"https:\/\/puzzle3d.co\/fi\/wp-json\/wp\/v2\/product\/775","targetHints":{"allow":["GET"]}}],"collection":[{"href":"https:\/\/puzzle3d.co\/fi\/wp-json\/wp\/v2\/product"}],"about":[{"href":"https:\/\/puzzle3d.co\/fi\/wp-json\/wp\/v2\/types\/product"}],"replies":[{"embeddable":true,"href":"https:\/\/puzzle3d.co\/fi\/wp-json\/wp\/v2\/comments?post=775"}],"wp:featuredmedia":[{"embeddable":true,"href":"https:\/\/puzzle3d.co\/fi\/wp-json\/wp\/v2\/media\/785"}],"wp:attachment":[{"href":"https:\/\/puzzle3d.co\/fi\/wp-json\/wp\/v2\/media?parent=775"}],"wp:term":[{"taxonomy":"product_brand","embeddable":true,"href":"https:\/\/puzzle3d.co\/fi\/wp-json\/wp\/v2\/product_brand?post=775"},{"taxonomy":"product_cat","embeddable":true,"href":"https:\/\/puzzle3d.co\/fi\/wp-json\/wp\/v2\/product_cat?post=775"},{"taxonomy":"product_tag","embeddable":true,"href":"https:\/\/puzzle3d.co\/fi\/wp-json\/wp\/v2\/product_tag?post=775"},{"taxonomy":"woo-feed-brand","embeddable":true,"href":"https:\/\/puzzle3d.co\/fi\/wp-json\/wp\/v2\/woo-feed-brand?post=775"}],"curies":[{"name":"wp","href":"https:\/\/api.w.org\/{rel}","templated":true}]}}