{"id":766,"date":"2023-01-23T21:53:35","date_gmt":"2023-01-23T21:53:35","guid":{"rendered":"https:\/\/puzzle3d.co\/product\/belaz-puzzle-3d-mecanic-copy\/"},"modified":"2025-06-11T19:11:26","modified_gmt":"2025-06-11T19:11:26","slug":"lumiauto-3d-mekaaninen-puinen-palapeli","status":"publish","type":"product","link":"https:\/\/puzzle3d.co\/fi\/prodotto\/camion-della-neve-puzzle-meccanico-3d-in-legno\/","title":{"rendered":"Lumiauto - mekaaninen puupalapeli, 460 palaa"},"content":{"rendered":"<div>\n<p><strong>Lumiauto - mekaaninen puupalapeli - 460 palaa<\/strong><\/p>\n<div>On vaikea sanoa, mist\u00e4 pid\u00e4t eniten lumenaura-autossa: sen kokoamisesta, k\u00e4ytt\u00f6\u00f6notosta vai vain sen ihailusta, kuinka upea se on.<\/div>\n<\/div>\n<div>\n<div>\n<div>T\u00e4ss\u00e4 kuorma-autossa on 417 puista palapelin palaa, ja koko perhe voi koota sen yhdess\u00e4.<\/div>\n<div><\/div>\n<div>K\u00e4ynnistysmekanismi johtuu kuminauhan p\u00e4\u00e4ll\u00e4 olevasta moottorista, ovet avautuvat ja sulkeutuvat, sisustus n\u00e4ytt\u00e4\u00e4 hyv\u00e4lt\u00e4 ja takaporras nousee. Etu- ja sivul\u00e4p\u00e4t voidaan nostaa tai jopa poistaa.<\/div>\n<div><\/div>\n<div>Se on esine, joka parantaa sisustustasi sek\u00e4 joulun aikaan ett\u00e4 ymp\u00e4ri vuoden.<\/div>\n<div>Anna mielikuvituksesi m\u00e4\u00e4r\u00e4t\u00e4, mit\u00e4 teet sill\u00e4 tai miten se sopii lapsen leikkitilanteeseen.<\/div>\n<div><\/div>\n<div><strong>TUOTETIEDOT:<\/strong><\/div>\n<div>Mallin mitat: 400*148*141 mm<\/div>\n<div>Pakkauksen mitat: 374*242*20 mm<\/div>\n<div>Kappalem\u00e4\u00e4r\u00e4: 460<\/div>\n<\/div>\n<div><\/div>\n<\/div>","protected":false},"excerpt":{"rendered":"<div>T\u00e4ss\u00e4 kuorma-autossa on 417 puista palapelin palaa, ja koko perhe voi koota sen yhdess\u00e4.<\/div>\n<div><\/div>\n<div>K\u00e4ynnistysmekanismi johtuu kuminauhan p\u00e4\u00e4ll\u00e4 olevasta moottorista, ovet avautuvat ja sulkeutuvat, sisustus n\u00e4ytt\u00e4\u00e4 hyv\u00e4lt\u00e4 ja takaporras nousee. Etu- ja sivul\u00e4p\u00e4t voidaan nostaa tai jopa poistaa.<\/div>","protected":false},"featured_media":771,"comment_status":"open","ping_status":"closed","template":"","meta":{"slim_seo":{"title":"Lumiauto - 3D mekaaninen puinen palapeli","description":"On vaikea sanoa, mist\u00e4 pid\u00e4t eniten lumenaura-autossa: sen kokoamisesta, k\u00e4ytt\u00f6\u00f6notosta vai vain sen ihailusta, kuinka upea se on."}},"product_brand":[],"product_cat":[108,89,91,90,73,88,74,76],"product_tag":[],"woo-feed-brand":[],"class_list":{"0":"post-766","1":"product","2":"type-product","3":"status-publish","4":"has-post-thumbnail","6":"product_cat-modellismo-da-costruire-per-adulti","7":"product_cat-puzzle-meccanici-3d-in-legno","8":"product_cat-puzzle-meccanici-per-adulti","9":"product_cat-puzzle-meccanici-per-bambini","10":"product_cat-puzzle-3d","11":"product_cat-puzzle-3d-adulti","12":"product_cat-puzzle-3d-in-legno","13":"product_cat-puzzle-3d-per-bambini","15":"first","16":"instock","17":"shipping-taxable","18":"purchasable","19":"product-type-simple"},"_links":{"self":[{"href":"https:\/\/puzzle3d.co\/fi\/wp-json\/wp\/v2\/product\/766","targetHints":{"allow":["GET"]}}],"collection":[{"href":"https:\/\/puzzle3d.co\/fi\/wp-json\/wp\/v2\/product"}],"about":[{"href":"https:\/\/puzzle3d.co\/fi\/wp-json\/wp\/v2\/types\/product"}],"replies":[{"embeddable":true,"href":"https:\/\/puzzle3d.co\/fi\/wp-json\/wp\/v2\/comments?post=766"}],"wp:featuredmedia":[{"embeddable":true,"href":"https:\/\/puzzle3d.co\/fi\/wp-json\/wp\/v2\/media\/771"}],"wp:attachment":[{"href":"https:\/\/puzzle3d.co\/fi\/wp-json\/wp\/v2\/media?parent=766"}],"wp:term":[{"taxonomy":"product_brand","embeddable":true,"href":"https:\/\/puzzle3d.co\/fi\/wp-json\/wp\/v2\/product_brand?post=766"},{"taxonomy":"product_cat","embeddable":true,"href":"https:\/\/puzzle3d.co\/fi\/wp-json\/wp\/v2\/product_cat?post=766"},{"taxonomy":"product_tag","embeddable":true,"href":"https:\/\/puzzle3d.co\/fi\/wp-json\/wp\/v2\/product_tag?post=766"},{"taxonomy":"woo-feed-brand","embeddable":true,"href":"https:\/\/puzzle3d.co\/fi\/wp-json\/wp\/v2\/woo-feed-brand?post=766"}],"curies":[{"name":"wp","href":"https:\/\/api.w.org\/{rel}","templated":true}]}}