{"id":755,"date":"2023-01-23T21:00:33","date_gmt":"2023-01-23T21:00:33","guid":{"rendered":"https:\/\/puzzle3d.co\/product\/spider-puzzle-3d-mecanic-copy\/"},"modified":"2025-06-19T18:24:56","modified_gmt":"2025-06-19T18:24:56","slug":"3d-mekaaninen-puinen-palapeli-kuorma-auto","status":"publish","type":"product","link":"https:\/\/puzzle3d.co\/fi\/prodotto\/camion-puzzle-3d-meccanico-legno\/","title":{"rendered":"BELAZ kuorma-auto 75710 3D mekaaninen puinen palapeli, 453 palaa"},"content":{"rendered":"<div>\n<p><strong>Maailman suurin kuorma-auto Belaz 75710 - mekaaninen 3D-malli<\/strong><\/p>\n<div>Edess\u00e4si on maailman suurin rekka! Nyt voit rakentaa palapelist\u00e4 ikioman Belazin. Adrenaliini- ja dopamiiniannoksesi on taattu.<\/div>\n<\/div>\n<div>\n<div>\n<div><\/div>\n<div><em>Mit\u00e4 Belazin mekaaninen arvoitus oikeastaan tarkoittaa?<\/em><\/div>\n<div><\/div>\n<div>Se osoittaa, ett\u00e4 voit ottaa haasteen vastaan ja koota suurimman koskaan valmistetun dumpperin.<\/div>\n<div>K\u00e4rsiv\u00e4llisyytesi ja keskittymisesi palkitaan tyytyv\u00e4isyydell\u00e4, jonka saat, kun k\u00e4ynnist\u00e4t mekanismin. Kuorma-auto liikkuu liukuhihnan ansiosta, ovet ja konepelti avautuvat ja per\u00e4vaunu nousee.<\/div>\n<div><\/div>\n<div>Se on malli, joka kiehtoo sek\u00e4 lapsia ett\u00e4 aikuisia. Pienell\u00e4 mielikuvituksella voit jopa muokata sit\u00e4 maalaamalla sen.<\/div>\n<div>Belazista tulee lasten suosikkiauto, ja se voidaan ottaa mukaan erilaisiin peleihin, se riippuu vain mielikuvituksesta.<\/div>\n<h2>Lahja kuorma-auton ja rakentamisen harrastajille<\/h2>\n<div>Aikuiset voivat k\u00e4ytt\u00e4\u00e4 sit\u00e4 koriste-esineen\u00e4 kotona tai toimistossa.<\/div>\n<div>T\u00e4m\u00e4 j\u00e4ttil\u00e4inen on itse asiassa suunnilleen kolmikerroksisen kerrostalon kokoinen. Siin\u00e4 on 8 py\u00f6r\u00e4\u00e4, ja jokaisen renkaan halkaisija on noin 4 metri\u00e4.<\/div>\n<div>Et tapaa h\u00e4nt\u00e4 kaupungilla. Kun h\u00e4net on viet\u00e4v\u00e4 paikkaan, jossa h\u00e4n ty\u00f6skentelee, h\u00e4net puretaan ja kuljetetaan 25 vaunussa.<\/div>\n<div>Sen per\u00e4vaunuun mahtuu tasan 400 Dacia Logan -autoa tai maailman suurin matkustajalentokone Airbus A380.<\/div>\n<div><\/div>\n<div><strong>TUOTETIEDOT:<\/strong><\/div>\n<div>Mallin mitat: 435*210*175 mm<\/div>\n<div>Pakkauksen mitat: 375 x 243 x 62 mm<\/div>\n<div>Kappalem\u00e4\u00e4r\u00e4: 453<\/div>\n<\/div>\n<div><\/div>\n<\/div>","protected":false},"excerpt":{"rendered":"<p>Edess\u00e4si on maailman suurin rekka! Nyt voit rakentaa palapelist\u00e4 ikioman Belazin. Rekka liikkuu liukuhihnan ansiosta, ovet ja konepelti aukeavat ja per\u00e4vaunu nousee.<\/p>","protected":false},"featured_media":759,"comment_status":"open","ping_status":"closed","template":"","meta":{"slim_seo":{"title":"\ud83d\ude9a BELAZ kuorma-auto 3D mekaaninen puinen palapeli, 453 palaa","description":"Maailman suurin rekka - Edess\u00e4si on maailman suurin rekka! Nyt voit rakentaa palapelist\u00e4 ikioman Belazin."}},"product_brand":[],"product_cat":[89,91,90,73,88,74,76],"product_tag":[],"woo-feed-brand":[],"class_list":{"0":"post-755","1":"product","2":"type-product","3":"status-publish","4":"has-post-thumbnail","6":"product_cat-puzzle-meccanici-3d-in-legno","7":"product_cat-puzzle-meccanici-per-adulti","8":"product_cat-puzzle-meccanici-per-bambini","9":"product_cat-puzzle-3d","10":"product_cat-puzzle-3d-adulti","11":"product_cat-puzzle-3d-in-legno","12":"product_cat-puzzle-3d-per-bambini","14":"first","15":"instock","16":"shipping-taxable","17":"purchasable","18":"product-type-simple"},"_links":{"self":[{"href":"https:\/\/puzzle3d.co\/fi\/wp-json\/wp\/v2\/product\/755","targetHints":{"allow":["GET"]}}],"collection":[{"href":"https:\/\/puzzle3d.co\/fi\/wp-json\/wp\/v2\/product"}],"about":[{"href":"https:\/\/puzzle3d.co\/fi\/wp-json\/wp\/v2\/types\/product"}],"replies":[{"embeddable":true,"href":"https:\/\/puzzle3d.co\/fi\/wp-json\/wp\/v2\/comments?post=755"}],"wp:featuredmedia":[{"embeddable":true,"href":"https:\/\/puzzle3d.co\/fi\/wp-json\/wp\/v2\/media\/759"}],"wp:attachment":[{"href":"https:\/\/puzzle3d.co\/fi\/wp-json\/wp\/v2\/media?parent=755"}],"wp:term":[{"taxonomy":"product_brand","embeddable":true,"href":"https:\/\/puzzle3d.co\/fi\/wp-json\/wp\/v2\/product_brand?post=755"},{"taxonomy":"product_cat","embeddable":true,"href":"https:\/\/puzzle3d.co\/fi\/wp-json\/wp\/v2\/product_cat?post=755"},{"taxonomy":"product_tag","embeddable":true,"href":"https:\/\/puzzle3d.co\/fi\/wp-json\/wp\/v2\/product_tag?post=755"},{"taxonomy":"woo-feed-brand","embeddable":true,"href":"https:\/\/puzzle3d.co\/fi\/wp-json\/wp\/v2\/woo-feed-brand?post=755"}],"curies":[{"name":"wp","href":"https:\/\/api.w.org\/{rel}","templated":true}]}}