{"id":731,"date":"2023-01-23T17:25:32","date_gmt":"2023-01-23T17:25:32","guid":{"rendered":"https:\/\/puzzle3d.co\/product\/autospeciala-de-pompieri-copy\/"},"modified":"2025-06-19T18:25:58","modified_gmt":"2025-06-19T18:25:58","slug":"3d-mekaaninen-koiranpentu-palapeli-246-palaa","status":"publish","type":"product","link":"https:\/\/puzzle3d.co\/fi\/prodotto\/cucciolo-puzzle-3d-meccanico-246-pezzi\/","title":{"rendered":"PUPPY puppy - mekaaninen puupalapeli, 246 palaa"},"content":{"rendered":"<div><strong>PUPPY\" koiranpentu - 3D mekaaninen puinen palapeli\/malli koottavaksi - 246 palaa<\/strong><\/div>\n<div><\/div>\n<div>T\u00e4m\u00e4 on Puppyn, uskollisen yst\u00e4v\u00e4si, mekaaninen puinen 3D-moello. Seikkailu, jonka kautta kokoat sen 246 palasta, on unohtumaton.<\/div>\n<div>Seuraa ohjeita ja kokoa korvat, tassut ja h\u00e4nt\u00e4 vuorotellen. Suunnittelijat ovat miettineet hyvin tarkkaan, miten se rakennetaan niin, ett\u00e4 kaikki nivelet ja liikkeet muistuttavat oikean koiran niveli\u00e4 ja liikkeit\u00e4.<\/div>\n<div><\/div>\n<div>Voit maalata sen tai j\u00e4tt\u00e4\u00e4 sen puun v\u00e4riseksi, voit kutsua sit\u00e4 Puppyksi tai antaa sille jonkin muun nimen. Voit vapaasti huolehtia siit\u00e4 ja rakastaa sit\u00e4 kuin oikeaa lemmikki\u00e4.<\/div>\n<div><\/div>\n<h2>Lahja el\u00e4inten yst\u00e4ville<\/h2>\n<div>On ilo koota palapeli\u00e4, josta tulee niin s\u00f6p\u00f6 koiranpentu. Kun siis haluat antaa lahjan lapselle tai aikuiselle, joka rakastaa koiria, tied\u00e4t jo, mik\u00e4 sopisi.<\/div>\n<div><\/div>\n<div><strong>TUOTETIEDOT:<\/strong><\/div>\n<div>Mallin mitat: 285*175*95 mm<\/div>\n<div>Pakkauksen mitat: 245*188*30 mm<\/div>\n<div>Kappalem\u00e4\u00e4r\u00e4: 246<\/div>","protected":false},"excerpt":{"rendered":"<p>T\u00e4m\u00e4 on Puppy, luotettava yst\u00e4v\u00e4si. Suunnittelijat ovat miettineet hyvin tarkkaan, miten se rakennetaan niin, ett\u00e4 kaikki nivelet ja liikkeet muistuttavat oikean koiran niveli\u00e4 ja liikkeit\u00e4.<\/p>","protected":false},"featured_media":737,"comment_status":"open","ping_status":"closed","template":"","meta":[],"product_brand":[],"product_cat":[73,88,74,76,89,90,91],"product_tag":[],"woo-feed-brand":[],"class_list":{"0":"post-731","1":"product","2":"type-product","3":"status-publish","4":"has-post-thumbnail","6":"product_cat-puzzle-3d","7":"product_cat-puzzle-3d-adulti","8":"product_cat-puzzle-3d-in-legno","9":"product_cat-puzzle-3d-per-bambini","10":"product_cat-puzzle-meccanici-3d-in-legno","11":"product_cat-puzzle-meccanici-per-bambini","12":"product_cat-puzzle-meccanici-per-adulti","14":"first","15":"instock","16":"shipping-taxable","17":"purchasable","18":"product-type-simple"},"_links":{"self":[{"href":"https:\/\/puzzle3d.co\/fi\/wp-json\/wp\/v2\/product\/731","targetHints":{"allow":["GET"]}}],"collection":[{"href":"https:\/\/puzzle3d.co\/fi\/wp-json\/wp\/v2\/product"}],"about":[{"href":"https:\/\/puzzle3d.co\/fi\/wp-json\/wp\/v2\/types\/product"}],"replies":[{"embeddable":true,"href":"https:\/\/puzzle3d.co\/fi\/wp-json\/wp\/v2\/comments?post=731"}],"wp:featuredmedia":[{"embeddable":true,"href":"https:\/\/puzzle3d.co\/fi\/wp-json\/wp\/v2\/media\/737"}],"wp:attachment":[{"href":"https:\/\/puzzle3d.co\/fi\/wp-json\/wp\/v2\/media?parent=731"}],"wp:term":[{"taxonomy":"product_brand","embeddable":true,"href":"https:\/\/puzzle3d.co\/fi\/wp-json\/wp\/v2\/product_brand?post=731"},{"taxonomy":"product_cat","embeddable":true,"href":"https:\/\/puzzle3d.co\/fi\/wp-json\/wp\/v2\/product_cat?post=731"},{"taxonomy":"product_tag","embeddable":true,"href":"https:\/\/puzzle3d.co\/fi\/wp-json\/wp\/v2\/product_tag?post=731"},{"taxonomy":"woo-feed-brand","embeddable":true,"href":"https:\/\/puzzle3d.co\/fi\/wp-json\/wp\/v2\/woo-feed-brand?post=731"}],"curies":[{"name":"wp","href":"https:\/\/api.w.org\/{rel}","templated":true}]}}