{"id":694,"date":"2023-01-23T14:19:26","date_gmt":"2023-01-23T14:19:26","guid":{"rendered":"https:\/\/puzzle3d.co\/product\/black-cat-copy\/"},"modified":"2025-06-11T19:12:00","modified_gmt":"2025-06-11T19:12:00","slug":"3d-mekaaninen-puinen-kilpikonna-palapeli","status":"publish","type":"product","link":"https:\/\/puzzle3d.co\/fi\/prodotto\/tartaruga-puzzle-meccanico-3d-in-legno\/","title":{"rendered":"Kilpikonna - 3D mekaaninen puupalapeli, 269 palaa"},"content":{"rendered":"<div>\n<p><em><strong>Kilpikonna - 3D mekaaninen puupalapeli, 269 palaa<\/strong><\/em><\/p>\n<\/div>\n<div>\n<div>\n<div>Mit\u00e4 tied\u00e4t kilpikonnasta?<\/div>\n<div><\/div>\n<div>Se on yksi vanhimmista ja alkeellisimmista matelijoista, joka kest\u00e4\u00e4 kaikenlaista ilmastoa. Sit\u00e4 ei tavata ainoastaan Etel\u00e4mantereella. Viime aikoina monet ihmiset ovat pit\u00e4neet siit\u00e4 niin paljon, ett\u00e4 ovat ottaneet sen lemmikikseen.<\/div>\n<div><\/div>\n<div>Kokoontumisen aikana koet rauhan ja hiljaisuuden tilan, joka sopii akkujen lataamiseen.<\/div>\n<div><\/div>\n<div>K\u00e4ynnist\u00e4 lopuksi mekanismi, ja sammakko liikkuu, k\u00e4\u00e4nt\u00e4\u00e4 p\u00e4\u00e4t\u00e4\u00e4n vasemmalle ja oikealle ja katsoo sinua hell\u00e4sti.<\/div>\n<div>Se on niin kaunis, ett\u00e4 sinun on vaikea p\u00e4\u00e4tt\u00e4\u00e4, j\u00e4t\u00e4tk\u00f6 sen puun s\u00e4vyyn vai maalaatko sen.<\/div>\n<h2>Lahja el\u00e4inten yst\u00e4ville<\/h2>\n<div><strong>TUOTETIEDOT:<\/strong><\/div>\n<div>Mallin mitat: 223*165*116 mm<\/div>\n<div>Pakkauskoko: 245*188*30<\/div>\n<div>Kappalem\u00e4\u00e4r\u00e4: 269<\/div>\n<\/div>\n<\/div>","protected":false},"excerpt":{"rendered":"<div>\n<div>Turtle - 3D mekaaninen palapeli<\/div>\n<div><\/div>\n<div>Helppo koota ja hauska leikki\u00e4! K\u00e4ynnist\u00e4 mekanismi, niin sammakko liikkuu, k\u00e4\u00e4nt\u00e4\u00e4 p\u00e4\u00e4t\u00e4\u00e4n vasemmalle ja oikealle ja katsoo sinua hell\u00e4sti.<\/div>\n<\/div>\n<p>&nbsp;<\/p>","protected":false},"featured_media":687,"comment_status":"open","ping_status":"closed","template":"","meta":{"slim_seo":{"title":"\ud83d\udc22 Kilpikonna - 3D mekaaninen puupalapeli, 269 palaa","description":"Turtle - 3D mekaaninen puinen palapeli. K\u00e4\u00e4nn\u00e4 mekanismi p\u00e4\u00e4lle, niin sammakko liikkuu, k\u00e4\u00e4nt\u00e4\u00e4 p\u00e4\u00e4t\u00e4\u00e4n vasemmalle ja oikealle ja katsoo sinua hell\u00e4sti."}},"product_brand":[],"product_cat":[89,91,90,73,76],"product_tag":[],"woo-feed-brand":[],"class_list":{"0":"post-694","1":"product","2":"type-product","3":"status-publish","4":"has-post-thumbnail","6":"product_cat-puzzle-meccanici-3d-in-legno","7":"product_cat-puzzle-meccanici-per-adulti","8":"product_cat-puzzle-meccanici-per-bambini","9":"product_cat-puzzle-3d","10":"product_cat-puzzle-3d-per-bambini","12":"first","13":"instock","14":"shipping-taxable","15":"purchasable","16":"product-type-simple"},"_links":{"self":[{"href":"https:\/\/puzzle3d.co\/fi\/wp-json\/wp\/v2\/product\/694","targetHints":{"allow":["GET"]}}],"collection":[{"href":"https:\/\/puzzle3d.co\/fi\/wp-json\/wp\/v2\/product"}],"about":[{"href":"https:\/\/puzzle3d.co\/fi\/wp-json\/wp\/v2\/types\/product"}],"replies":[{"embeddable":true,"href":"https:\/\/puzzle3d.co\/fi\/wp-json\/wp\/v2\/comments?post=694"}],"wp:featuredmedia":[{"embeddable":true,"href":"https:\/\/puzzle3d.co\/fi\/wp-json\/wp\/v2\/media\/687"}],"wp:attachment":[{"href":"https:\/\/puzzle3d.co\/fi\/wp-json\/wp\/v2\/media?parent=694"}],"wp:term":[{"taxonomy":"product_brand","embeddable":true,"href":"https:\/\/puzzle3d.co\/fi\/wp-json\/wp\/v2\/product_brand?post=694"},{"taxonomy":"product_cat","embeddable":true,"href":"https:\/\/puzzle3d.co\/fi\/wp-json\/wp\/v2\/product_cat?post=694"},{"taxonomy":"product_tag","embeddable":true,"href":"https:\/\/puzzle3d.co\/fi\/wp-json\/wp\/v2\/product_tag?post=694"},{"taxonomy":"woo-feed-brand","embeddable":true,"href":"https:\/\/puzzle3d.co\/fi\/wp-json\/wp\/v2\/woo-feed-brand?post=694"}],"curies":[{"name":"wp","href":"https:\/\/api.w.org\/{rel}","templated":true}]}}