{"id":588,"date":"2023-01-18T23:04:09","date_gmt":"2023-01-18T23:04:09","guid":{"rendered":"https:\/\/puzzle3d.co\/?post_type=product&#038;p=588"},"modified":"2025-05-11T08:12:38","modified_gmt":"2025-05-11T08:12:38","slug":"lentokone-3d-mekaaninen-puinen-palapeli","status":"publish","type":"product","link":"https:\/\/puzzle3d.co\/fi\/prodotto\/aereo-puzzle-meccanico-3d-in-legno\/","title":{"rendered":"AIRCRAFT - 3D mekaaninen puinen palapeli - 346 palaa"},"content":{"rendered":"<div><strong>AIRCRAFT - 3D mekaaninen puinen palapeli, 346 palaa<\/strong><\/div>\n<div><\/div>\n<div>Kaikki ilmailun, teknologian, nopeuden ja robotiikan yst\u00e4v\u00e4t ovat samaa mielt\u00e4 v\u00e4itteen kanssa: \"T\u00e4m\u00e4 lentokone on todella hieno!\"<\/div>\n<div><\/div>\n<div>Oletko pakannut laukkusi? Pakkaa mukaan hyv\u00e4 m\u00e4\u00e4r\u00e4 kahvipapuja, sill\u00e4 matka on pitk\u00e4. Aloitamme laivalla 346 palapelin palasta, ja kaikki palat on tehty puusta. Jos otat mukanasi liimatuubin, saat sakkoja. Mutta et my\u00f6sk\u00e4\u00e4n tarvitse sit\u00e4. T\u00e4m\u00e4 johtuu siit\u00e4, ett\u00e4 kaikki osat ovat niin t\u00e4ydellisi\u00e4, ett\u00e4 ne sopivat t\u00e4ydellisesti yhteen ja ovat vakaita. Nautit kyydist\u00e4 kuminauhamoottorin ansiosta.<\/div>\n<div><\/div>\n<div>Kenet kutsut mukaan? Ei ole ik\u00e4ryhm\u00e4\u00e4 tai sukupuolta, joka ei voisi olla rakentamatta mekaanista palapelikonetta. Se tuottaa niin paljon adrenaliinia, ett\u00e4 istut alas ja mietit, kumpi on parempi: se, ett\u00e4 edess\u00e4si on satoja osia ja ty\u00f6tunteja, vai liikkeess\u00e4 oleva kone ja sen takana oleva ainutlaatuinen kokemus.<\/div>\n<div><\/div>\n<div>Mietit varmaan, kuinka monta ty\u00f6tuntia 346 osan kokoaminen vaatii. Mielenkiintoisin asia on se, ett\u00e4 kukaan ei tied\u00e4 sit\u00e4. Se riippuu monista tekij\u00f6ist\u00e4: siit\u00e4, kuinka monta ty\u00f6paria sinulla on mukanasi, sinun ja heid\u00e4n kokemuksestaan palapeleist\u00e4 ja erityisesti mekaniikasta, siit\u00e4, kuinka usein pid\u00e4t taukoja ja kuinka kauan se kest\u00e4\u00e4. Mutta yhden asian tied\u00e4mme: \u00e4l\u00e4 kiirehdi mahdollisimman nopeasti. 'Venyttele' iloa, koska p\u00e4\u00e4set viel\u00e4 siihen hetkeen, kun k\u00e4ynnist\u00e4t moottorin.<\/div>\n<div><\/div>\n<div>Muokkauksen aikana huomaat, kuinka hyv\u00e4lt\u00e4 tuntuu keskitty\u00e4, etsi\u00e4 palaa, jota et tunne en\u00e4\u00e4 l\u00f6yt\u00e4v\u00e4si, niin paljon, ett\u00e4 sinulla on se aivan k\u00e4dess\u00e4si. Muutama tunti keskittymist\u00e4 saa aivosi ty\u00f6skentelem\u00e4\u00e4n molemmilla aivopuoliskoilla yht\u00e4 aikaa. Nautit rentoutumisen tunteesta, ja se on hyv\u00e4 tilaisuus meditaatioon.<\/div>\n<div><\/div>\n<div>Mekaaninen lentokone on ilo kaikille palapelien harrastajille, mutta my\u00f6s niille, jotka ovat laiminly\u00f6neet t\u00e4m\u00e4n harrastuksen, jolla on niin monia etuja. Voit ilahduttaa lasta, aikuista ja jopa vanhaa miest\u00e4, joka on innokas kutsumaan lapsenlapsiaan ennen palasten purkamista. Se ei sovi vain nuoremmille lapsille, vaan 4-vuotiaasta l\u00e4htien heist\u00e4kin voi tulla luotettavia kumppaneita lentokoneen kokoamisessa.<\/div>\n<div><\/div>\n<div>Ja t\u00e4st\u00e4 eteenp\u00e4in kokeneella lent\u00e4j\u00e4ll\u00e4 ei ole en\u00e4\u00e4 paljon tekemist\u00e4...<\/div>\n<div><\/div>\n<div><strong>TUOTETIEDOT:<\/strong><\/div>\n<div>Mallin mitat: 420*287*154 mm<\/div>\n<div>Pakkauksen mitat: 245*188*38 mm<\/div>\n<div>Kappalem\u00e4\u00e4r\u00e4: 346<\/div>\n<div>Kokoaminen ilman liimaa.<\/div>","protected":false},"excerpt":{"rendered":"<p>Oletko valmis lent\u00e4m\u00e4\u00e4n?<br \/>\nMekaaninen lentokone on ilo kaikille lent\u00e4misen, lentokoneiden ja ennen kaikkea palapelien yst\u00e4ville. Haluatko oman lentokoneen? Tied\u00e4, ett\u00e4 se on yksinkertaisempaa kuin kuvittelitkaan.<br \/>\nPeliss\u00e4 on 346 palapelin palaa, ja se osoittaa, ett\u00e4 sinnikkyydell\u00e4 ja k\u00e4rsiv\u00e4llisyydell\u00e4 voit saavuttaa korkeuksia. Sen tekeminen on todellinen aivohaaste, joka syntetisoi dopamiinia ja saa sinut nauttimaan sek\u00e4 prosessista ett\u00e4 lopputuotteesta.<\/p>","protected":false},"featured_media":592,"comment_status":"open","ping_status":"closed","template":"","meta":[],"product_brand":[],"product_cat":[73,88,74,76,89,91],"product_tag":[],"woo-feed-brand":[],"class_list":{"0":"post-588","1":"product","2":"type-product","3":"status-publish","4":"has-post-thumbnail","6":"product_cat-puzzle-3d","7":"product_cat-puzzle-3d-adulti","8":"product_cat-puzzle-3d-in-legno","9":"product_cat-puzzle-3d-per-bambini","10":"product_cat-puzzle-meccanici-3d-in-legno","11":"product_cat-puzzle-meccanici-per-adulti","13":"first","14":"instock","15":"shipping-taxable","16":"purchasable","17":"product-type-simple"},"_links":{"self":[{"href":"https:\/\/puzzle3d.co\/fi\/wp-json\/wp\/v2\/product\/588","targetHints":{"allow":["GET"]}}],"collection":[{"href":"https:\/\/puzzle3d.co\/fi\/wp-json\/wp\/v2\/product"}],"about":[{"href":"https:\/\/puzzle3d.co\/fi\/wp-json\/wp\/v2\/types\/product"}],"replies":[{"embeddable":true,"href":"https:\/\/puzzle3d.co\/fi\/wp-json\/wp\/v2\/comments?post=588"}],"wp:featuredmedia":[{"embeddable":true,"href":"https:\/\/puzzle3d.co\/fi\/wp-json\/wp\/v2\/media\/592"}],"wp:attachment":[{"href":"https:\/\/puzzle3d.co\/fi\/wp-json\/wp\/v2\/media?parent=588"}],"wp:term":[{"taxonomy":"product_brand","embeddable":true,"href":"https:\/\/puzzle3d.co\/fi\/wp-json\/wp\/v2\/product_brand?post=588"},{"taxonomy":"product_cat","embeddable":true,"href":"https:\/\/puzzle3d.co\/fi\/wp-json\/wp\/v2\/product_cat?post=588"},{"taxonomy":"product_tag","embeddable":true,"href":"https:\/\/puzzle3d.co\/fi\/wp-json\/wp\/v2\/product_tag?post=588"},{"taxonomy":"woo-feed-brand","embeddable":true,"href":"https:\/\/puzzle3d.co\/fi\/wp-json\/wp\/v2\/woo-feed-brand?post=588"}],"curies":[{"name":"wp","href":"https:\/\/api.w.org\/{rel}","templated":true}]}}