{"id":553,"date":"2023-01-18T11:36:30","date_gmt":"2023-01-18T11:36:30","guid":{"rendered":"https:\/\/puzzle3d.co\/?post_type=product&#038;p=553"},"modified":"2025-05-11T08:10:21","modified_gmt":"2025-05-11T08:10:21","slug":"puinen-maailmankartta-palapeli-127-palaa","status":"publish","type":"product","link":"https:\/\/puzzle3d.co\/fi\/prodotto\/puzzle-in-legno-mappa-del-mondo-127-pezzi\/","title":{"rendered":"Puinen sein\u00e4planeetta 'Smoky Dreams' 127 kpl, L\/M\/S"},"content":{"rendered":"<div><strong>Puinen sein\u00e4planeetta 'Smoky Dreams' 127 kpl<\/strong><\/div>\n<div><\/div>\n<div>EWA Eco-Wood-Artin kolmikerroksinen ripustettu maailmankartta kokoamista varten. Kokoaminen tapahtuu liimalla. Sein\u00e4asennus voidaan tehd\u00e4 kaksipuolisella teipill\u00e4. Palapelin ja kokoamisohjeiden mukana toimitetaan kaksipuolinen teippi ja liima. Saatavana 3 kokoa (S, M, L) ja 5 v\u00e4ri\u00e4 (Blue Fantasy, Untouched World, Emerald Planet, Smoky Dreams, Choco World) tilauksesta.<\/div>\n<div><\/div>\n<div><strong>TUOTETIEDOT:<\/strong><\/div>\n<div>Mallin koko L: 1920*1050*12 mm<\/div>\n<div>M-mallin mitat: 1440*790*12 mm<\/div>\n<div>S-mallin mitat: 1000*550*12 mm<\/div>\n<div>Pakkauksen mitat: 500*385*56 mm<\/div>\n<div><strong>Kappalem\u00e4\u00e4r\u00e4: 127<\/strong><\/div>\n<div><\/div>\n<div><\/div>\n<div>Kokoaminen liimalla ja kaksipuolisella teipill\u00e4 (toimitetaan laatikossa).<\/div>","protected":false},"excerpt":{"rendered":"<p>EWA Eco-Wood-Art kolmikerroksinen ripustettu puinen sein\u00e4planisf\u00e4\u00e4ri koottavaksi.<\/p>","protected":false},"featured_media":567,"comment_status":"open","ping_status":"closed","template":"","meta":[],"product_brand":[],"product_cat":[68],"product_tag":[],"woo-feed-brand":[],"class_list":{"0":"post-553","1":"product","2":"type-product","3":"status-publish","4":"has-post-thumbnail","6":"product_cat-mappamondo-da-parete-in-legno","8":"first","9":"instock","10":"shipping-taxable","11":"purchasable","12":"product-type-variable"},"_links":{"self":[{"href":"https:\/\/puzzle3d.co\/fi\/wp-json\/wp\/v2\/product\/553","targetHints":{"allow":["GET"]}}],"collection":[{"href":"https:\/\/puzzle3d.co\/fi\/wp-json\/wp\/v2\/product"}],"about":[{"href":"https:\/\/puzzle3d.co\/fi\/wp-json\/wp\/v2\/types\/product"}],"replies":[{"embeddable":true,"href":"https:\/\/puzzle3d.co\/fi\/wp-json\/wp\/v2\/comments?post=553"}],"wp:featuredmedia":[{"embeddable":true,"href":"https:\/\/puzzle3d.co\/fi\/wp-json\/wp\/v2\/media\/567"}],"wp:attachment":[{"href":"https:\/\/puzzle3d.co\/fi\/wp-json\/wp\/v2\/media?parent=553"}],"wp:term":[{"taxonomy":"product_brand","embeddable":true,"href":"https:\/\/puzzle3d.co\/fi\/wp-json\/wp\/v2\/product_brand?post=553"},{"taxonomy":"product_cat","embeddable":true,"href":"https:\/\/puzzle3d.co\/fi\/wp-json\/wp\/v2\/product_cat?post=553"},{"taxonomy":"product_tag","embeddable":true,"href":"https:\/\/puzzle3d.co\/fi\/wp-json\/wp\/v2\/product_tag?post=553"},{"taxonomy":"woo-feed-brand","embeddable":true,"href":"https:\/\/puzzle3d.co\/fi\/wp-json\/wp\/v2\/woo-feed-brand?post=553"}],"curies":[{"name":"wp","href":"https:\/\/api.w.org\/{rel}","templated":true}]}}