{"id":541,"date":"2023-01-18T09:13:26","date_gmt":"2023-01-18T09:13:26","guid":{"rendered":"https:\/\/puzzle3d.co\/product\/mapa-lumii-choco-world-copy\/"},"modified":"2025-05-11T08:10:37","modified_gmt":"2025-05-11T08:10:37","slug":"ripustettu-puinen-maailmankartta","status":"publish","type":"product","link":"https:\/\/puzzle3d.co\/fi\/prodotto\/planisfero-da-parete\/","title":{"rendered":"Emerald Planet' Wall Planisphere 127 kpl"},"content":{"rendered":"<div><strong>Sein\u00e4lle ripustettu puinen planisf\u00e4\u00e4ri<\/strong><\/div>\n<div><\/div>\n<div>EWA Eco-Wood-Artin kolmikerroksinen ripustettu maailmankartta kokoamista varten. Kokoaminen tapahtuu liimalla. Sein\u00e4asennus voidaan tehd\u00e4 kaksipuolisella teipill\u00e4. Palapelin ja kokoamisohjeiden mukana toimitetaan kaksipuolinen teippi ja liima. Saatavana 3 kokoa (S, M, L) ja 5 v\u00e4ri\u00e4 (Blue Fantasy, Untouched World, Emerald Planet, Smoky Dreams, Choco World) tilauksesta.<\/div>\n<div><\/div>\n<div><strong>TUOTETIEDOT:<\/strong><\/div>\n<div>Mallin koko L: 1920*1050*12 mm<\/div>\n<div>M-mallin mitat: 1440*790*12 mm<\/div>\n<div>S-mallin mitat: 1000*550*12 mm<\/div>\n<div>Pakkauksen mitat: 500*385*56 mm<\/div>\n<div>Kappalem\u00e4\u00e4r\u00e4: 127<\/div>\n<div><\/div>\n<div>Kokoaminen liimalla ja kaksipuolisella teipill\u00e4 (toimitetaan laatikossa).<\/div>\n<p>{<br \/>\n\"@context\": \"https:\/\/schema.org\/\",<br \/>\n\"@type\": \"Tuote\",<br \/>\n\"@id\": \"https:\/\/puzzle3d.co\/prodotto\/planisfero-da-parete\/\",<br \/>\n\"url\": \"https:\/\/puzzle3d.co\/prodotto\/planisfero-da-parete\/\",<br \/>\n\"name\": \"Kolmikerroksinen puinen sein\u00e4planisf\u00e4\u00e4ri\",<br \/>\n\"image\": \"https:\/\/puzzle3d.co\/wp-content\/uploads\/2023\/01\/Emerald-Planet1w.webp\",<br \/>\n\"description\": \"Tee-se-itse kolmikerroksinen ripustettu puinen sein\u00e4planisf\u00e4\u00e4ri. Puinen 'Emerald Planet' -palapeli, 127 palaa, saatavana suurena \/ keskikokoisena \/ pienen\u00e4.\".\",<br \/>\n\"brand\": {<br \/>\n\"@type\": \"Brand\",<br \/>\n\"nimi\": \"Puzzle3D.co\".<br \/>\n},<br \/>\n\"aggregateRating\": {<br \/>\n\"@type\": \"AggregateRating\",<br \/>\n\"bestRating\": \"5\",<br \/>\n\"worstRating\": \"1\",<br \/>\n\"ratingCount\": \"278\",<br \/>\n\"ratingValue\": \"4.8\".<br \/>\n}<br \/>\n}<\/p>","protected":false},"excerpt":{"rendered":"<p>EWA Eco-Wood-Artin kolmikerroksinen ripustettu maailmankartta koottavaksi.<\/p>","protected":false},"featured_media":575,"comment_status":"open","ping_status":"closed","template":"","meta":{"slim_seo":{"title":"\ud83d\uddfa\ufe0f Sein\u00e4\u00e4n ripustettava puinen planisf\u00e4\u00e4ri 127 kappaletta","description":"Sein\u00e4lle ripustettava kolmilamellinen puinen planisfero, joka asennetaan itse. Puinen palapeli \"Pianeta Smeraldo\" 127 kappaletta. TOP 2026"}},"product_brand":[],"product_cat":[68],"product_tag":[],"woo-feed-brand":[],"class_list":{"0":"post-541","1":"product","2":"type-product","3":"status-publish","4":"has-post-thumbnail","6":"product_cat-mappamondo-da-parete-in-legno","8":"first","9":"instock","10":"shipping-taxable","11":"purchasable","12":"product-type-variable"},"_links":{"self":[{"href":"https:\/\/puzzle3d.co\/fi\/wp-json\/wp\/v2\/product\/541","targetHints":{"allow":["GET"]}}],"collection":[{"href":"https:\/\/puzzle3d.co\/fi\/wp-json\/wp\/v2\/product"}],"about":[{"href":"https:\/\/puzzle3d.co\/fi\/wp-json\/wp\/v2\/types\/product"}],"replies":[{"embeddable":true,"href":"https:\/\/puzzle3d.co\/fi\/wp-json\/wp\/v2\/comments?post=541"}],"wp:featuredmedia":[{"embeddable":true,"href":"https:\/\/puzzle3d.co\/fi\/wp-json\/wp\/v2\/media\/575"}],"wp:attachment":[{"href":"https:\/\/puzzle3d.co\/fi\/wp-json\/wp\/v2\/media?parent=541"}],"wp:term":[{"taxonomy":"product_brand","embeddable":true,"href":"https:\/\/puzzle3d.co\/fi\/wp-json\/wp\/v2\/product_brand?post=541"},{"taxonomy":"product_cat","embeddable":true,"href":"https:\/\/puzzle3d.co\/fi\/wp-json\/wp\/v2\/product_cat?post=541"},{"taxonomy":"product_tag","embeddable":true,"href":"https:\/\/puzzle3d.co\/fi\/wp-json\/wp\/v2\/product_tag?post=541"},{"taxonomy":"woo-feed-brand","embeddable":true,"href":"https:\/\/puzzle3d.co\/fi\/wp-json\/wp\/v2\/woo-feed-brand?post=541"}],"curies":[{"name":"wp","href":"https:\/\/api.w.org\/{rel}","templated":true}]}}