{"id":171,"date":"2014-07-06T10:43:57","date_gmt":"2014-07-06T10:43:57","guid":{"rendered":"http:\/\/flatsome.dev\/?post_type=product&#038;p=8263"},"modified":"2025-06-11T18:51:53","modified_gmt":"2025-06-11T18:51:53","slug":"puinen-seinapallo","status":"publish","type":"product","link":"https:\/\/puzzle3d.co\/fi\/prodotto\/mappamondo-legno-parete-in-legno\/","title":{"rendered":"3D maailmankartta ruskeasta puusta"},"content":{"rendered":"<div><strong>Maailmankartta - ruskea puinen 3D-palapeli 'Choco World' 127 palasta<\/strong><\/div>\n<div><\/div>\n<div>EWA Eco-Wood-Art kolmikerroksinen puinen ripustettava maapallo kokoamista varten. Kokoaminen tapahtuu liimalla. Sein\u00e4asennus voidaan tehd\u00e4 kaksipuolisella teipill\u00e4. Palapelin ja kokoamisohjeiden mukana toimitetaan kaksipuolinen teippi ja liima. Saatavana 3 kokoa (S, M, L) ja 5 v\u00e4ri\u00e4 (Blue Fantasy, Untouched World, Emerald Planet, Smoky Dreams, Choco World) tilauksesta.<\/div>\n<div><\/div>\n<div>Kokoaminen liimalla ja kaksipuolisella teipill\u00e4 (toimitetaan laatikossa).<\/div>","protected":false},"excerpt":{"rendered":"<div>Kolmikerroksinen ripustettu maailmankartta kokoonpanoa varten.<\/div>\n<p>&nbsp;<\/p>","protected":false},"featured_media":579,"comment_status":"open","ping_status":"closed","template":"","meta":{"slim_seo":{"title":"\ud83d\uddfa Maailman kartta. Puinen palapeli \"Choco World\" 127 palaa","description":"Maailmankartta puusta sein\u00e4lle ripustettava kolme kerrosta koottavaksi. Sein\u00e4kiinnitys voidaan tehd\u00e4 kaksinkertaisella teipill\u00e4."}},"product_brand":[],"product_cat":[68],"product_tag":[],"woo-feed-brand":[],"class_list":{"0":"post-171","1":"product","2":"type-product","3":"status-publish","4":"has-post-thumbnail","6":"product_cat-mappamondo-da-parete-in-legno","8":"first","9":"outofstock","10":"shipping-taxable","11":"purchasable","12":"product-type-variable"},"_links":{"self":[{"href":"https:\/\/puzzle3d.co\/fi\/wp-json\/wp\/v2\/product\/171","targetHints":{"allow":["GET"]}}],"collection":[{"href":"https:\/\/puzzle3d.co\/fi\/wp-json\/wp\/v2\/product"}],"about":[{"href":"https:\/\/puzzle3d.co\/fi\/wp-json\/wp\/v2\/types\/product"}],"replies":[{"embeddable":true,"href":"https:\/\/puzzle3d.co\/fi\/wp-json\/wp\/v2\/comments?post=171"}],"wp:featuredmedia":[{"embeddable":true,"href":"https:\/\/puzzle3d.co\/fi\/wp-json\/wp\/v2\/media\/579"}],"wp:attachment":[{"href":"https:\/\/puzzle3d.co\/fi\/wp-json\/wp\/v2\/media?parent=171"}],"wp:term":[{"taxonomy":"product_brand","embeddable":true,"href":"https:\/\/puzzle3d.co\/fi\/wp-json\/wp\/v2\/product_brand?post=171"},{"taxonomy":"product_cat","embeddable":true,"href":"https:\/\/puzzle3d.co\/fi\/wp-json\/wp\/v2\/product_cat?post=171"},{"taxonomy":"product_tag","embeddable":true,"href":"https:\/\/puzzle3d.co\/fi\/wp-json\/wp\/v2\/product_tag?post=171"},{"taxonomy":"woo-feed-brand","embeddable":true,"href":"https:\/\/puzzle3d.co\/fi\/wp-json\/wp\/v2\/woo-feed-brand?post=171"}],"curies":[{"name":"wp","href":"https:\/\/api.w.org\/{rel}","templated":true}]}}