{"id":1466,"date":"2023-03-08T12:47:30","date_gmt":"2023-03-08T12:47:30","guid":{"rendered":"https:\/\/puzzle3d.co\/product\/tractor-puzzle-mecanic-din-lemn-358-piese-copy\/"},"modified":"2026-01-19T10:27:03","modified_gmt":"2026-01-19T10:27:03","slug":"traktorin-mekaaninen-puinen-palapeli-342-palaa","status":"publish","type":"product","link":"https:\/\/puzzle3d.co\/fi\/prodotto\/trattore-puzzle-meccanico-legno-342-pezzi\/","title":{"rendered":"Puinen mekaaninen traktorimalli rakennettavaksi - 342 palaa"},"content":{"rendered":"<div>\n<p><strong>Traktori \u2013  Puinen mekaaninen traktorirakennussarja \u2013 342 osaa<\/strong><\/p>\n<div>\n<div>On v\u00e4\u00e4rin ajatella, ett\u00e4 traktorit ovat vain poikia ja miehi\u00e4 varten.<\/div>\n<div><\/div>\n<div>Kun olet koonnut t\u00e4m\u00e4n mallin, pid\u00e4t sit\u00e4 todellisena taideteoksena. Ja palapelin palojen materiaali, puu, osoittaa sinulle sen todellisen arvon.<\/div>\n<div><\/div>\n<div>Kuminauhalla varustettua moottoria voidaan siirt\u00e4\u00e4, ovet ja konepelti avata. Traktori n\u00e4ytt\u00e4\u00e4 viel\u00e4 paremmalta per\u00e4vaunun vieress\u00e4, joka on saatavana erillisen\u00e4 mallina.<\/div>\n<div><\/div>\n<div>Se on helppo kiinnitt\u00e4\u00e4 traktoriin koukulla, ja se avautuu vivun avulla aivan kuten oikea per\u00e4vaunu.<\/div>\n<div><\/div>\n<div>Se on monipuolinen lahja, jota arvostavat sek\u00e4 lapsi ett\u00e4 aikuinen. T\u00e4m\u00e4 malli kiehtoo kaikkia palapelin ja askartelun yst\u00e4vi\u00e4.<\/div>\n<div><\/div>\n<div>Sarja on esteettisesti miellytt\u00e4v\u00e4 ja voi olla omaper\u00e4inen koriste-esine. T\u00e4yt\u00e4 vaunu ruoholla, oksilla, kahvipavuilla tai mill\u00e4 tahansa, mik\u00e4 mieleesi tulee.<\/div>\n<div><\/div>\n<div>Lapset rakastavat traktorin ja per\u00e4vaunun rakastetusta maatilapelist\u00e4, mutta keksiv\u00e4t my\u00f6s uusia pelej\u00e4.<\/div>\n<div>Kokoa, leiki, ihaile ja luo muistoja traktorin ja per\u00e4vaunun ymp\u00e4rille.<\/div>\n<div><\/div>\n<div><\/div>\n<div><strong>TUOTETIEDOT:<\/strong><\/div>\n<div>Mallin mitat: 282*136*175 mm<\/div>\n<div>Pakkauksen mitat: 375 x 243 x 30 mm<\/div>\n<div>Kappalem\u00e4\u00e4r\u00e4: 342<\/div>\n<\/div>\n<\/div>","protected":false},"excerpt":{"rendered":"<p>Kuminauhamoottorin avulla voit liikuttaa sit\u00e4, avata ovet ja konepellin.<\/p>","protected":false},"featured_media":1469,"comment_status":"open","ping_status":"closed","template":"","meta":{"slim_seo":{"title":"\ud83d\ude9c Puinen mekaaninen mallitraktori rakennettavaksi","description":"Mekaaninen traktorimalli - Kuminauhalla varustettua moottoria voidaan liikuttaa, ovet ja konepelti voidaan avata. Traktori n\u00e4ytt\u00e4\u00e4 viel\u00e4 paremmalta per\u00e4vaunun vieress\u00e4, joka on saatavana erillisen\u00e4 mallina."}},"product_brand":[],"product_cat":[108,89,91,90,73,88,74,76],"product_tag":[],"woo-feed-brand":[],"class_list":{"0":"post-1466","1":"product","2":"type-product","3":"status-publish","4":"has-post-thumbnail","6":"product_cat-modellismo-da-costruire-per-adulti","7":"product_cat-puzzle-meccanici-3d-in-legno","8":"product_cat-puzzle-meccanici-per-adulti","9":"product_cat-puzzle-meccanici-per-bambini","10":"product_cat-puzzle-3d","11":"product_cat-puzzle-3d-adulti","12":"product_cat-puzzle-3d-in-legno","13":"product_cat-puzzle-3d-per-bambini","15":"first","16":"instock","17":"shipping-taxable","18":"purchasable","19":"product-type-simple"},"_links":{"self":[{"href":"https:\/\/puzzle3d.co\/fi\/wp-json\/wp\/v2\/product\/1466","targetHints":{"allow":["GET"]}}],"collection":[{"href":"https:\/\/puzzle3d.co\/fi\/wp-json\/wp\/v2\/product"}],"about":[{"href":"https:\/\/puzzle3d.co\/fi\/wp-json\/wp\/v2\/types\/product"}],"replies":[{"embeddable":true,"href":"https:\/\/puzzle3d.co\/fi\/wp-json\/wp\/v2\/comments?post=1466"}],"wp:featuredmedia":[{"embeddable":true,"href":"https:\/\/puzzle3d.co\/fi\/wp-json\/wp\/v2\/media\/1469"}],"wp:attachment":[{"href":"https:\/\/puzzle3d.co\/fi\/wp-json\/wp\/v2\/media?parent=1466"}],"wp:term":[{"taxonomy":"product_brand","embeddable":true,"href":"https:\/\/puzzle3d.co\/fi\/wp-json\/wp\/v2\/product_brand?post=1466"},{"taxonomy":"product_cat","embeddable":true,"href":"https:\/\/puzzle3d.co\/fi\/wp-json\/wp\/v2\/product_cat?post=1466"},{"taxonomy":"product_tag","embeddable":true,"href":"https:\/\/puzzle3d.co\/fi\/wp-json\/wp\/v2\/product_tag?post=1466"},{"taxonomy":"woo-feed-brand","embeddable":true,"href":"https:\/\/puzzle3d.co\/fi\/wp-json\/wp\/v2\/woo-feed-brand?post=1466"}],"curies":[{"name":"wp","href":"https:\/\/api.w.org\/{rel}","templated":true}]}}