{"id":1454,"date":"2023-03-08T11:51:26","date_gmt":"2023-03-08T11:51:26","guid":{"rendered":"https:\/\/puzzle3d.co\/product\/angrenajul-planetar-puzzle-mecanic-din-lemn-153-piese-copy\/"},"modified":"2026-01-02T05:29:01","modified_gmt":"2026-01-02T05:29:01","slug":"mekaaninen-puinen-traktori-palapeli-358-palaa","status":"publish","type":"product","link":"https:\/\/puzzle3d.co\/fi\/prodotto\/trattore-puzzle-meccanico-in-legno-358-pezzi\/","title":{"rendered":"Traktori - Mekaaninen puinen palapeli, 358 palaa"},"content":{"rendered":"<div>\n<p><strong>Model Tractor - Mekaaninen puinen palapeli, 358 palaa<\/strong><\/p>\n<div><\/div>\n<\/div>\n<div>\n<div>\n<div>Varhain aamulla, hyviss\u00e4 ajoin ennen aamunkoittoa, maanviljelij\u00e4 k\u00e4ynnist\u00e4\u00e4 traktorin.<\/div>\n<div><\/div>\n<div>H\u00e4n tiet\u00e4\u00e4, ett\u00e4 traktori on v\u00e4ltt\u00e4m\u00e4t\u00f6n h\u00e4nen ty\u00f6ss\u00e4\u00e4n ja ett\u00e4 h\u00e4n pystyy el\u00e4tt\u00e4m\u00e4\u00e4n maatilansa ja perheens\u00e4. Traktorin kova \u00e4\u00e4ni her\u00e4tt\u00e4\u00e4 lapset, jotka viel\u00e4 uneksivat pupuista, mutta he nukahtavat pian uudelleen.<\/div>\n<div><\/div>\n<div>Kun traktori l\u00e4htee kohti maatilaa, moottorin ja py\u00f6rien kova \u00e4\u00e4ni, johon sekoittuu dieselin haju, kuuluu yh\u00e4 talosta.<\/div>\n<div><\/div>\n<div>Juuri kylvetyn vehn\u00e4pellon reunalla maatila her\u00e4\u00e4 eloon. T\u00e4\u00e4ll\u00e4 traktorin melu sekoittuu jo lintujen sirkutukseen ja rakkaiden el\u00e4inten hyv\u00e4n huomenen viestiin luoden erityisen harmonian.<\/div>\n<div><\/div>\n<div>Ruokittuaan el\u00e4imet maanviljelij\u00e4 siirtyy traktorin per\u00e4ss\u00e4 ja palaa maantielle. Nyt h\u00e4n ajaa toiselle pellolle, jonka h\u00e4n on kylv\u00e4nyt suurella rakkaudella. Tuolla pellolla kasvaa maissi. Maanviljelij\u00e4 on kiitollinen traktorilleen, koska h\u00e4n voi ruokkia perheens\u00e4 ja tuotantoel\u00e4imet.<\/div>\n<div><\/div>\n<div>Traktoria voidaankin pit\u00e4\u00e4 modernin teknologian osana, joka on vuorovaikutuksessa luonnon kanssa yst\u00e4v\u00e4llisell\u00e4 tavalla ja mukautuu ihmisen ja el\u00e4inten tarpeisiin.<\/div>\n<div><\/div>\n<div>T\u00e4m\u00e4 upea traktori, joka koostuu 358 puisesta palapelin palasta, ilahduttaa kaikkia ajoneuvojen, palapelien ja maalaisel\u00e4m\u00e4n yst\u00e4vi\u00e4.<\/div>\n<div><\/div>\n<div>Lapset sis\u00e4llytt\u00e4v\u00e4t sen mielell\u00e4\u00e4n rakennus- tai maatilaleikkeihins\u00e4.<\/div>\n<div><\/div>\n<div>Se on kuin oikea minitraktori. Viel\u00e4 kauniimpi, jos viittaamme puuhun, josta se on tehty. Traktori liikkuu edestakaisin ja py\u00f6r\u00e4t voivat k\u00e4\u00e4nty\u00e4 oikealta vasemmalle. Konepelti aukeaa ja n\u00e4et nelj\u00e4 sylinteri\u00e4, jotka muuttavat l\u00e4mp\u00f6energian mekaaniseksi energiaksi. My\u00f6s ovet aukeavat, ja traktoriin nousemista helpottavat portaat. Salonki on saanut vaikutteita todellisista malleista, joten on mahdotonta olla rakastumatta t\u00e4h\u00e4n malliin. Kohokohta on traktorin k\u00e4ynnist\u00e4minen kumimoottorilla. Laita salonkiin gourmet-suklaata ja l\u00e4het\u00e4 se l\u00e4heisellesi ajoneuvon kautta.<\/div>\n<div><\/div>\n<div>Se on kaunis koriste-esine lastenhuoneeseen, mutta my\u00f6s olohuoneeseen tai toimistoon. Se her\u00e4tt\u00e4\u00e4 huomiota eik\u00e4 kest\u00e4 kauan ilman valaistusta.<\/div>\n<div><\/div>\n<div>Kokoa se lapsesi, perheesi tai yst\u00e4v\u00e4si kanssa, niin saat viel\u00e4kin paremman kokemuksen!<\/div>\n<div><\/div>\n<div><strong>TUOTETIEDOT:<\/strong><\/div>\n<div>Mallin mitat: 315*173*207 mm<\/div>\n<div>Pakkauksen mitat: 375 x 243 x 43 mm<\/div>\n<div><strong>Kappalem\u00e4\u00e4r\u00e4: 358<\/strong><\/div>\n<\/div>\n<div><\/div>\n<\/div>","protected":false},"excerpt":{"rendered":"<p>Se on kuin oikea minitraktori. Viel\u00e4 kauniimpi, jos viittaamme puuhun, josta se on tehty.<\/p>","protected":false},"featured_media":1457,"comment_status":"open","ping_status":"closed","template":"","meta":[],"product_brand":[],"product_cat":[73,88,74,76,89,90,91],"product_tag":[],"woo-feed-brand":[],"class_list":{"0":"post-1454","1":"product","2":"type-product","3":"status-publish","4":"has-post-thumbnail","6":"product_cat-puzzle-3d","7":"product_cat-puzzle-3d-adulti","8":"product_cat-puzzle-3d-in-legno","9":"product_cat-puzzle-3d-per-bambini","10":"product_cat-puzzle-meccanici-3d-in-legno","11":"product_cat-puzzle-meccanici-per-bambini","12":"product_cat-puzzle-meccanici-per-adulti","14":"first","15":"instock","16":"shipping-taxable","17":"purchasable","18":"product-type-simple"},"_links":{"self":[{"href":"https:\/\/puzzle3d.co\/fi\/wp-json\/wp\/v2\/product\/1454","targetHints":{"allow":["GET"]}}],"collection":[{"href":"https:\/\/puzzle3d.co\/fi\/wp-json\/wp\/v2\/product"}],"about":[{"href":"https:\/\/puzzle3d.co\/fi\/wp-json\/wp\/v2\/types\/product"}],"replies":[{"embeddable":true,"href":"https:\/\/puzzle3d.co\/fi\/wp-json\/wp\/v2\/comments?post=1454"}],"wp:featuredmedia":[{"embeddable":true,"href":"https:\/\/puzzle3d.co\/fi\/wp-json\/wp\/v2\/media\/1457"}],"wp:attachment":[{"href":"https:\/\/puzzle3d.co\/fi\/wp-json\/wp\/v2\/media?parent=1454"}],"wp:term":[{"taxonomy":"product_brand","embeddable":true,"href":"https:\/\/puzzle3d.co\/fi\/wp-json\/wp\/v2\/product_brand?post=1454"},{"taxonomy":"product_cat","embeddable":true,"href":"https:\/\/puzzle3d.co\/fi\/wp-json\/wp\/v2\/product_cat?post=1454"},{"taxonomy":"product_tag","embeddable":true,"href":"https:\/\/puzzle3d.co\/fi\/wp-json\/wp\/v2\/product_tag?post=1454"},{"taxonomy":"woo-feed-brand","embeddable":true,"href":"https:\/\/puzzle3d.co\/fi\/wp-json\/wp\/v2\/woo-feed-brand?post=1454"}],"curies":[{"name":"wp","href":"https:\/\/api.w.org\/{rel}","templated":true}]}}