{"id":1441,"date":"2023-03-08T11:10:44","date_gmt":"2023-03-08T11:10:44","guid":{"rendered":"https:\/\/puzzle3d.co\/product\/triceratops-puzzle-mecanic-din-lemn-283-piese-copy\/"},"modified":"2026-01-19T16:26:02","modified_gmt":"2026-01-19T16:26:02","slug":"planeettapyorasto-mekaaninen-palapeli-puu-153-palaa","status":"publish","type":"product","link":"https:\/\/puzzle3d.co\/fi\/prodotto\/ingranaggio-planetario-puzzle-meccanico-legno-153-pezzi\/","title":{"rendered":"Mekaaninen puupalapeli, 153 palaa"},"content":{"rendered":"<div>\n<p>Mekaaninen puupalapeli, 153 palaa<\/p>\n<div>\n<div>Miten ymm\u00e4rt\u00e4\u00e4 geometrian ja fysiikan vaikeita asioita helpommin?<\/div>\n<div><\/div>\n<div>Ent\u00e4 esineiden v\u00e4liset tilasuhteet?<\/div>\n<div><\/div>\n<div>Tied\u00e4n, ett\u00e4 se kuulostaa monimutkaiselta, mutta planeettavaihteiston avulla siit\u00e4 tulee yksinkertaista ja hauskaa.<\/div>\n<div><\/div>\n<div>Laitteen mukana toimitetaan selke\u00e4t ohjeet ja 153 erimuotoista ja -kokoista puupalaa. Kokoaminen on kiehtovaa, ja kun malli \"her\u00e4\u00e4 henkiin\", odotat innolla hetke\u00e4, jolloin voit k\u00e4ynnist\u00e4\u00e4 kumimoottorin.<\/div>\n<div><\/div>\n<div>Lis\u00e4ksi hammaspy\u00f6r\u00e4t voivat olla tapa oppia koneista ja mekaanisista laitteista, jotka toimivat suuren keskipy\u00f6r\u00e4n ymp\u00e4rill\u00e4 py\u00f6rivien hammaspy\u00f6rien avulla.<\/div>\n<div><\/div>\n<div>Et voi edes kuvitella, kuinka usein olet vuorovaikutuksessa vaihteen kanssa jokap\u00e4iv\u00e4isess\u00e4 el\u00e4m\u00e4ss\u00e4si:<\/div>\n<div><\/div>\n<ul>\n<li>Vaihteisto vaihtaa vaihteen mukaan;<\/li>\n<li>Sen perusteella voima siirtyy polkimilta py\u00f6rille py\u00f6r\u00e4ilyn aikana;<\/li>\n<li>Useat teollisuuskoneet k\u00e4ynnist\u00e4v\u00e4t moottoreita, pumppuja ja kompressoreita t\u00e4ll\u00e4 mekanismilla;<\/li>\n<li>Maatalous- ja rakennuskoneet, kuten puskutraktorit, kaivinkoneet, leikkuupuimurit, traktorit ja kylv\u00f6koneet, eiv\u00e4t voisi toimia ilman ty\u00f6kaluja.<\/li>\n<\/ul>\n<div><\/div>\n<div>Mielenkiintoista on, ett\u00e4 puiset hammaspy\u00f6r\u00e4t, joita k\u00e4ytettiin voimansiirtoon vesipumpuissa ja metallinty\u00f6st\u00f6ss\u00e4, ovat per\u00e4isin vuodelta 3000 eaa. alkaen.<\/div>\n<div><\/div>\n<div>Yksi ensimm\u00e4isist\u00e4 tutkijoista, jotka alkoivat tutkia ja ymm\u00e4rt\u00e4\u00e4 vaihteiden toimintaa, oli Leonardo da Vinci 1400-luvulla. H\u00e4n kehitti erilaisia hammaspy\u00f6ri\u00e4 ja huomasi, ett\u00e4 ne toimivat paljon tehokkaammin, kun niiss\u00e4 on useita hampaita.<\/div>\n<div><\/div>\n<div>Puzzle 3Dtotesi kuitenkin, ett\u00e4 tiimeiss\u00e4, joissa on l\u00e4heisi\u00e4, laitteet kootaan tehokkaammin ja mielenkiintoisesti: miss\u00e4 on monta, teho kasvaa!<\/div>\n<div><\/div>\n<div>Se on t\u00e4ydellinen lahja koululaisille, mutta my\u00f6s aikuisille, erityisesti opettajille. Varsinkin jos henkil\u00f6 on innostunut tekniikasta, fysiikasta, matematiikasta tai yksinkertaisesti arvoituksista.<\/div>\n<div><\/div>\n<div>Kokoonpanon j\u00e4lkeen voit nauttia kodin tai toimiston kauniista koristeesta, joka her\u00e4tt\u00e4\u00e4 huomiota.<\/div>\n<div><\/div>\n<div><\/div>\n<div>TUOTETIEDOT:<\/div>\n<div>Mallin mitat: 247*118*204 mm<\/div>\n<div>Pakkauksen mitat: 245*188*30 mm<\/div>\n<div>Kappalem\u00e4\u00e4r\u00e4: 153<\/div>\n<\/div>\n<\/div>\n<div>\n<div><\/div>\n<\/div>","protected":false},"excerpt":{"rendered":"<div>Laitteen mukana toimitetaan selke\u00e4t ohjeet ja 153 erimuotoista ja -kokoista puupalaa. Kokoaminen on kiehtovaa, ja kun malli \"her\u00e4\u00e4 henkiin\", odotat innolla hetke\u00e4, jolloin voit k\u00e4ynnist\u00e4\u00e4 kumimoottorin.<\/div>\n<p>&nbsp;<\/p>","protected":false},"featured_media":1447,"comment_status":"open","ping_status":"closed","template":"","meta":[],"product_brand":[],"product_cat":[73,88,74,76,89,90,91],"product_tag":[],"woo-feed-brand":[],"class_list":{"0":"post-1441","1":"product","2":"type-product","3":"status-publish","4":"has-post-thumbnail","6":"product_cat-puzzle-3d","7":"product_cat-puzzle-3d-adulti","8":"product_cat-puzzle-3d-in-legno","9":"product_cat-puzzle-3d-per-bambini","10":"product_cat-puzzle-meccanici-3d-in-legno","11":"product_cat-puzzle-meccanici-per-bambini","12":"product_cat-puzzle-meccanici-per-adulti","14":"first","15":"instock","16":"shipping-taxable","17":"purchasable","18":"product-type-simple"},"_links":{"self":[{"href":"https:\/\/puzzle3d.co\/fi\/wp-json\/wp\/v2\/product\/1441","targetHints":{"allow":["GET"]}}],"collection":[{"href":"https:\/\/puzzle3d.co\/fi\/wp-json\/wp\/v2\/product"}],"about":[{"href":"https:\/\/puzzle3d.co\/fi\/wp-json\/wp\/v2\/types\/product"}],"replies":[{"embeddable":true,"href":"https:\/\/puzzle3d.co\/fi\/wp-json\/wp\/v2\/comments?post=1441"}],"wp:featuredmedia":[{"embeddable":true,"href":"https:\/\/puzzle3d.co\/fi\/wp-json\/wp\/v2\/media\/1447"}],"wp:attachment":[{"href":"https:\/\/puzzle3d.co\/fi\/wp-json\/wp\/v2\/media?parent=1441"}],"wp:term":[{"taxonomy":"product_brand","embeddable":true,"href":"https:\/\/puzzle3d.co\/fi\/wp-json\/wp\/v2\/product_brand?post=1441"},{"taxonomy":"product_cat","embeddable":true,"href":"https:\/\/puzzle3d.co\/fi\/wp-json\/wp\/v2\/product_cat?post=1441"},{"taxonomy":"product_tag","embeddable":true,"href":"https:\/\/puzzle3d.co\/fi\/wp-json\/wp\/v2\/product_tag?post=1441"},{"taxonomy":"woo-feed-brand","embeddable":true,"href":"https:\/\/puzzle3d.co\/fi\/wp-json\/wp\/v2\/woo-feed-brand?post=1441"}],"curies":[{"name":"wp","href":"https:\/\/api.w.org\/{rel}","templated":true}]}}