{"id":1431,"date":"2023-03-08T10:39:32","date_gmt":"2023-03-08T10:39:32","guid":{"rendered":"https:\/\/puzzle3d.co\/product\/pasare-puzzle-3d-mecanic-copy\/"},"modified":"2026-01-02T05:29:01","modified_gmt":"2026-01-02T05:29:01","slug":"puinen-mekaaninen-triceratops-palapeli","status":"publish","type":"product","link":"https:\/\/puzzle3d.co\/fi\/prodotto\/triceratopo-puzzle-meccanico-in-legno\/","title":{"rendered":"Triceratops dinosaurus puinen mekaaninen malli - 283 kpl"},"content":{"rendered":"<div>\n<p><strong>Triceratops dinosaurus puinen mekaaninen malli<\/strong> \u2013 <strong>283 kappaletta<\/strong><\/p>\n<div><\/div>\n<\/div>\n<div>\n<div>\n<div>Noin 65-68 miljoonaa vuotta sitten Pohjois-Amerikan mantereella eli viel\u00e4 kasvinsy\u00f6j\u00e4dinosauruslaji, jolla oli kolme sarvea kasvoillaan - triceratops.<\/div>\n<div><\/div>\n<div>Dinosaurusten sukupuuttoon kuolemisen syyt\u00e4 on tutkittu yli 100 vuotta. On olemassa vain hypoteeseja, kuten luustotulehdukset, geneettiset ongelmat, 65 miljoonaa vuotta sitten Maahan iskeytynyt asteroidi tai massiivinen tulivuorenpurkaus.<\/div>\n<div><\/div>\n<div>Dinosaurukset kiinnostavat viel\u00e4 nyky\u00e4\u00e4nkin sek\u00e4 lapsia ett\u00e4 aikuisia.<\/div>\n<div>Nyt sinulla on mahdollisuus koota sellainen itse ja k\u00e4ynnist\u00e4\u00e4 se.<\/div>\n<div><\/div>\n<div>Esihistoriallinen yst\u00e4v\u00e4si voi liikuttaa p\u00e4\u00e4t\u00e4\u00e4n, h\u00e4nt\u00e4\u00e4ns\u00e4 ja jalkojaan.<\/div>\n<div><\/div>\n<div>Suunnittelijat tutkivat anatomiaa huolellisesti ja varmistivat, ett\u00e4 kaikki nivelet ja liikkeet muistuttavat oikean triceratopsin niveli\u00e4 ja liikkeit\u00e4.<\/div>\n<div><\/div>\n<div><\/div>\n<div><strong>TUOTETIEDOT:<\/strong><\/div>\n<div>Mallin mitat: 320*160*105 mm<\/div>\n<div>Pakkauksen mitat: 245*188*33 mm<\/div>\n<div>Kappalem\u00e4\u00e4r\u00e4: 283<\/div>\n<\/div>\n<div><\/div>\n<\/div>","protected":false},"excerpt":{"rendered":"<div>Dinosaurukset kiinnostavat viel\u00e4 nyky\u00e4\u00e4nkin sek\u00e4 lapsia ett\u00e4 aikuisia.<br \/>\nNyt sinulla on mahdollisuus koota sellainen itse ja k\u00e4ynnist\u00e4\u00e4 se.<\/div>\n<p>&nbsp;<\/p>","protected":false},"featured_media":1437,"comment_status":"open","ping_status":"closed","template":"","meta":[],"product_brand":[],"product_cat":[73,88,74,76,89,90,91],"product_tag":[],"woo-feed-brand":[],"class_list":{"0":"post-1431","1":"product","2":"type-product","3":"status-publish","4":"has-post-thumbnail","6":"product_cat-puzzle-3d","7":"product_cat-puzzle-3d-adulti","8":"product_cat-puzzle-3d-in-legno","9":"product_cat-puzzle-3d-per-bambini","10":"product_cat-puzzle-meccanici-3d-in-legno","11":"product_cat-puzzle-meccanici-per-bambini","12":"product_cat-puzzle-meccanici-per-adulti","14":"first","15":"outofstock","16":"shipping-taxable","17":"purchasable","18":"product-type-simple"},"_links":{"self":[{"href":"https:\/\/puzzle3d.co\/fi\/wp-json\/wp\/v2\/product\/1431","targetHints":{"allow":["GET"]}}],"collection":[{"href":"https:\/\/puzzle3d.co\/fi\/wp-json\/wp\/v2\/product"}],"about":[{"href":"https:\/\/puzzle3d.co\/fi\/wp-json\/wp\/v2\/types\/product"}],"replies":[{"embeddable":true,"href":"https:\/\/puzzle3d.co\/fi\/wp-json\/wp\/v2\/comments?post=1431"}],"wp:featuredmedia":[{"embeddable":true,"href":"https:\/\/puzzle3d.co\/fi\/wp-json\/wp\/v2\/media\/1437"}],"wp:attachment":[{"href":"https:\/\/puzzle3d.co\/fi\/wp-json\/wp\/v2\/media?parent=1431"}],"wp:term":[{"taxonomy":"product_brand","embeddable":true,"href":"https:\/\/puzzle3d.co\/fi\/wp-json\/wp\/v2\/product_brand?post=1431"},{"taxonomy":"product_cat","embeddable":true,"href":"https:\/\/puzzle3d.co\/fi\/wp-json\/wp\/v2\/product_cat?post=1431"},{"taxonomy":"product_tag","embeddable":true,"href":"https:\/\/puzzle3d.co\/fi\/wp-json\/wp\/v2\/product_tag?post=1431"},{"taxonomy":"woo-feed-brand","embeddable":true,"href":"https:\/\/puzzle3d.co\/fi\/wp-json\/wp\/v2\/woo-feed-brand?post=1431"}],"curies":[{"name":"wp","href":"https:\/\/api.w.org\/{rel}","templated":true}]}}