{"id":1423,"date":"2023-03-08T09:40:19","date_gmt":"2023-03-08T09:40:19","guid":{"rendered":"https:\/\/puzzle3d.co\/product\/retro-car-puzzle-3d-mecanic-copy\/"},"modified":"2026-01-02T05:29:01","modified_gmt":"2026-01-02T05:29:01","slug":"mekaaninen-puinen-lintu-palapeli","status":"publish","type":"product","link":"https:\/\/puzzle3d.co\/fi\/prodotto\/uccello-puzzle-meccanico-in-legno\/","title":{"rendered":"Lintu Puinen hammastikkulaatikko - 37 kappaletta"},"content":{"rendered":"<p><strong>Lintu - Puinen hammastikkulaatikko - 37 kappaletta<\/strong><\/p>\n<div>\n<div>Pienill\u00e4 yksityiskohdilla on suuri merkitys!<\/div>\n<div><\/div>\n<div>Miksi haluamme valita kauneimmat tee- ja kahviastiat?<\/div>\n<div>Koska se ilahduttaa silmi\u00e4mme ja sieluamme. Valitse omaper\u00e4isyys keitti\u00f6ss\u00e4 ja p\u00f6yd\u00e4ll\u00e4si erityisell\u00e4 hammastikkurasialla, joka on koristeltu linnulla. Voit s\u00e4ilytt\u00e4\u00e4 siin\u00e4 my\u00f6s muita pieni\u00e4 esineit\u00e4, kuten sormuksia, kolikoita tai rakkausviestej\u00e4.<\/div>\n<div><\/div>\n<div>Voit j\u00e4tt\u00e4\u00e4 sen puun v\u00e4riseksi tai maalata sen kotisi sisustukseen sopivaksi. Voit sijoittaa sen kev\u00e4\u00e4ll\u00e4 terassille.<\/div>\n<div>Kyll\u00e4, et voi tehd\u00e4 kev\u00e4tt\u00e4 vain yhdell\u00e4 linnulla, mutta t\u00e4m\u00e4n ihanan palapelin avulla voit luoda kauniin esineen, joka saa sinut tuntemaan kev\u00e4\u00e4n joka kerta, kun ihailet sit\u00e4. Luultavasti sopivin lahja kaikille \u00e4ideille ja iso\u00e4ideille, joiden lapset ovat kasvaneet ja lent\u00e4neet pes\u00e4\u00e4n...<\/div>\n<div><\/div>\n<div><strong>TUOTETIEDOT:<\/strong><\/div>\n<div>Mallin mitat: 125*80*140 mm<\/div>\n<div>Pakkauksen mitat: 190 x 123 x 19 mm<\/div>\n<div>Kappalem\u00e4\u00e4r\u00e4: 38<\/div>\n<\/div>","protected":false},"excerpt":{"rendered":"<div>Valitse omaper\u00e4isyys keitti\u00f6ss\u00e4 ja p\u00f6yd\u00e4ll\u00e4si erityisell\u00e4 hammastikkurasialla, joka on koristeltu linnulla.<\/div>\n<p>&nbsp;<\/p>","protected":false},"featured_media":1427,"comment_status":"open","ping_status":"closed","template":"","meta":[],"product_brand":[],"product_cat":[73,88,74,76,89,90,91],"product_tag":[],"woo-feed-brand":[],"class_list":{"0":"post-1423","1":"product","2":"type-product","3":"status-publish","4":"has-post-thumbnail","6":"product_cat-puzzle-3d","7":"product_cat-puzzle-3d-adulti","8":"product_cat-puzzle-3d-in-legno","9":"product_cat-puzzle-3d-per-bambini","10":"product_cat-puzzle-meccanici-3d-in-legno","11":"product_cat-puzzle-meccanici-per-bambini","12":"product_cat-puzzle-meccanici-per-adulti","14":"first","15":"instock","16":"shipping-taxable","17":"purchasable","18":"product-type-simple"},"_links":{"self":[{"href":"https:\/\/puzzle3d.co\/fi\/wp-json\/wp\/v2\/product\/1423","targetHints":{"allow":["GET"]}}],"collection":[{"href":"https:\/\/puzzle3d.co\/fi\/wp-json\/wp\/v2\/product"}],"about":[{"href":"https:\/\/puzzle3d.co\/fi\/wp-json\/wp\/v2\/types\/product"}],"replies":[{"embeddable":true,"href":"https:\/\/puzzle3d.co\/fi\/wp-json\/wp\/v2\/comments?post=1423"}],"wp:featuredmedia":[{"embeddable":true,"href":"https:\/\/puzzle3d.co\/fi\/wp-json\/wp\/v2\/media\/1427"}],"wp:attachment":[{"href":"https:\/\/puzzle3d.co\/fi\/wp-json\/wp\/v2\/media?parent=1423"}],"wp:term":[{"taxonomy":"product_brand","embeddable":true,"href":"https:\/\/puzzle3d.co\/fi\/wp-json\/wp\/v2\/product_brand?post=1423"},{"taxonomy":"product_cat","embeddable":true,"href":"https:\/\/puzzle3d.co\/fi\/wp-json\/wp\/v2\/product_cat?post=1423"},{"taxonomy":"product_tag","embeddable":true,"href":"https:\/\/puzzle3d.co\/fi\/wp-json\/wp\/v2\/product_tag?post=1423"},{"taxonomy":"woo-feed-brand","embeddable":true,"href":"https:\/\/puzzle3d.co\/fi\/wp-json\/wp\/v2\/woo-feed-brand?post=1423"}],"curies":[{"name":"wp","href":"https:\/\/api.w.org\/{rel}","templated":true}]}}