{"id":1184,"date":"2023-02-06T10:42:01","date_gmt":"2023-02-06T10:42:01","guid":{"rendered":"https:\/\/puzzle3d.co\/product\/locomotiva-puzzle-3d-mecanic-copy\/"},"modified":"2026-03-27T20:03:28","modified_gmt":"2026-03-27T20:03:28","slug":"retro-mekaaninen-auton-mallinnus","status":"publish","type":"product","link":"https:\/\/puzzle3d.co\/fi\/prodotto\/modellismo-auto-retro-meccanico\/","title":{"rendered":"Retro mekaaninen puinen pienoismalliauto, 315 kpl"},"content":{"rendered":"<div>\n<p><strong>Retro mekaaninen puinen pienoismalliauto, 315 kpl<\/strong><\/p>\n<div>Vaikka el\u00e4mme nopeuden aikakautta, jolloin tehokkaat autot ovat yh\u00e4 halutumpia, kukaan ei varmasti kielt\u00e4ydy matkasta retroautolla.<\/div>\n<\/div>\n<div>\n<div>\n<div><\/div>\n<div>Mihin kiinnit\u00e4t huomiota, kun sinulla on tilaisuus ihailla retroautojen n\u00e4yttely\u00e4?<\/div>\n<div><\/div>\n<div>Hienostuneet yksityiskohdat, tyylikk\u00e4\u00e4t lis\u00e4ykset, ominaisuudet, joita ei l\u00f6ydy nykyisist\u00e4 malleista, kaikki t\u00e4m\u00e4 saa sinut katsomaan klassikkoautoa hieman pidemp\u00e4\u00e4n.<\/div>\n<div><\/div>\n<div>Lasten, aikuisten ja vanhusten ihailemat retroautot ovat edelleen autojen historian ja kauneuden universaali symboli, joka on sukupolvien v\u00e4linen ja yh\u00e4 suositumpi.<\/div>\n<div><\/div>\n<div>Kutsumme sinut matkalle menneisyyteen aivan upean vintage-mallin avulla.<\/div>\n<div><\/div>\n<div>En edes tied\u00e4, kumpi j\u00e4nnitt\u00e4\u00e4 sinua enemm\u00e4n: yli 300 palapelin palan kokoaminen, johon menee l\u00e4hes 8 tuntia, vai lopputuote, joka \"hurmaa\" sinut kuin hieno viini. Siit\u00e4 tulee unohtumaton kokemus!<\/div>\n<div><\/div>\n<div>K\u00e4ynnistysmekanismi on salaper\u00e4isesti piilotettu varapy\u00f6r\u00e4\u00e4n. Avaa ovet auki ja istu mukavasti. K\u00e4\u00e4nn\u00e4 ohjauspy\u00f6r\u00e4\u00e4 oikealle, niin py\u00f6r\u00e4t k\u00e4\u00e4ntyv\u00e4t samaan suuntaan. Sinulla on viel\u00e4 vapaa istuin vieress\u00e4si, kuka seuraa sinua historialliselle matkalle?<\/div>\n<div><\/div>\n<div><\/div>\n<div>Retroauto on loistava lahja kaikille autojen, historian, matkailun, ker\u00e4ilij\u00f6iden ja parhaiden yst\u00e4vien yst\u00e4ville i\u00e4st\u00e4 riippumatta.<\/div>\n<div><\/div>\n<div>Auton puumateriaali antaa sille ylellisyytt\u00e4 ja kest\u00e4vyytt\u00e4. Voimme rehellisesti sanoa, ett\u00e4 se on investointi sielulle rakkaaseen esineeseen.<\/div>\n<div><\/div>\n<div>Osta henkil\u00f6kohtainen klassikkoauto nyt, kokoa se omin k\u00e4sin, ja siit\u00e4 tulee ajan my\u00f6t\u00e4 yh\u00e4 arvokkaampi.<\/div>\n<div><\/div>\n<div><\/div>\n<div><strong>TUOTETIEDOT:<\/strong><\/div>\n<div>Mallin mitat: 300*170*155 mm<\/div>\n<div>Pakkauksen mitat: 374*243*28 mm<\/div>\n<div>Kappalem\u00e4\u00e4r\u00e4: 315<\/div>\n<\/div>\n<div><\/div>\n<\/div>","protected":false},"excerpt":{"rendered":"<div>Lasten, aikuisten ja vanhusten ihailemat retroautot ovat edelleen autojen historian ja kauneuden universaali symboli, joka on sukupolvien v\u00e4linen ja yh\u00e4 suositumpi.<\/div>","protected":false},"featured_media":1187,"comment_status":"open","ping_status":"closed","template":"","meta":{"slim_seo":{"title":"\ud83d\ude97 Retro mekaaninen puinen pienoismalliauto, 315 kappaletta","description":"Kokoa mekaaninen retroautomalli yhdess\u00e4 rakkaasi kanssa, aivan kuten matkan kuuluukin olla. Laita sitten ajoneuvo itseens\u00e4 ja menoksi!"}},"product_brand":[],"product_cat":[89,91,90,73,88,74,76],"product_tag":[],"woo-feed-brand":[],"class_list":{"0":"post-1184","1":"product","2":"type-product","3":"status-publish","4":"has-post-thumbnail","6":"product_cat-puzzle-meccanici-3d-in-legno","7":"product_cat-puzzle-meccanici-per-adulti","8":"product_cat-puzzle-meccanici-per-bambini","9":"product_cat-puzzle-3d","10":"product_cat-puzzle-3d-adulti","11":"product_cat-puzzle-3d-in-legno","12":"product_cat-puzzle-3d-per-bambini","14":"first","15":"instock","16":"shipping-taxable","17":"purchasable","18":"product-type-simple"},"_links":{"self":[{"href":"https:\/\/puzzle3d.co\/fi\/wp-json\/wp\/v2\/product\/1184","targetHints":{"allow":["GET"]}}],"collection":[{"href":"https:\/\/puzzle3d.co\/fi\/wp-json\/wp\/v2\/product"}],"about":[{"href":"https:\/\/puzzle3d.co\/fi\/wp-json\/wp\/v2\/types\/product"}],"replies":[{"embeddable":true,"href":"https:\/\/puzzle3d.co\/fi\/wp-json\/wp\/v2\/comments?post=1184"}],"wp:featuredmedia":[{"embeddable":true,"href":"https:\/\/puzzle3d.co\/fi\/wp-json\/wp\/v2\/media\/1187"}],"wp:attachment":[{"href":"https:\/\/puzzle3d.co\/fi\/wp-json\/wp\/v2\/media?parent=1184"}],"wp:term":[{"taxonomy":"product_brand","embeddable":true,"href":"https:\/\/puzzle3d.co\/fi\/wp-json\/wp\/v2\/product_brand?post=1184"},{"taxonomy":"product_cat","embeddable":true,"href":"https:\/\/puzzle3d.co\/fi\/wp-json\/wp\/v2\/product_cat?post=1184"},{"taxonomy":"product_tag","embeddable":true,"href":"https:\/\/puzzle3d.co\/fi\/wp-json\/wp\/v2\/product_tag?post=1184"},{"taxonomy":"woo-feed-brand","embeddable":true,"href":"https:\/\/puzzle3d.co\/fi\/wp-json\/wp\/v2\/woo-feed-brand?post=1184"}],"curies":[{"name":"wp","href":"https:\/\/api.w.org\/{rel}","templated":true}]}}