{"id":1177,"date":"2023-02-06T10:20:19","date_gmt":"2023-02-06T10:20:19","guid":{"rendered":"https:\/\/puzzle3d.co\/product\/gramophone-puzzle-3d-copy\/"},"modified":"2026-01-02T05:29:01","modified_gmt":"2026-01-02T05:29:01","slug":"hoyryveturi-mekaaninen-palapeli","status":"publish","type":"product","link":"https:\/\/puzzle3d.co\/fi\/prodotto\/locomotiva-a-vapore-puzzle-meccanico\/","title":{"rendered":"Puinen mekaaninen junamalli, 325 kpl"},"content":{"rendered":"<div>\n<p><strong>Mekaaninen puujunamalli, 325 palaa - H\u00f6yryveturi<\/strong><\/p>\n<div>Maailman ensimm\u00e4isen veturin keksiv\u00e4t George Stephenson ja h\u00e4nen poikansa Robert Englannissa vuonna 1804.<\/div>\n<\/div>\n<div>\n<div>\n<div><\/div>\n<div>Englannin v\u00e4kiluku kasvoi, tehtaita oli yh\u00e4 enemm\u00e4n, ja tarvittiin keino kuljettaa ihmisi\u00e4 ja tavaroita pitki\u00e4 matkoja.<\/div>\n<div><\/div>\n<div>Sit\u00e4 kutsuttiin \"h\u00f6yryveturiksi\", ja sen huippunopeus oli 16 km\/h.<\/div>\n<div><\/div>\n<div>On kummallista, ett\u00e4 heit\u00e4 estiv\u00e4t vihamieliset maanviljelij\u00e4t, jotka k\u00e4yttiv\u00e4t hevosia vetoteht\u00e4viin ja olivat tyytym\u00e4tt\u00f6mi\u00e4 siihen, ett\u00e4 rautatiet aiheuttivat kauramarkkinoiden romahtamisen.<\/div>\n<div><\/div>\n<div>Eik\u00f6 olekin mielenkiintoista?<\/div>\n<div><\/div>\n<div>Nyt voit koota ensimm\u00e4isen veturin, jossa on kumiveturi, ilman pisaraakaan liimaa. Luonnonpuiset palat antavat sille vintage-vaikutelman ja hienostuneen ilmeen.<\/div>\n<div><\/div>\n<div>Lahja koko perheelle<\/div>\n<div><\/div>\n<div>Kokoa mekaaninen veturi yhdess\u00e4 rakkaasi kanssa, aivan kuten matkan kuuluukin olla. Laita sitten kulkuneuvo itsest\u00e4\u00e4n p\u00e4\u00e4lle ja menoksi!<\/div>\n<div>Mit\u00e4 haluaisit laittaa vaunuihin? Siell\u00e4 on tarpeeksi tilaa... (sormukselle, lipulle tai avaimelle).<\/div>\n<div><\/div>\n<div>Aseta t\u00e4m\u00e4 ihana veturi matkan p\u00e4\u00e4tteeksi n\u00e4kyv\u00e4lle paikalle kodissasi.<\/div>\n<div><\/div>\n<div>Se on t\u00e4ydellinen lahja kaikille matkojen yst\u00e4ville, mekaanisten laitteiden harrastajille ja enint\u00e4\u00e4n 99-vuotiaille lapsille.<\/div>\n<div><\/div>\n<div>Nyt kun sinulla on oma henkil\u00f6kohtainen veturisi, nauti romanttisista matkoista mahdollisimman usein!<\/div>\n<div><\/div>\n<div><\/div>\n<div><\/div>\n<div><strong>TUOTETIEDOT:<\/strong><\/div>\n<div>Mallin mitat: 400*103*178 mm<\/div>\n<div>Pakkauksen mitat: 245*188*30 mm<\/div>\n<div><strong>Kappalem\u00e4\u00e4r\u00e4: 325<\/strong><\/div>\n<\/div>\n<div><\/div>\n<\/div>","protected":false},"excerpt":{"rendered":"<div>Se on t\u00e4ydellinen lahja kaikille matkojen yst\u00e4ville, mekaanisten laitteiden harrastajille ja enint\u00e4\u00e4n 99-vuotiaille lapsille.<\/div>\n<p>&nbsp;<\/p>","protected":false},"featured_media":1180,"comment_status":"open","ping_status":"closed","template":"","meta":{"slim_seo":{"title":"\ud83d\ude82 Puinen mekaaninen junamalli 325 kpl. Veturi","description":"Mekaaninen puujunamalli, 325 kpl. Mekaaninen veturi yhdess\u00e4 rakkaasi kanssa, juuri niin kuin matkan kuuluukin olla."}},"product_brand":[],"product_cat":[108,89,91,90,73,88,74,76],"product_tag":[],"woo-feed-brand":[],"class_list":{"0":"post-1177","1":"product","2":"type-product","3":"status-publish","4":"has-post-thumbnail","6":"product_cat-modellismo-da-costruire-per-adulti","7":"product_cat-puzzle-meccanici-3d-in-legno","8":"product_cat-puzzle-meccanici-per-adulti","9":"product_cat-puzzle-meccanici-per-bambini","10":"product_cat-puzzle-3d","11":"product_cat-puzzle-3d-adulti","12":"product_cat-puzzle-3d-in-legno","13":"product_cat-puzzle-3d-per-bambini","15":"first","16":"instock","17":"shipping-taxable","18":"purchasable","19":"product-type-simple"},"_links":{"self":[{"href":"https:\/\/puzzle3d.co\/fi\/wp-json\/wp\/v2\/product\/1177","targetHints":{"allow":["GET"]}}],"collection":[{"href":"https:\/\/puzzle3d.co\/fi\/wp-json\/wp\/v2\/product"}],"about":[{"href":"https:\/\/puzzle3d.co\/fi\/wp-json\/wp\/v2\/types\/product"}],"replies":[{"embeddable":true,"href":"https:\/\/puzzle3d.co\/fi\/wp-json\/wp\/v2\/comments?post=1177"}],"wp:featuredmedia":[{"embeddable":true,"href":"https:\/\/puzzle3d.co\/fi\/wp-json\/wp\/v2\/media\/1180"}],"wp:attachment":[{"href":"https:\/\/puzzle3d.co\/fi\/wp-json\/wp\/v2\/media?parent=1177"}],"wp:term":[{"taxonomy":"product_brand","embeddable":true,"href":"https:\/\/puzzle3d.co\/fi\/wp-json\/wp\/v2\/product_brand?post=1177"},{"taxonomy":"product_cat","embeddable":true,"href":"https:\/\/puzzle3d.co\/fi\/wp-json\/wp\/v2\/product_cat?post=1177"},{"taxonomy":"product_tag","embeddable":true,"href":"https:\/\/puzzle3d.co\/fi\/wp-json\/wp\/v2\/product_tag?post=1177"},{"taxonomy":"woo-feed-brand","embeddable":true,"href":"https:\/\/puzzle3d.co\/fi\/wp-json\/wp\/v2\/woo-feed-brand?post=1177"}],"curies":[{"name":"wp","href":"https:\/\/api.w.org\/{rel}","templated":true}]}}