{"id":1139,"date":"2023-02-03T13:44:29","date_gmt":"2023-02-03T13:44:29","guid":{"rendered":"https:\/\/puzzle3d.co\/product\/moara-de-vant-puzzle-3d-mecanic-copy\/"},"modified":"2026-01-02T05:29:02","modified_gmt":"2026-01-02T05:29:02","slug":"musta-puinen-kissatalo","status":"publish","type":"product","link":"https:\/\/puzzle3d.co\/fi\/prodotto\/casetta-per-gatti-in-legno-nero\/","title":{"rendered":"152-osainen puinen kissatalo"},"content":{"rendered":"<p><strong>152-osainen puinen kissatalo eri v\u00e4reiss\u00e4<\/strong><\/p>\n<div>\n<div>Kun kissat n\u00e4kev\u00e4t unta, ne ravistelevat jalkojaan, kehr\u00e4\u00e4v\u00e4t ja hymyilev\u00e4t. Miellytt\u00e4v\u00e4n unen j\u00e4lkeen ne ovat poikkeuksellisella tuulella: ne tarjoavat omistajalleen paljon hellyytt\u00e4 ja hyv\u00e4ily\u00e4.<\/div>\n<div><\/div>\n<div>Tied\u00e4mme, kuinka paljon v\u00e4lit\u00e4t rakkaasta lemmikist\u00e4si. Luonnonpuusta valmistetut palat on siis leikattu ja koottu niin ihanteellisesti, ettei liimaa tarvita tippaakaan. Vain pehme\u00e4 peitto.<\/div>\n<div><\/div>\n<div>Puinen leikkim\u00f6kki on kuin rakkaudentunnustus kissalle. Rakasta sit\u00e4 yht\u00e4 paljon kuin se rakastaa sinua.<\/div>\n<div><\/div>\n<div>Puinen kissatalo turkiksella. Toimitetaan 4 v\u00e4rivaihtoehdossa:<\/div>\n<\/div>\n<ul>\n<li>pieni musta talo, jossa on valkoinen turkki<\/li>\n<li>valkoinen talo mustalla turkilla<\/li>\n<li>valkoinen talo vaaleanpunaisella turkiksella<\/li>\n<li>puutalo, jossa on valkoinen turkki.<\/li>\n<\/ul>\n<div>\n<div><\/div>\n<div><strong>TUOTETIEDOT:<\/strong><\/div>\n<div><\/div>\n<div>Mallin mitat: 480*362*456 mm<\/div>\n<div>Pakkauksen mitat: 580*380*40 mm<\/div>\n<div>Kappalem\u00e4\u00e4r\u00e4: 152<\/div>\n<\/div>\n<div><\/div>","protected":false},"excerpt":{"rendered":"<div><\/div>\n<p>&nbsp;<\/p>","protected":false},"featured_media":2672,"comment_status":"open","ping_status":"closed","template":"","meta":{"slim_seo":{"title":"\ud83c\udfda\ufe0f Puinen kissatalo musta\/valkoinen turkki \ud83d\udc08\u200d\u2b1b","description":"Puinen kissatalo turkiksella. Toimitetaan 4 v\u00e4rivaihtoehdossa. Omaper\u00e4inen lahja kissojen yst\u00e4ville. Koriste-elementti"}},"product_brand":[],"product_cat":[99],"product_tag":[],"woo-feed-brand":[],"class_list":{"0":"post-1139","1":"product","2":"type-product","3":"status-publish","4":"has-post-thumbnail","6":"product_cat-casette-per-gatti-da-interno","8":"first","9":"instock","10":"shipping-taxable","11":"purchasable","12":"product-type-variable"},"_links":{"self":[{"href":"https:\/\/puzzle3d.co\/fi\/wp-json\/wp\/v2\/product\/1139","targetHints":{"allow":["GET"]}}],"collection":[{"href":"https:\/\/puzzle3d.co\/fi\/wp-json\/wp\/v2\/product"}],"about":[{"href":"https:\/\/puzzle3d.co\/fi\/wp-json\/wp\/v2\/types\/product"}],"replies":[{"embeddable":true,"href":"https:\/\/puzzle3d.co\/fi\/wp-json\/wp\/v2\/comments?post=1139"}],"wp:featuredmedia":[{"embeddable":true,"href":"https:\/\/puzzle3d.co\/fi\/wp-json\/wp\/v2\/media\/2672"}],"wp:attachment":[{"href":"https:\/\/puzzle3d.co\/fi\/wp-json\/wp\/v2\/media?parent=1139"}],"wp:term":[{"taxonomy":"product_brand","embeddable":true,"href":"https:\/\/puzzle3d.co\/fi\/wp-json\/wp\/v2\/product_brand?post=1139"},{"taxonomy":"product_cat","embeddable":true,"href":"https:\/\/puzzle3d.co\/fi\/wp-json\/wp\/v2\/product_cat?post=1139"},{"taxonomy":"product_tag","embeddable":true,"href":"https:\/\/puzzle3d.co\/fi\/wp-json\/wp\/v2\/product_tag?post=1139"},{"taxonomy":"woo-feed-brand","embeddable":true,"href":"https:\/\/puzzle3d.co\/fi\/wp-json\/wp\/v2\/woo-feed-brand?post=1139"}],"curies":[{"name":"wp","href":"https:\/\/api.w.org\/{rel}","templated":true}]}}