{"id":3303,"date":"2024-04-10T10:56:05","date_gmt":"2024-04-10T10:56:05","guid":{"rendered":"https:\/\/puzzle3d.co\/?page_id=3303"},"modified":"2025-10-07T14:08:53","modified_gmt":"2025-10-07T14:08:53","slug":"ota-yhteytta","status":"publish","type":"page","link":"https:\/\/puzzle3d.co\/fi\/contact-us\/","title":{"rendered":"Ota yhteytt\u00e4"},"content":{"rendered":"<section class=\"section\" id=\"section_1236199963\">\n\t\t<div class=\"section-bg fill\" >\n\t\t\t\t\t\t\t\t\t\n\t\t\t\n\n\t\t<\/div>\n\n\t\t\n\n\t\t<div class=\"section-content relative\">\n\t\t\t\n<div class=\"row align-center\"  id=\"row-843931514\">\n\n\t<div id=\"col-1669941280\" class=\"col medium-8 small-11 large-7\"  >\n\t\t\t\t<div class=\"col-inner text-center\"  >\n\t\t\t\n\t\t\t\n<h1 style=\"font-size: 200%;\">Ota yhteytt\u00e4<\/h1>\n\t\t<\/div>\n\t\t\t\t\t<\/div>\n\n\t\n<\/div>\n\t<div id=\"gap-946295939\" class=\"gap-element clearfix\" style=\"display:block; height:auto;\">\n\t\t\n<style>\n#gap-946295939 {\n  padding-top: 30px;\n}\n<\/style>\n\t<\/div>\n\t\n\t\t<\/div>\n\n\t\t\n<style>\n#section_1236199963 {\n  padding-top: 100px;\n  padding-bottom: 100px;\n  background-color: rgb(237, 236, 232);\n}\n<\/style>\n\t<\/section>\n\t\n<div class=\"row align-center\"  id=\"row-1168203329\">\n\n\t<div id=\"col-2031024625\" class=\"col medium-11 small-12 large-11\"  >\n\t\t\t\t<div class=\"col-inner\"  >\n\t\t\t\n\t\t\t\n<div class=\"row\"  id=\"row-2096833103\">\n\n\t<div id=\"col-1280385113\" class=\"col medium-6 small-12 large-6\"  >\n\t\t\t\t<div class=\"col-inner\"  >\n\t\t\t\n\t\t\t\n\t<div class=\"box has-hover   has-hover box-text-bottom\" >\n\n\t\t<div class=\"box-image\" >\n\t\t\t\t\t\t<div class=\"image-cover\" style=\"padding-top:70%;\">\n\t\t\t\t<img loading=\"lazy\" decoding=\"async\" width=\"1000\" height=\"650\" src=\"https:\/\/puzzle3d.co\/wp-content\/uploads\/2013\/12\/domino.jpg\" class=\"attachment- size-\" alt=\"\" srcset=\"https:\/\/puzzle3d.co\/wp-content\/uploads\/2013\/12\/domino.jpg 1000w, https:\/\/puzzle3d.co\/wp-content\/uploads\/2013\/12\/domino-600x390.jpg 600w, https:\/\/puzzle3d.co\/wp-content\/uploads\/2013\/12\/domino-64x42.jpg 64w, https:\/\/puzzle3d.co\/wp-content\/uploads\/2013\/12\/domino-615x400.jpg 615w, https:\/\/puzzle3d.co\/wp-content\/uploads\/2013\/12\/domino-768x499.jpg 768w\" sizes=\"auto, (max-width: 1000px) 100vw, 1000px\" \/>\t\t\t\t\t\t\t\t\t\t\t<\/div>\n\t\t\t\t\t<\/div>\n\n\t\t<div class=\"box-text text-center\" style=\"padding:20px 0px 0px 0px;\">\n\t\t\t<div class=\"box-text-inner\">\n\t\t\t\t\n\t<div id=\"gap-556515606\" class=\"gap-element clearfix\" style=\"display:block; height:auto;\">\n\t\t\n<style>\n#gap-556515606 {\n  padding-top: 20px;\n}\n<\/style>\n\t<\/div>\n\t\n\t\t\t<\/div>\n\t\t<\/div>\n\t<\/div>\n\t\n\t\t<\/div>\n\t\t\t\t\t<\/div>\n\n\t\n\n\t<div id=\"col-1730959759\" class=\"col medium-6 small-12 large-6\"  >\n\t\t\t\t<div class=\"col-inner\"  >\n\t\t\t\n\t\t\t\n\t<div class=\"box has-hover   has-hover box-text-bottom\" >\n\n\t\t<div class=\"box-image\" >\n\t\t\t\t\t\t<div class=\"image-cover\" style=\"padding-top:70%;\">\n\t\t\t\t<img loading=\"lazy\" decoding=\"async\" width=\"1000\" height=\"650\" src=\"https:\/\/puzzle3d.co\/wp-content\/uploads\/2023\/01\/lion.jpg\" class=\"attachment- size-\" alt=\"\" srcset=\"https:\/\/puzzle3d.co\/wp-content\/uploads\/2023\/01\/lion.jpg 1000w, https:\/\/puzzle3d.co\/wp-content\/uploads\/2023\/01\/lion-600x390.jpg 600w, https:\/\/puzzle3d.co\/wp-content\/uploads\/2023\/01\/lion-64x42.jpg 64w, https:\/\/puzzle3d.co\/wp-content\/uploads\/2023\/01\/lion-615x400.jpg 615w, https:\/\/puzzle3d.co\/wp-content\/uploads\/2023\/01\/lion-768x499.jpg 768w\" sizes=\"auto, (max-width: 1000px) 100vw, 1000px\" \/>\t\t\t\t\t\t\t\t\t\t\t<\/div>\n\t\t\t\t\t<\/div>\n\n\t\t<div class=\"box-text text-center\" style=\"padding:20px 0px 0px 0px;\">\n\t\t\t<div class=\"box-text-inner\">\n\t\t\t\t\n\t<div id=\"gap-1321950459\" class=\"gap-element clearfix\" style=\"display:block; height:auto;\">\n\t\t\n<style>\n#gap-1321950459 {\n  padding-top: 20px;\n}\n<\/style>\n\t<\/div>\n\t\n\t\t\t<\/div>\n\t\t<\/div>\n\t<\/div>\n\t\n\t\t<\/div>\n\t\t\t\t\t<\/div>\n\n\t\n<\/div>\n<div class=\"container section-title-container\" ><h3 class=\"section-title section-title-center\"><b aria-hidden=\"true\"><\/b><span class=\"section-title-main\" >Usein kysytyt kysymykset<\/span><b aria-hidden=\"true\"><\/b><\/h3><\/div>\n<div class=\"accordion\">\n\t<div id=\"accordion-2278540026\" class=\"accordion-item\">\n\t\t<a id=\"accordion-2278540026-label\" class=\"accordion-title plain\" href=\"#accordion-item-i-prezzi-visualizzati-sul-sito-sono-comprensivi-di-iva?\" aria-expanded=\"false\" aria-controls=\"accordion-2278540026-content\">\n\t\t\t<button class=\"toggle\" aria-label=\"Toggle\"><i class=\"icon-angle-down\" aria-hidden=\"true\"><\/i><\/button>\n\t\t\t<span>Sis\u00e4lt\u00e4v\u00e4tk\u00f6 sivustolla ilmoitetut hinnat arvonlis\u00e4veron?<\/span>\n\t\t<\/a>\n\t\t<div id=\"accordion-2278540026-content\" class=\"accordion-inner\" aria-labelledby=\"accordion-2278540026-label\">\n\t\t\t\n<p>Kunkin tuotteen hinta sis\u00e4lt\u00e4\u00e4 jo arvonlis\u00e4veron. Ennen tilauksen viimeistely\u00e4 mainitaan toimituksen hinta. V\u00e4hint\u00e4\u00e4n 60 euron arvoiset tilaukset toimitamme t\u00e4ysin maksutta mihin tahansa maan kolkkaan.<\/p>\n\t\t<\/div>\n\t<\/div>\n\t\n\t<div id=\"accordion-1652772292\" class=\"accordion-item\">\n\t\t<a id=\"accordion-1652772292-label\" class=\"accordion-title plain\" href=\"#accordion-item-i-prodotti-sono-in-garanzia?\" aria-expanded=\"false\" aria-controls=\"accordion-1652772292-content\">\n\t\t\t<button class=\"toggle\" aria-label=\"Toggle\"><i class=\"icon-angle-down\" aria-hidden=\"true\"><\/i><\/button>\n\t\t\t<span>Onko tuotteilla takuu?<\/span>\n\t\t<\/a>\n\t\t<div id=\"accordion-1652772292-content\" class=\"accordion-inner\" aria-labelledby=\"accordion-1652772292-label\">\n\t\t\t\n<p>Kaikilla tuotteilla on lakis\u00e4\u00e4teinen vaatimustenmukaisuustakuu. Takuusi on yksi t\u00e4rkeimmist\u00e4 tavoitteistamme.<\/p>\n\t\t<\/div>\n\t<\/div>\n\t\n\t<div id=\"accordion-1682897023\" class=\"accordion-item\">\n\t\t<a id=\"accordion-1682897023-label\" class=\"accordion-title plain\" href=\"#accordion-item-quali-sono-i-metodi-di-pagamento?\" aria-expanded=\"false\" aria-controls=\"accordion-1682897023-content\">\n\t\t\t<button class=\"toggle\" aria-label=\"Toggle\"><i class=\"icon-angle-down\" aria-hidden=\"true\"><\/i><\/button>\n\t\t\t<span>Mitk\u00e4 ovat maksutavat?<\/span>\n\t\t<\/a>\n\t\t<div id=\"accordion-1682897023-content\" class=\"accordion-inner\" aria-labelledby=\"accordion-1682897023-label\">\n\t\t\t\n<div>Tilauksen maksu voidaan suorittaa jollakin seuraavista vaihtoehdoista:<\/div>\n<div><\/div>\n<ul>\n<li>Maksu toimituksen yhteydess\u00e4<\/li>\n<li>Maksu menness\u00e4 <a href=\"https:\/\/stripe.com\/en-ro\" target=\"_blank\" rel=\"nofollow noopener\">Raita<\/a> (kansainv\u00e4linen maksuprosessori)<\/li>\n<li>Maksu menness\u00e4 <a href=\"https:\/\/www.paypal.com\/it\/business\" target=\"_blank\" rel=\"nofollow noopener\">PayPal<\/a> (kansainv\u00e4linen maksuprosessori)<\/li>\n<\/ul>\n<div><\/div>\n<div>Jos olet valinnut tilauksellesi toimitustavan \"k\u00e4teisell\u00e4 perill\u00e4\", maksu on suoritettava kokonaisuudessaan k\u00e4teisen\u00e4 Leiiss\u00e4 kuljetusliikkeelle, joka toimittaa paketin MEDDYS SNC:n antaman verolaskun perusteella.<\/div>\n<div><\/div>\n<div>Jos olet valinnut maksutavan \"Online-pankkikortilla\", sinun on t\u00e4ytett\u00e4v\u00e4 lomake, jossa on korttitietosi suojatulla maksuprosessorisivulla.<\/div>\n\t\t<\/div>\n\t<\/div>\n\t\n\t<div id=\"accordion-3021294234\" class=\"accordion-item\">\n\t\t<a id=\"accordion-3021294234-label\" class=\"accordion-title plain\" href=\"#accordion-item-qual-\u00e8-il-metodo-di-consegna-del-prodotto?\" aria-expanded=\"false\" aria-controls=\"accordion-3021294234-content\">\n\t\t\t<button class=\"toggle\" aria-label=\"Toggle\"><i class=\"icon-angle-down\" aria-hidden=\"true\"><\/i><\/button>\n\t\t\t<span>Mik\u00e4 on tuotteen toimitustapa?<\/span>\n\t\t<\/a>\n\t\t<div id=\"accordion-3021294234-content\" class=\"accordion-inner\" aria-labelledby=\"accordion-3021294234-label\">\n\t\t\t\n<p>Toimitamme kaikkialle Romaniaan. Tilaa v\u00e4hint\u00e4\u00e4n 80 lei:n arvosta, niin saat ilmaisen toimituksen. Alle 60 euron tilauksissa toimituskulut ovat vain 5 euroa.<\/p>\n\t\t<\/div>\n\t<\/div>\n\t\n\t<div id=\"accordion-2735320722\" class=\"accordion-item\">\n\t\t<a id=\"accordion-2735320722-label\" class=\"accordion-title plain\" href=\"#accordion-item-quanto-tempo-ci-vuole-per-la-consegna?\" aria-expanded=\"false\" aria-controls=\"accordion-2735320722-content\">\n\t\t\t<button class=\"toggle\" aria-label=\"Toggle\"><i class=\"icon-angle-down\" aria-hidden=\"true\"><\/i><\/button>\n\t\t\t<span>Kuinka kauan toimitus kest\u00e4\u00e4?<\/span>\n\t\t<\/a>\n\t\t<div id=\"accordion-2735320722-content\" class=\"accordion-inner\" aria-labelledby=\"accordion-2735320722-label\">\n\t\t\t\n<p>Tee tilauksesi jo t\u00e4n\u00e4\u00e4n ja saat tuotteesi 24\/48 ty\u00f6p\u00e4iv\u00e4n kuluessa jopa saarilla!<\/p>\n\t\t<\/div>\n\t<\/div>\n\t\n<\/div>\n\t\t<\/div>\n\t\t\t\t\n<style>\n#col-2031024625 > .col-inner {\n  margin: -150px 0px 0px 0px;\n}\n<\/style>\n\t<\/div>\n\n\t\n<\/div>\n<div class=\"row align-center\"  id=\"row-310031565\">\n\n\t<div id=\"col-198250399\" class=\"col medium-11 small-12 large-11\"  >\n\t\t\t\t<div class=\"col-inner\"  >\n\t\t\t\n\t\t\t\n\n\t<section class=\"section\" id=\"section_314121042\">\n\t\t<div class=\"section-bg fill\" >\n\t\t\t\t\t\t\t\t\t\n\t\t\t\n\t<div class=\"is-border\"\n\t\tstyle=\"border-color:rgb(235, 235, 235);border-width:1px 1px 1px 1px;\">\n\t<\/div>\n\n\t\t<\/div>\n\n\t\t\n\n\t\t<div class=\"section-content relative\">\n\t\t\t\n<div class=\"row row-large\"  id=\"row-40632657\">\n\n\t<div id=\"col-252154054\" class=\"col medium-8 small-12 large-8\"  >\n\t\t\t\t<div class=\"col-inner\"  >\n\t\t\t\n\t\t\t\n\n<div class=\"wpcf7 no-js\" id=\"wpcf7-f6-o1\" lang=\"en-US\" dir=\"ltr\" data-wpcf7-id=\"6\">\n<div class=\"screen-reader-response\"><p role=\"status\" aria-live=\"polite\" aria-atomic=\"true\"><\/p> <ul><\/ul><\/div>\n<form action=\"\/fi\/wp-json\/wp\/v2\/pages\/3303#wpcf7-f6-o1\" method=\"post\" class=\"wpcf7-form init\" aria-label=\"Yhteydenottolomake\" novalidate=\"novalidate\" data-status=\"init\" data-trp-original-action=\"\/fi\/wp-json\/wp\/v2\/pages\/3303#wpcf7-f6-o1\">\n<fieldset class=\"hidden-fields-container\"><input type=\"hidden\" name=\"_wpcf7\" value=\"6\" \/><input type=\"hidden\" name=\"_wpcf7_version\" value=\"6.1.5\" \/><input type=\"hidden\" name=\"_wpcf7_locale\" value=\"en_US\" \/><input type=\"hidden\" name=\"_wpcf7_unit_tag\" value=\"wpcf7-f6-o1\" \/><input type=\"hidden\" name=\"_wpcf7_container_post\" value=\"0\" \/><input type=\"hidden\" name=\"_wpcf7_posted_data_hash\" value=\"\" \/>\n<\/fieldset>\n<p><label> Nimi*<br \/>\n<span class=\"wpcf7-form-control-wrap\" data-name=\"your-name\"><input size=\"40\" maxlength=\"400\" class=\"wpcf7-form-control wpcf7-text wpcf7-validates-as-required\" autocomplete=\"name\" aria-required=\"true\" aria-invalid=\"false\" value=\"\" type=\"text\" name=\"your-name\" \/><\/span> <\/label>\n<\/p>\n<p><label> S\u00e4hk\u00f6posti*<br \/>\n<span class=\"wpcf7-form-control-wrap\" data-name=\"your-email\"><input size=\"40\" maxlength=\"400\" class=\"wpcf7-form-control wpcf7-email wpcf7-validates-as-required wpcf7-text wpcf7-validates-as-email\" autocomplete=\"email\" aria-required=\"true\" aria-invalid=\"false\" value=\"\" type=\"email\" name=\"your-email\" \/><\/span> <\/label>\n<\/p>\n<p><label> Aihe*<br \/>\n<span class=\"wpcf7-form-control-wrap\" data-name=\"your-subject\"><input size=\"40\" maxlength=\"400\" class=\"wpcf7-form-control wpcf7-text wpcf7-validates-as-required\" aria-required=\"true\" aria-invalid=\"false\" value=\"\" type=\"text\" name=\"your-subject\" \/><\/span> <\/label>\n<\/p>\n<p><label> Viesti (valinnainen)<br \/>\n<span class=\"wpcf7-form-control-wrap\" data-name=\"your-message\"><textarea cols=\"40\" rows=\"10\" maxlength=\"2000\" class=\"wpcf7-form-control wpcf7-textarea\" aria-invalid=\"false\" name=\"your-message\"><\/textarea><\/span> <\/label>\n<\/p>\n<p><input class=\"wpcf7-form-control wpcf7-submit has-spinner\" type=\"submit\" value=\"L\u00e4het\u00e4 viesti\" \/>\n<\/p><div class=\"wpcf7-response-output\" aria-hidden=\"true\"><\/div>\n<input type=\"hidden\" name=\"trp-form-language\" value=\"fi\"\/><\/form>\n<\/div>\n\n\t\t<\/div>\n\t\t\t\t\t<\/div>\n\n\t\n\n\t<div id=\"col-1170429877\" class=\"col medium-4 small-12 large-4\"  >\n\t\t\t\t<div class=\"col-inner\"  >\n\t\t\t\n\t\t\t\n<h6>Yritys<\/h6>\n<p>Saca E&amp;Co SNC:n MEDDYS-yhti\u00f6t<br \/>\nALV-NUMERO: 03644140984<\/p>\n\t<div id=\"gap-1133196641\" class=\"gap-element clearfix\" style=\"display:block; height:auto;\">\n\t\t\n<style>\n#gap-1133196641 {\n  padding-top: 20px;\n}\n<\/style>\n\t<\/div>\n\t\n<h6>Osoite<\/h6>\n<p>Italia, Via Bologna10, CAP-25073, Bovezzo, Bovezzo (BS)<\/p>\n<p><strong>Puhelin:<\/strong> 371 5394 647<br \/>\n<strong>S\u00e4hk\u00f6posti: <\/strong>support@puzzle3d.co<\/p>\n<h6><strong>Ty\u00f6aika:<\/strong><\/h6>\n<p>Ma - pe: 9:00 - 17:00*.<br \/>\nLauantai: Suljettu<br \/>\nSunnuntai: Suljettu<\/p>\n<p><span style=\"font-size: 80%;\">* lukuun ottamatta lakis\u00e4\u00e4teisi\u00e4 vapaap\u00e4ivi\u00e4<\/span><\/p>\n<div class=\"social-icons follow-icons\" style=\"font-size:80%\"><a href=\"#\" target=\"_blank\" data-label=\"Facebook\" class=\"icon primary button circle tooltip facebook\" title=\"Seuraa Facebookissa\" aria-label=\"Seuraa Facebookissa\" rel=\"noopener nofollow\"><i class=\"icon-facebook\" aria-hidden=\"true\"><\/i><\/a><a href=\"#\" target=\"_blank\" data-label=\"Instagram\" class=\"icon primary button circle tooltip instagram\" title=\"Seuraa Instagramissa\" aria-label=\"Seuraa Instagramissa\" rel=\"noopener nofollow\"><i class=\"icon-instagram\" aria-hidden=\"true\"><\/i><\/a><a href=\"#\" data-label=\"Twitter\" target=\"_blank\" class=\"icon primary button circle tooltip twitter\" title=\"Seuraa Twitteriss\u00e4\" aria-label=\"Seuraa Twitteriss\u00e4\" rel=\"noopener nofollow\"><i class=\"icon-twitter\" aria-hidden=\"true\"><\/i><\/a><a href=\"#\" data-label=\"LinkedIn\" target=\"_blank\" class=\"icon primary button circle tooltip linkedin\" title=\"Seuraa LinkedIniss\u00e4\" aria-label=\"Seuraa LinkedIniss\u00e4\" rel=\"noopener nofollow\"><i class=\"icon-linkedin\" aria-hidden=\"true\"><\/i><\/a><\/div>\n\t\t<\/div>\n\t\t\t\t\t<\/div>\n\n\t\n\n<style>\n#row-40632657 > .col > .col-inner {\n  padding: 10px 10px 10px 10px;\n}\n@media (min-width:550px) {\n  #row-40632657 > .col > .col-inner {\n    padding: 30px 30px 0 30px;\n  }\n}\n<\/style>\n<\/div>\n\t\t<\/div>\n\n\t\t\n<style>\n#section_314121042 {\n  padding-top: 30px;\n  padding-bottom: 30px;\n}\n<\/style>\n\t<\/section>\n\t\n\t\t<\/div>\n\t\t\t\t\n<style>\n#col-198250399 > .col-inner {\n  margin: 0px 0px 30px 0px;\n}\n<\/style>\n\t<\/div>\n\n\t\n<\/div>","protected":false},"excerpt":{"rendered":"","protected":false},"author":10,"featured_media":0,"parent":0,"menu_order":0,"comment_status":"closed","ping_status":"closed","template":"","meta":{"slim_seo":{"title":"Contattaci - Puzzle 3D","description":"Ota yhteytt\u00e4 Usein kysytyt kysymykset Sis\u00e4lt\u00e4v\u00e4tk\u00f6 sivustolla esitetyt hinnat arvonlis\u00e4veron? Kunkin tuotteen hinta sis\u00e4lt\u00e4\u00e4 jo arvonlis\u00e4veron. Ennen kuin viimeistelet"},"footnotes":""},"class_list":["post-3303","page","type-page","status-publish","hentry"],"_links":{"self":[{"href":"https:\/\/puzzle3d.co\/fi\/wp-json\/wp\/v2\/pages\/3303","targetHints":{"allow":["GET"]}}],"collection":[{"href":"https:\/\/puzzle3d.co\/fi\/wp-json\/wp\/v2\/pages"}],"about":[{"href":"https:\/\/puzzle3d.co\/fi\/wp-json\/wp\/v2\/types\/page"}],"author":[{"embeddable":true,"href":"https:\/\/puzzle3d.co\/fi\/wp-json\/wp\/v2\/users\/10"}],"replies":[{"embeddable":true,"href":"https:\/\/puzzle3d.co\/fi\/wp-json\/wp\/v2\/comments?post=3303"}],"version-history":[{"count":0,"href":"https:\/\/puzzle3d.co\/fi\/wp-json\/wp\/v2\/pages\/3303\/revisions"}],"wp:attachment":[{"href":"https:\/\/puzzle3d.co\/fi\/wp-json\/wp\/v2\/media?parent=3303"}],"curies":[{"name":"wp","href":"https:\/\/api.w.org\/{rel}","templated":true}]}}