{"id":3152,"date":"2023-11-21T11:55:37","date_gmt":"2023-11-21T11:55:37","guid":{"rendered":"https:\/\/puzzle3d.co\/?page_id=3152"},"modified":"2024-10-23T17:10:27","modified_gmt":"2024-10-23T17:10:27","slug":"ehdot-ja-edellytykset","status":"publish","type":"page","link":"https:\/\/puzzle3d.co\/fi\/termini-e-condizioni\/","title":{"rendered":"Ehdot ja edellytykset"},"content":{"rendered":"<section class=\"section\" id=\"section_2115552084\">\n\t\t<div class=\"section-bg fill\" >\n\t\t\t\t\t\t\t\t\t\n\t\t\t\n\n\t\t<\/div>\n\n\t\t\n\n\t\t<div class=\"section-content relative\">\n\t\t\t\n<div class=\"row\"  id=\"row-427373909\">\n\n\t<div id=\"col-1346940276\" class=\"col small-12 large-12\"  >\n\t\t\t\t<div class=\"col-inner text-center\"  >\n\t\t\t\n\t\t\t\n<div class=\"container section-title-container\">\n<h1 class=\"section-title section-title-normal\" style=\"text-align: left;\"><span class=\"section-title-main\">EHDOT JA EDELLYTYKSET<\/span><\/h1>\n<\/div>\n<div id=\"cmplz-document\" class=\"cmplz-document cmplz-terms-conditions\">\n<p style=\"text-align: left;\"><i>Ehdot p\u00e4ivitettiin viimeksi 11. joulukuuta 2022.<\/i><\/p>\n<h2 style=\"text-align: left;\">1. Johdanto<\/h2>\n<p style=\"text-align: left;\">N\u00e4it\u00e4 k\u00e4ytt\u00f6ehtoja sovelletaan t\u00e4h\u00e4n verkkosivustoon sek\u00e4 tuotteisiimme ja palveluihimme liittyviin liiketoimiin. Sinua saattavat sitoa lis\u00e4sopimukset, jotka liittyv\u00e4t suhteeseesi meihin tai meilt\u00e4 saamiisi tuotteisiin tai palveluihin. Jos jokin lis\u00e4sopimusten m\u00e4\u00e4r\u00e4ys on ristiriidassa n\u00e4iden ehtojen m\u00e4\u00e4r\u00e4ysten kanssa, lis\u00e4sopimusten m\u00e4\u00e4r\u00e4ykset ovat m\u00e4\u00e4r\u00e4\u00e4vi\u00e4 ja ensisijaisia.<\/p>\n<h2 style=\"text-align: left;\">2. Velkakirja<\/h2>\n<p style=\"text-align: left;\">Rekister\u00f6itym\u00e4ll\u00e4, k\u00e4ytt\u00e4m\u00e4ll\u00e4 t\u00e4t\u00e4 verkkosivustoa tai muulla tavoin k\u00e4ytt\u00e4m\u00e4ll\u00e4 t\u00e4t\u00e4 verkkosivustoa hyv\u00e4ksyt, ett\u00e4 alla olevat k\u00e4ytt\u00f6ehdot sitovat sinua. Pelk\u00e4st\u00e4\u00e4n k\u00e4ytt\u00e4m\u00e4ll\u00e4 t\u00e4t\u00e4 verkkosivustoa tunnustat ja hyv\u00e4ksyt n\u00e4m\u00e4 k\u00e4ytt\u00f6ehdot. Joissakin erityistapauksissa saatamme my\u00f6s pyyt\u00e4\u00e4 sinulta nimenomaista suostumusta.<\/p>\n<h2 style=\"text-align: left;\">3. S\u00e4hk\u00f6inen viestint\u00e4<\/h2>\n<p style=\"text-align: left;\">K\u00e4ytt\u00e4m\u00e4ll\u00e4 t\u00e4t\u00e4 verkkosivustoa tai kommunikoimalla kanssamme s\u00e4hk\u00f6isesti hyv\u00e4ksyt ja tunnustat, ett\u00e4 voimme kommunikoida kanssasi s\u00e4hk\u00f6isesti verkkosivustollamme tai l\u00e4hett\u00e4m\u00e4ll\u00e4 sinulle s\u00e4hk\u00f6postia, ja hyv\u00e4ksyt, ett\u00e4 kaikki sopimukset, ilmoitukset, paljastukset ja muu viestint\u00e4, jonka annamme sinulle s\u00e4hk\u00f6isesti, t\u00e4ytt\u00e4v\u00e4t kaikki lakis\u00e4\u00e4teiset vaatimukset, mukaan lukien, mutta ei rajoittuen, vaatimukseen, ett\u00e4 t\u00e4llainen viestint\u00e4 on teht\u00e4v\u00e4 kirjallisesti.<\/p>\n<h2 style=\"text-align: left;\">4. Henkinen omaisuus<\/h2>\n<p style=\"text-align: left;\">Me tai lisenssinantajamme omistamme ja hallitsemme kaikkia tekij\u00e4noikeuksia ja muita immateriaalioikeuksia, jotka koskevat verkkosivustoa ja verkkosivustolla n\u00e4kyvi\u00e4 tai saatavilla olevia tietoja, informaatiota ja muita resursseja.<\/p>\n<p class=\"cmplz-subtitle\" style=\"text-align: left;\">4.1 Kaikki oikeudet pid\u00e4tet\u00e4\u00e4n<\/p>\n<p style=\"text-align: left;\">Jollei erityisest\u00e4 sis\u00e4ll\u00f6st\u00e4 muuta johdu, sinulle ei my\u00f6nnet\u00e4 lisenssi\u00e4 tai mit\u00e4\u00e4n muuta oikeutta tekij\u00e4noikeuksiin, tavaramerkkeihin, patentteihin tai muihin immateriaalioikeuksiin. T\u00e4m\u00e4 tarkoittaa, ett\u00e4 et saa k\u00e4ytt\u00e4\u00e4, kopioida, j\u00e4ljent\u00e4\u00e4, esitt\u00e4\u00e4, n\u00e4ytt\u00e4\u00e4, levitt\u00e4\u00e4, sis\u00e4llytt\u00e4\u00e4 mihink\u00e4\u00e4n s\u00e4hk\u00f6iseen v\u00e4lineeseen, muuttaa, purkaa, siirt\u00e4\u00e4, ladata, l\u00e4hett\u00e4\u00e4, rahaksi muuttaa, myyd\u00e4 tai markkinoida mit\u00e4\u00e4n t\u00e4m\u00e4n verkkosivuston resursseja miss\u00e4\u00e4n muodossa ilman etuk\u00e4teen saatua kirjallista lupaamme, paitsi ja vain siin\u00e4 m\u00e4\u00e4rin kuin pakottavissa lakis\u00e4\u00e4teisiss\u00e4 s\u00e4\u00e4nn\u00f6ksiss\u00e4 toisin s\u00e4\u00e4det\u00e4\u00e4n (esimerkiksi lainausoikeus).<\/p>\n<h2 style=\"text-align: left;\">5. Uutiskirje<\/h2>\n<p style=\"text-align: left;\">Edell\u00e4 mainitusta huolimatta on mahdollista l\u00e4hett\u00e4\u00e4 uutiskirjeemme s\u00e4hk\u00f6isess\u00e4 muodossa muille henkil\u00f6ille, jotka saattavat olla kiinnostuneita vierailemaan verkkosivustollamme.<\/p>\n<h2 style=\"text-align: left;\">6. Kolmansien osapuolten omaisuus<\/h2>\n<p style=\"text-align: left;\">Verkkosivustomme voi sis\u00e4lt\u00e4\u00e4 hyperlinkkej\u00e4 tai muita viittauksia muiden osapuolten verkkosivustoihin. Emme valvo emmek\u00e4 tarkasta muiden osapuolten verkkosivustojen sis\u00e4lt\u00f6\u00e4, jotka on linkitetty t\u00e4lle verkkosivustolle. Muiden verkkosivustojen tarjoamiin tuotteisiin tai palveluihin sovelletaan n\u00e4iden kolmansien osapuolten soveltuvia k\u00e4ytt\u00f6ehtoja. N\u00e4ill\u00e4 verkkosivustoilla esitetyt mielipiteet tai niiss\u00e4 esiintyv\u00e4 materiaali eiv\u00e4t v\u00e4ltt\u00e4m\u00e4tt\u00e4 ole meid\u00e4n hyv\u00e4ksymi\u00e4mme.<\/p>\n<p style=\"text-align: left;\">Emme ole vastuussa n\u00e4iden sivustojen tietosuojak\u00e4yt\u00e4nn\u00f6ist\u00e4 tai sis\u00e4ll\u00f6st\u00e4. Kannat kaikki riskit, jotka liittyv\u00e4t n\u00e4iden verkkosivustojen ja niihin liittyvien kolmansien osapuolten palvelujen k\u00e4ytt\u00f6\u00f6n. Emme ota vastuuta mist\u00e4\u00e4n menetyksist\u00e4 tai vahingoista, jotka johtuvat siit\u00e4, ett\u00e4 luovutat henkil\u00f6tietojasi kolmansille osapuolille.<\/p>\n<h2 style=\"text-align: left;\">7. Vastuullinen k\u00e4ytt\u00f6<\/h2>\n<p style=\"text-align: left;\">Vierailemalla verkkosivustollamme sitoudut k\u00e4ytt\u00e4m\u00e4\u00e4n sit\u00e4 vain n\u00e4iden ehtojen, mahdollisten kanssamme tehtyjen lis\u00e4sopimusten, sovellettavien lakien ja asetusten sek\u00e4 yleisesti hyv\u00e4ksyttyjen verkkok\u00e4yt\u00e4nt\u00f6jen ja alan ohjeiden mukaisiin tarkoituksiin ja sallimalla tavalla. Et saa k\u00e4ytt\u00e4\u00e4 verkkosivustoamme tai palveluitamme k\u00e4ytt\u00e4m\u00e4\u00e4n, julkaisemaan tai jakelemaan mit\u00e4\u00e4n aineistoa, joka koostuu haitallisista tietokoneohjelmistoista (tai on linkitetty niihin), k\u00e4ytt\u00e4m\u00e4\u00e4n verkkosivustoltamme ker\u00e4ttyj\u00e4 tietoja suoramarkkinointitoimiin tai suorittamaan j\u00e4rjestelm\u00e4llisi\u00e4 tai automaattisia tiedonkeruutoimia verkkosivustollamme tai siihen liittyen.<\/p>\n<p style=\"text-align: left;\">On ehdottomasti kielletty\u00e4 ryhty\u00e4 mihink\u00e4\u00e4n toimintaan, joka aiheuttaa tai voi aiheuttaa vahinkoa verkkosivustolle tai joka h\u00e4iritsee verkkosivuston suorituskyky\u00e4, saatavuutta tai saavutettavuutta.<\/p>\n<h2 style=\"text-align: left;\">8. Rekister\u00f6inti<\/h2>\n<p style=\"text-align: left;\">Voit rekister\u00f6ity\u00e4 tilille verkkosivustollamme. T\u00e4m\u00e4n prosessin aikana sinua saatetaan pyyt\u00e4\u00e4 valitsemaan salasana. Olet vastuussa salasanojesi ja tilitietojesi luottamuksellisuuden s\u00e4ilytt\u00e4misest\u00e4, ja sitoudut olemaan jakamatta salasanojasi, tilitietojasi tai suojattua p\u00e4\u00e4sy\u00e4 verkkosivustollemme tai palveluihimme kenenk\u00e4\u00e4n muun henkil\u00f6n kanssa. Et saa sallia kenenk\u00e4\u00e4n muun henkil\u00f6n k\u00e4ytt\u00e4\u00e4 tili\u00e4si verkkosivuston k\u00e4ytt\u00e4miseen, koska olet vastuussa kaikesta toiminnasta, joka tapahtuu salasanojesi tai tilisi k\u00e4yt\u00f6n kautta. Sinun on ilmoitettava meille v\u00e4litt\u00f6m\u00e4sti, jos saat tiet\u00e4\u00e4 salasanasi paljastumisesta.<\/p>\n<p style=\"text-align: left;\">Tilisi sulkemisen j\u00e4lkeen et saa yritt\u00e4\u00e4 rekister\u00f6id\u00e4 uutta tili\u00e4 ilman lupaamme.<\/p>\n<h2 style=\"text-align: left;\">9. Palautus- ja palautusoikeus<\/h2>\n<p class=\"cmplz-subtitle\" style=\"text-align: left;\">9.1 Peruuttamisoikeus<\/p>\n<p style=\"text-align: left;\">Sinulla on oikeus peruuttaa t\u00e4m\u00e4 sopimus 14 p\u00e4iv\u00e4n kuluessa ilman syyt\u00e4.<\/p>\n<p style=\"text-align: left;\">Peruuttamisaika p\u00e4\u00e4ttyy 14 p\u00e4iv\u00e4n kuluttua siit\u00e4 p\u00e4iv\u00e4st\u00e4, jona sin\u00e4 saat tavarat fyysisesti haltuusi tai jona kolmas osapuoli, joka ei ole sinun ilmoittamasi kuriiri, saa ne haltuunsa.<\/p>\n<p style=\"text-align: left;\">Peruuttamisoikeuden k\u00e4ytt\u00e4minen edellytt\u00e4\u00e4, ett\u00e4 ilmoitat meille p\u00e4\u00e4t\u00f6ksest\u00e4si peruuttaa sopimus yksiselitteisell\u00e4 ilmoituksella (esim. postitse, faksilla tai s\u00e4hk\u00f6postitse l\u00e4hetetyll\u00e4 kirjeell\u00e4). Yhteystietomme l\u00f6ytyv\u00e4t j\u00e4ljemp\u00e4n\u00e4. Voit k\u00e4ytt\u00e4\u00e4 oheista mallia\u00a0<a href=\"https:\/\/grillnbbq.it\/wp-content\/uploads\/complianz\/withdrawal-forms\/withdrawal-form-it.pdf\" target=\"_blank\" rel=\"noopener\">Peruuttamislomake<\/a>mutta se ei ole pakollinen.<\/p>\n<p style=\"text-align: left;\">Jos k\u00e4yt\u00e4t t\u00e4t\u00e4 vaihtoehtoa, ilmoitamme sinulle viipym\u00e4tt\u00e4 peruutuksen vastaanottamisesta pysyv\u00e4ll\u00e4 v\u00e4lineell\u00e4 (esimerkiksi s\u00e4hk\u00f6postitse).<\/p>\n<p style=\"text-align: left;\">Peruuttamisajan noudattamiseksi riitt\u00e4\u00e4, ett\u00e4 l\u00e4het\u00e4t peruuttamisoikeuden k\u00e4ytt\u00e4mist\u00e4 koskevan viestisi ennen peruuttamisajan p\u00e4\u00e4ttymist\u00e4.<\/p>\n<p class=\"cmplz-subtitle\" style=\"text-align: left;\">9.2 Vieroituksen vaikutukset<\/p>\n<p style=\"text-align: left;\">Jos peruutat t\u00e4m\u00e4n sopimuksen, palautamme kaikki sinulta saadut maksut, toimituskulut mukaan lukien (lukuun ottamatta lis\u00e4kustannuksia, jotka johtuvat siit\u00e4, ett\u00e4 olet valinnut muun toimitustyypin kuin edullisimman tarjoamamme vakiotoimitustyypin), ilman aiheetonta viivytyst\u00e4 ja joka tapauksessa viimeist\u00e4\u00e4n 14 p\u00e4iv\u00e4n kuluessa siit\u00e4 p\u00e4iv\u00e4st\u00e4, jona saamme tiedon p\u00e4\u00e4t\u00f6ksest\u00e4si peruuttaa sopimus. Teemme t\u00e4llaisen palautuksen k\u00e4ytt\u00e4en samaa maksutapaa, jota k\u00e4ytit alkuper\u00e4isess\u00e4 maksutapahtumassa, ellet ole nimenomaisesti sopinut toisin; palautuksesta ei miss\u00e4\u00e4n tapauksessa aiheudu sinulle mit\u00e4\u00e4n kuluja.<\/p>\n<p style=\"text-align: left;\">Me noudamme tavarat.<\/p>\n<p style=\"text-align: left;\">Sinun on vastattava tavaroiden palauttamisesta aiheutuvista v\u00e4litt\u00f6mist\u00e4 kustannuksista.<\/p>\n<p style=\"text-align: left;\">Olet vastuussa ainoastaan tavaran arvon alenemisesta, joka johtuu muusta kuin tavaran luonteen, ominaisuuksien ja toiminnan selvitt\u00e4miseksi v\u00e4ltt\u00e4m\u00e4tt\u00f6m\u00e4st\u00e4 k\u00e4sittelyst\u00e4.<\/p>\n<p style=\"text-align: left;\">Huomaathan, ett\u00e4 peruuttamisoikeuteen on olemassa joitakin lakis\u00e4\u00e4teisi\u00e4 poikkeuksia, mink\u00e4 vuoksi joitakin tuotteita ei voi palauttaa tai vaihtaa. Ilmoitamme sinulle, jos t\u00e4m\u00e4 koskee juuri sinun tapaustasi.<\/p>\n<h2 style=\"text-align: left;\">10. Ideoiden esitt\u00e4minen<\/h2>\n<p style=\"text-align: left;\">\u00c4l\u00e4 l\u00e4het\u00e4 meille ideoita, keksint\u00f6j\u00e4, teoksia tai muita tietoja, joita voidaan pit\u00e4\u00e4 omana henkisen\u00e4 omaisuutenasi ja joita haluat l\u00e4hett\u00e4\u00e4 meille, ellei ole ensin allekirjoitettu sopimusta henkisest\u00e4 omaisuudesta tai salassapitosopimusta. Jos luovutat meille tietoja ilman t\u00e4llaista kirjallista sopimusta, my\u00f6nn\u00e4t meille maailmanlaajuisen, peruuttamattoman, ei-yksinomaisen ja tekij\u00e4npalkkioista vapaan lisenssin k\u00e4ytt\u00e4\u00e4, j\u00e4ljent\u00e4\u00e4, tallentaa, mukauttaa, julkaista, k\u00e4\u00e4nt\u00e4\u00e4 ja levitt\u00e4\u00e4 sis\u00e4lt\u00f6\u00e4si miss\u00e4 tahansa nykyisess\u00e4 tai tulevassa mediassa.<\/p>\n<h2 style=\"text-align: left;\">11. K\u00e4yt\u00f6n lopettaminen<\/h2>\n<p style=\"text-align: left;\">Voimme oman harkintamme mukaan milloin tahansa muuttaa tai lopettaa tilap\u00e4isesti tai pysyv\u00e4sti p\u00e4\u00e4sysi verkkosivustolle tai mihin tahansa sen palveluun. Suostut siihen, ett\u00e4 emme ole vastuussa sinulle tai kolmannelle osapuolelle mist\u00e4\u00e4n muutoksista, keskeytyksist\u00e4 tai lopettamisista, jotka koskevat p\u00e4\u00e4sy\u00e4si verkkosivustolle tai verkkosivuston k\u00e4ytt\u00f6\u00e4si tai verkkosivustolla jakamaasi sis\u00e4lt\u00f6\u00e4. Sinulla ei ole oikeutta korvaukseen tai muuhun maksuun, vaikka ominaisuudet, asetukset ja\/tai sis\u00e4lt\u00f6, johon olet osallistunut tai johon olet luottanut, menetett\u00e4isiin pysyv\u00e4sti. Et saa kiert\u00e4\u00e4 tai ohittaa tai yritt\u00e4\u00e4 kiert\u00e4\u00e4 tai ohittaa verkkosivustomme k\u00e4ytt\u00f6rajoitustoimenpiteit\u00e4.<\/p>\n<h2 style=\"text-align: left;\">12. Takaukset ja vastuu<\/h2>\n<p style=\"text-align: left;\">Mik\u00e4\u00e4n t\u00e4ss\u00e4 jaksossa ei rajoita tai poissulje mit\u00e4\u00e4n lakis\u00e4\u00e4teist\u00e4 takuuta, jonka rajoittaminen tai poissulkeminen olisi lainvastaista. T\u00e4m\u00e4 verkkosivusto ja koko verkkosivuston sis\u00e4lt\u00f6 tarjotaan \"sellaisena kuin se on\" ja \"sellaisena kuin se on saatavilla\", ja se saattaa sis\u00e4lt\u00e4\u00e4 ep\u00e4tarkkuuksia tai kirjoitusvirheit\u00e4. Kielt\u00e4ydymme nimenomaisesti kaikista mink\u00e4\u00e4nlaisista, nimenomaisista tai ep\u00e4suorista takuista, jotka koskevat sis\u00e4ll\u00f6n saatavuutta, tarkkuutta tai t\u00e4ydellisyytt\u00e4. Emme takaa, ett\u00e4:<\/p>\n<ul style=\"text-align: left;\">\n<li>t\u00e4m\u00e4 verkkosivusto tai tuotteemme tai palvelumme vastaavat tarpeitasi;<\/li>\n<li>t\u00e4m\u00e4 verkkosivusto on k\u00e4ytett\u00e4viss\u00e4 keskeytyksett\u00e4, ajallaan, turvallisesti tai virheett\u00f6m\u00e4sti;<\/li>\n<li>ett\u00e4 t\u00e4m\u00e4n verkkosivuston kautta ostamasi tai hankkimasi tuotteen tai palvelun laatu vastaa odotuksiasi.<\/li>\n<\/ul>\n<p style=\"text-align: left;\">Mik\u00e4\u00e4n t\u00e4ll\u00e4 verkkosivustolla ei muodosta eik\u00e4 ole tarkoitettu mink\u00e4\u00e4nlaiseksi oikeudelliseksi, taloudelliseksi tai l\u00e4\u00e4ketieteelliseksi neuvonnaksi. Jos tarvitset neuvoja, ota yhteytt\u00e4 asianmukaiseen ammattilaiseen.<\/p>\n<p style=\"text-align: left;\">T\u00e4m\u00e4n jakson seuraavia m\u00e4\u00e4r\u00e4yksi\u00e4 sovelletaan sovellettavan lain sallimassa laajuudessa, eiv\u00e4tk\u00e4 ne rajoita tai sulje pois vastuutamme mink\u00e4\u00e4n sellaisen asian osalta, jonka rajoittaminen tai poissulkeminen olisi laitonta tai lainvastaista. Emme miss\u00e4\u00e4n tapauksessa ole vastuussa mist\u00e4\u00e4n suorista tai ep\u00e4suorista vahingoista (mukaan lukien voiton tai tulojen menetyksest\u00e4, tietojen, ohjelmistojen tai tietokantojen menetyksest\u00e4 tai turmeltumisesta tai omaisuuden tai tietojen menetyksest\u00e4 tai vahingoittumisesta), joita sinulle tai kolmannelle osapuolelle aiheutuu verkkosivustomme k\u00e4ytt\u00e4misest\u00e4 tai k\u00e4ytt\u00e4misest\u00e4.<\/p>\n<p style=\"text-align: left;\">Jollei jossakin lis\u00e4sopimuksessa nimenomaisesti toisin mainita, enimm\u00e4isvastuumme sinua kohtaan kaikista vahingoista, jotka aiheutuvat verkkosivustosta tai verkkosivuston kautta markkinoitavista tai myyt\u00e4vist\u00e4 tuotteista ja palveluista tai liittyv\u00e4t niihin, riippumatta siit\u00e4, mink\u00e4laisella kanteella vastuu asetetaan (olipa kyse sopimuksesta, omasta edusta, huolimattomuudesta, tahallisesta laiminly\u00f6nnist\u00e4, vahingonkorvausvelvollisuudesta tai muusta), on rajoitettu 500:aan. T\u00e4m\u00e4 rajoitus koskee kaikkia vaatimuksia, kanteita ja kanneperusteita, jotka ovat kaikenlaisia ja luonteisia.<\/p>\n<h2 style=\"text-align: left;\">13. Yksityisyys<\/h2>\n<p style=\"text-align: left;\">Jos haluat k\u00e4ytt\u00e4\u00e4 verkkosivustoamme ja\/tai palveluitamme, sinua saatetaan pyyt\u00e4\u00e4 antamaan tiettyj\u00e4 tietoja itsest\u00e4si osana rekister\u00f6intiprosessia. Sitoudut siihen, ett\u00e4 kaikki antamasi tiedot ovat aina tarkkoja, oikeita ja ajantasaisia.<\/p>\n<p style=\"text-align: left;\">Suhtaudumme henkil\u00f6tietoihisi vakavasti ja olemme sitoutuneet suojelemaan yksityisyytt\u00e4si. Emme k\u00e4yt\u00e4 s\u00e4hk\u00f6postiosoitettasi ei-toivottuun postiin. L\u00e4het\u00e4mme sinulle s\u00e4hk\u00f6postia ainoastaan sovittujen tuotteiden tai palveluiden tarjoamisen yhteydess\u00e4.<\/p>\n<p style=\"text-align: left;\">Olemme kehitt\u00e4neet toimintaperiaatteet, joilla voimme k\u00e4sitell\u00e4 mahdollisia yksityisyyden suojaan liittyvi\u00e4 huolenaiheita. Lis\u00e4tietoja on osoitteessa\u00a0<a href=\"https:\/\/puzzle3d.co\/dichiarazione-sulla-privacy-ue\/\">Tietosuojaseloste<\/a>\u00a0ja meid\u00e4n\u00a0<a href=\"https:\/\/puzzle3d.co\/cookie-policy-eu\/\">Ev\u00e4stek\u00e4yt\u00e4nt\u00f6.<\/a><\/p>\n<h2 style=\"text-align: left;\">14. Saavutettavuus<\/h2>\n<p style=\"text-align: left;\">Olemme sitoutuneet tekem\u00e4\u00e4n tarjoamastamme sis\u00e4ll\u00f6st\u00e4 vammaisten saatavilla olevaa. Jos olet vammainen etk\u00e4 pysty k\u00e4ytt\u00e4m\u00e4\u00e4n jotakin verkkosivustomme osaa vammaisuutesi vuoksi, ilmoita siit\u00e4 meille liitt\u00e4m\u00e4ll\u00e4 mukaan yksityiskohtainen kuvaus kohtaamastasi ongelmasta. Jos ongelma on helposti tunnistettavissa ja ratkaistavissa alan standardien tietotekniikkaty\u00f6kalujen ja -tekniikoiden avulla, ratkaisemme sen nopeasti.<\/p>\n<h2 style=\"text-align: left;\">15. Vientirajoitukset\/lains\u00e4\u00e4d\u00e4nn\u00f6n noudattaminen<\/h2>\n<p style=\"text-align: left;\">Verkkosivuston k\u00e4ytt\u00e4minen alueilta tai maista, joissa sis\u00e4lt\u00f6 tai verkkosivustolla myyt\u00e4vien tuotteiden tai palveluiden ostaminen on laitonta, on kielletty. T\u00e4t\u00e4 verkkosivustoa ei saa k\u00e4ytt\u00e4\u00e4 Italian vientilakien ja -asetusten vastaisesti.<\/p>\n<h2 style=\"text-align: left;\">16. Kumppanuusmarkkinointi<\/h2>\n<p style=\"text-align: left;\">T\u00e4m\u00e4n verkkosivuston kautta saatamme harjoittaa affiliate-markkinointia, jossa saamme prosenttiosuuden tai palkkion t\u00e4m\u00e4n verkkosivuston tai sen kautta myyt\u00e4vist\u00e4 palveluista tai tuotteista. Saatamme my\u00f6s hyv\u00e4ksy\u00e4 sponsorointia tai muunlaista mainoskorvausta yrityksilt\u00e4. T\u00e4m\u00e4n ilmoituksen tarkoituksena on noudattaa markkinointiin ja mainontaan mahdollisesti sovellettavia lakis\u00e4\u00e4teisi\u00e4 vaatimuksia, kuten Yhdysvaltojen Federal Trade Commissionin s\u00e4\u00e4nt\u00f6j\u00e4.<\/p>\n<h2 style=\"text-align: left;\">17. Toimeksianto<\/h2>\n<p style=\"text-align: left;\">Et saa luovuttaa, siirt\u00e4\u00e4 tai siirt\u00e4\u00e4 alihankintana mit\u00e4\u00e4n n\u00e4iden k\u00e4ytt\u00f6ehtojen mukaisia oikeuksiasi ja\/tai velvollisuuksiasi kokonaan tai osittain kolmannelle osapuolelle ilman etuk\u00e4teen saatua kirjallista suostumustamme. Kaikki t\u00e4m\u00e4n kohdan vastaiset v\u00e4itetyt luovutukset ovat mit\u00e4tt\u00f6mi\u00e4.<\/p>\n<h2 style=\"text-align: left;\">18. N\u00e4iden ehtojen rikkominen<\/h2>\n<p style=\"text-align: left;\">Jos rikot n\u00e4it\u00e4 k\u00e4ytt\u00f6ehtoja jollakin tavalla, voimme ryhty\u00e4 asianmukaisiksi katsomiimme toimenpiteisiin rikkomuksen k\u00e4sittelemiseksi, mukaan lukien verkkosivuston k\u00e4ytt\u00f6oikeuden tilap\u00e4inen tai pysyv\u00e4 keskeytt\u00e4minen, yhteydenotto Internet-palveluntarjoajaan, jotta t\u00e4m\u00e4 est\u00e4\u00e4 p\u00e4\u00e4sysi verkkosivustolle, ja\/tai oikeustoimet sinua vastaan, sanotun kuitenkaan rajoittamatta n\u00e4iden k\u00e4ytt\u00f6ehtojen mukaisia muita oikeuksiamme.<\/p>\n<h2 style=\"text-align: left;\">19. Ylivoimainen este<\/h2>\n<p style=\"text-align: left;\">Rahanmaksuvelvoitteita lukuun ottamatta kummankaan osapuolen viiv\u00e4styst\u00e4, laiminly\u00f6nti\u00e4 tai laiminly\u00f6nti\u00e4 t\u00e4ytt\u00e4\u00e4 tai noudattaa mit\u00e4\u00e4n t\u00e4m\u00e4n sopimuksen mukaisia velvoitteitaan ei katsota n\u00e4iden ehtojen rikkomiseksi, jos ja niin kauan kuin viiv\u00e4stys, laiminly\u00f6nti tai laiminly\u00f6nti johtuu jostain syyst\u00e4, joka ei ole kyseisen osapuolen kohtuullisessa m\u00e4\u00e4rin hallittavissa.<\/p>\n<h2 style=\"text-align: left;\">20. Vahingonkorvaus<\/h2>\n<p style=\"text-align: left;\">Sitoudut vapauttamaan, puolustamaan ja pit\u00e4m\u00e4\u00e4n meid\u00e4t vahingoittumattomina kaikista vaatimuksista, vastuista, vahingoista, menetyksist\u00e4 ja kuluista, jotka liittyv\u00e4t n\u00e4iden ehtojen ja sovellettavien lakien rikkomiseen, mukaan lukien immateriaalioikeudet ja yksityisyyden suoja. Sinun on viipym\u00e4tt\u00e4 korvattava meille vahingot, menetykset, kustannukset ja kulut, jotka liittyv\u00e4t t\u00e4llaisiin vaatimuksiin tai johtuvat niist\u00e4.<\/p>\n<h2 style=\"text-align: left;\">21. Luopuminen<\/h2>\n<p style=\"text-align: left;\">Se, ett\u00e4 mit\u00e4\u00e4n n\u00e4iden ehtojen ja sopimusten m\u00e4\u00e4r\u00e4yksi\u00e4 ei panna t\u00e4yt\u00e4nt\u00f6\u00f6n tai ett\u00e4 mit\u00e4\u00e4n irtisanomismahdollisuutta ei k\u00e4ytet\u00e4, ei merkitse luopumista kyseisist\u00e4 m\u00e4\u00e4r\u00e4yksist\u00e4, eik\u00e4 vaikuta n\u00e4iden ehtojen tai sopimuksen tai sen osan p\u00e4tevyyteen tai my\u00f6hemp\u00e4\u00e4n oikeuteen panna t\u00e4yt\u00e4nt\u00f6\u00f6n yksitt\u00e4isi\u00e4 m\u00e4\u00e4r\u00e4yksi\u00e4.<\/p>\n<h2 style=\"text-align: left;\">22. Kieli<\/h2>\n<p style=\"text-align: left;\">N\u00e4it\u00e4 k\u00e4ytt\u00f6ehtoja tulkitaan ja tulkitaan yksinomaan italiaksi. Kaikki ilmoitukset ja kirjeenvaihto on laadittava yksinomaan t\u00e4ll\u00e4 kielell\u00e4.<\/p>\n<h2 style=\"text-align: left;\">23. Kattava sopimus<\/h2>\n<p style=\"text-align: left;\">N\u00e4m\u00e4 k\u00e4ytt\u00f6ehdot yhdess\u00e4 tietosuojaselosteemme ja ev\u00e4stek\u00e4yt\u00e4nt\u00f6mme kanssa muodostavat koko sopimuksen sinun ja MEDDYS di Saca Eugeniu &amp; C SNC:n v\u00e4lill\u00e4 t\u00e4m\u00e4n verkkosivuston k\u00e4yt\u00f6st\u00e4.<\/p>\n<h2 style=\"text-align: left;\">24. N\u00e4iden ehtojen p\u00e4ivitt\u00e4minen<\/h2>\n<p style=\"text-align: left;\">Voimme p\u00e4ivitt\u00e4\u00e4 n\u00e4it\u00e4 k\u00e4ytt\u00f6ehtoja aika ajoin. Sinun velvollisuutesi on tarkistaa n\u00e4m\u00e4 k\u00e4ytt\u00f6ehdot s\u00e4\u00e4nn\u00f6llisesti mahdollisten muutosten tai p\u00e4ivitysten varalta. N\u00e4iden k\u00e4ytt\u00f6ehtojen yl\u00e4osaan merkitty p\u00e4iv\u00e4m\u00e4\u00e4r\u00e4 on viimeinen tarkistusp\u00e4iv\u00e4. N\u00e4ihin Ehtoihin tehdyt muutokset tulevat voimaan, kun muutokset julkaistaan t\u00e4ll\u00e4 verkkosivustolla. Jos jatkat t\u00e4m\u00e4n verkkosivuston k\u00e4ytt\u00f6\u00e4 muutosten tai p\u00e4ivitysten julkaisemisen j\u00e4lkeen, sinun katsotaan hyv\u00e4ksyv\u00e4n n\u00e4iden ehtojen noudattamisen ja sitoutuvan niihin.<\/p>\n<h2 style=\"text-align: left;\">25. Lainvalinta ja toimivalta<\/h2>\n<p style=\"text-align: left;\">N\u00e4ihin ehtoihin sovelletaan Italian lakeja. Kaikkiin n\u00e4ihin ehtoihin liittyviin riitoihin sovelletaan Italian tuomioistuinten tuomiovaltaa. Jos jokin tuomioistuin tai muu viranomainen katsoo n\u00e4iden ehtojen jonkin osan tai m\u00e4\u00e4r\u00e4yksen olevan p\u00e4tem\u00e4t\u00f6n ja\/tai t\u00e4yt\u00e4nt\u00f6\u00f6npanokelvoton sovellettavan lain mukaan, kyseist\u00e4 osaa tai m\u00e4\u00e4r\u00e4yst\u00e4 on muutettava, poistettava ja\/tai pantava t\u00e4yt\u00e4nt\u00f6\u00f6n mahdollisimman suuressa sallitussa m\u00e4\u00e4rin, jotta n\u00e4iden ehtojen tarkoitus toteutuu. T\u00e4m\u00e4 ei vaikuta muihin m\u00e4\u00e4r\u00e4yksiin.<\/p>\n<h2 style=\"text-align: left;\">26. Yhteystiedot<\/h2>\n<p style=\"text-align: left;\">T\u00e4m\u00e4n verkkosivuston omistaa ja sit\u00e4 yll\u00e4pit\u00e4\u00e4 MEDDYS di Saca Eugeniu &amp;C SNC.<\/p>\n<p style=\"text-align: left;\">Voit ottaa meihin yhteytt\u00e4 n\u00e4it\u00e4 k\u00e4ytt\u00f6ehtoja koskevissa asioissa kirjoittamalla tai l\u00e4hett\u00e4m\u00e4ll\u00e4 meille s\u00e4hk\u00f6postia seuraavaan osoitteeseen: info@puzzle3d.co.<\/p>\n<p style=\"text-align: left;\">Osoite:<\/p>\n<h4 style=\"text-align: left;\"><strong>3D-palapelit<br \/><\/strong>(MEDDYS SNC)<\/h4>\n<p style=\"text-align: left;\"><span id=\"Via_Cipro_125124_BresciaItalia\">Via Bologna, 10<br \/>25073 Bovezzo (BS)<br \/><\/span>Italia<\/p>\n<p style=\"text-align: left;\">https:\/\/puzzle3d.co<br \/>support@puzzle3d.co<br \/>Puh. +39 371 5394 647<\/p>\n<\/div>\n\t\t<\/div>\n\t\t\t\t\t<\/div>\n\n\t\n<\/div>\n\t\t<\/div>\n\n\t\t\n<style>\n#section_2115552084 {\n  padding-top: 60px;\n  padding-bottom: 60px;\n  min-height: 300px;\n  background-color: rgb(245, 245, 245);\n}\n<\/style>\n\t<\/section>","protected":false},"excerpt":{"rendered":"","protected":false},"author":10,"featured_media":0,"parent":0,"menu_order":0,"comment_status":"closed","ping_status":"closed","template":"","meta":{"slim_seo":{"title":"Termini e Condizioni - Puzzle 3D","description":"EHDOT N\u00e4m\u00e4 ehdot on viimeksi p\u00e4ivitetty 11. joulukuuta 2022 1."},"footnotes":""},"class_list":["post-3152","page","type-page","status-publish","hentry"],"_links":{"self":[{"href":"https:\/\/puzzle3d.co\/fi\/wp-json\/wp\/v2\/pages\/3152","targetHints":{"allow":["GET"]}}],"collection":[{"href":"https:\/\/puzzle3d.co\/fi\/wp-json\/wp\/v2\/pages"}],"about":[{"href":"https:\/\/puzzle3d.co\/fi\/wp-json\/wp\/v2\/types\/page"}],"author":[{"embeddable":true,"href":"https:\/\/puzzle3d.co\/fi\/wp-json\/wp\/v2\/users\/10"}],"replies":[{"embeddable":true,"href":"https:\/\/puzzle3d.co\/fi\/wp-json\/wp\/v2\/comments?post=3152"}],"version-history":[{"count":0,"href":"https:\/\/puzzle3d.co\/fi\/wp-json\/wp\/v2\/pages\/3152\/revisions"}],"wp:attachment":[{"href":"https:\/\/puzzle3d.co\/fi\/wp-json\/wp\/v2\/media?parent=3152"}],"curies":[{"name":"wp","href":"https:\/\/api.w.org\/{rel}","templated":true}]}}