{"id":3037,"date":"2023-11-15T18:15:18","date_gmt":"2023-11-15T18:15:18","guid":{"rendered":"https:\/\/puzzle3d.co\/?page_id=3037"},"modified":"2025-02-16T07:14:26","modified_gmt":"2025-02-16T07:14:26","slug":"eun-tietosuojaseloste","status":"publish","type":"page","link":"https:\/\/puzzle3d.co\/fi\/dichiarazione-sulla-privacy-ue\/","title":{"rendered":"Tietosuojaseloste (EU)"},"content":{"rendered":"<h1><span id=\"Dichiarazione_sulla_Privacy_UE\"><strong>Tietosuojaseloste (EU)<\/strong><\/span><\/h1>\n<p><em>T\u00e4m\u00e4 tietosuojaseloste on p\u00e4ivitetty viimeksi 21. lokakuuta 2022, ja se koskee Euroopan talousalueen ja Sveitsin kansalaisia ja laillisesti pysyvi\u00e4 asukkaita.<\/em><\/p>\n<p>T\u00e4ss\u00e4 tietosuojalausunnossa selit\u00e4mme, mit\u00e4 teemme tiedoilla, jotka saamme sinulta osoitteessa https:\/\/puzzle3d.co. Suosittelemme, ett\u00e4 luet lausuman huolellisesti. K\u00e4sittelyss\u00e4 noudatamme tietosuojalains\u00e4\u00e4d\u00e4nn\u00f6n vaatimuksia. T\u00e4m\u00e4 tarkoittaa muun muassa sit\u00e4, ett\u00e4<\/p>\n<ul>\n<li>ilmoitamme selke\u00e4sti syyn, miksi k\u00e4sittelemme henkil\u00f6tietoja. Teemme t\u00e4m\u00e4n t\u00e4m\u00e4n tietosuojaselosteen avulla;<\/li>\n<li>Pyrimme rajoittamaan henkil\u00f6tietojen ker\u00e4\u00e4misen vain niihin tietoihin, joita tarvitaan laillisiin tarkoituksiin;<\/li>\n<li>pyyd\u00e4mme ensin nimenomaista suostumustasi henkil\u00f6tietojesi k\u00e4sittelyyn tapauksissa, jotka edellytt\u00e4v\u00e4t suostumustasi;<\/li>\n<li>Toteutamme asianmukaisia turvatoimia henkil\u00f6tietojesi suojaamiseksi ja vaadimme t\u00e4t\u00e4 my\u00f6s osapuolilta, jotka k\u00e4sittelev\u00e4t henkil\u00f6tietoja puolestamme;<\/li>\n<li>kunnioitamme oikeuttasi tutustua henkil\u00f6tietoihisi tai saada ne pyynn\u00f6st\u00e4si oikaistua tai poistettua.<\/li>\n<\/ul>\n<p>Jos sinulla on kysytt\u00e4v\u00e4\u00e4 tai haluat tiet\u00e4\u00e4 tarkalleen, mit\u00e4 tietoja tallennamme, ota meihin yhteytt\u00e4.<\/p>\n<ol>\n<li><strong>Tarkoitus, tiedot ja s\u00e4ilytysaika<\/strong><\/li>\n<\/ol>\n<p>Saatamme ker\u00e4t\u00e4 tai vastaanottaa henkil\u00f6tietoja liiketoimintaamme liittyviin eri tarkoituksiin, joita voivat olla esimerkiksi seuraavat: (klikkaa laajentaaksesi)<\/p>\n<h3><span id=\"11_Contatto_8211_Tramite_telefono_posta_email_eo_moduli_web\">1.1 Yhteydenotot - puhelimitse, postitse, s\u00e4hk\u00f6postitse ja\/tai verkkolomakkeilla.<\/span><\/h3>\n<p><strong>K\u00e4yt\u00e4mme t\u00e4h\u00e4n tarkoitukseen seuraavia tietoja:<\/strong><\/p>\n<ul>\n<li>Etu- ja sukunimi<\/li>\n<li>Tilin nimi tai peitenimi<\/li>\n<li>Talo tai muu fyysinen osoite, mukaan lukien kadunnimi ja kaupunki.<\/li>\n<li>S\u00e4hk\u00f6postiosoite<\/li>\n<li>Puhelinnumero<\/li>\n<li>IP-osoite<\/li>\n<li>Internet-toimintatiedot, mukaan lukien mutta ei rajoittuen selaushistoriaan, hakuhistoriaan ja tietoihin, jotka koskevat k\u00e4ytt\u00e4j\u00e4n vuorovaikutusta Internet-sivuston, -sovelluksen tai -mainoksen kanssa.<\/li>\n<li>Paikannustiedot<\/li>\n<\/ul>\n<p><strong>K\u00e4sittelemme tietoja seuraavin perustein:<\/strong><\/p>\n<p><a href=\"https:\/\/cookiedatabase.org\/legal-bases\/#consent\">Suostumuksella.<\/a><\/p>\n<p><strong>Varastointiaika<\/strong><\/p>\n<p>Palvelun p\u00e4\u00e4ttyess\u00e4 s\u00e4ilyt\u00e4mme n\u00e4it\u00e4 tietoja seuraavan ajan: 24 kuukautta.<\/p>\n<h3><span id=\"12_Pagamenti\">1.2 Maksut<\/span><\/h3>\n<p><strong>K\u00e4yt\u00e4mme t\u00e4h\u00e4n tarkoitukseen seuraavia tietoja:<\/strong><\/p>\n<ul>\n<li>Etu- ja sukunimi<\/li>\n<li>Tilin nimi tai peitenimi<\/li>\n<li>Talo tai muu fyysinen osoite, mukaan lukien kadunnimi ja kaupunki.<\/li>\n<li>S\u00e4hk\u00f6postiosoite<\/li>\n<li>Puhelinnumero<\/li>\n<li>IP-osoite<\/li>\n<li>Internet-toimintatiedot, mukaan lukien mutta ei rajoittuen selaushistoriaan, hakuhistoriaan ja tietoihin, jotka koskevat k\u00e4ytt\u00e4j\u00e4n vuorovaikutusta Internet-sivuston, -sovelluksen tai -mainoksen kanssa.<\/li>\n<\/ul>\n<p><strong>K\u00e4sittelemme tietoja seuraavin perustein:<\/strong><\/p>\n<p><a href=\"https:\/\/cookiedatabase.org\/legal-bases\/#consent\">Suostumuksella.<\/a><\/p>\n<p><strong>Varastointiaika<\/strong><\/p>\n<p>Palvelun p\u00e4\u00e4ttyess\u00e4 s\u00e4ilyt\u00e4mme n\u00e4it\u00e4 tietoja seuraavan ajan: 24 kuukautta.<\/p>\n<h3><span id=\"13_Registrazione_account\">1.3 Tilin rekister\u00f6inti<\/span><\/h3>\n<p><strong>K\u00e4yt\u00e4mme t\u00e4h\u00e4n tarkoitukseen seuraavia tietoja:<\/strong><\/p>\n<ul>\n<li>Etu- ja sukunimi<\/li>\n<li>Tilin nimi tai peitenimi<\/li>\n<li>Talo tai muu fyysinen osoite, mukaan lukien kadunnimi ja kaupunki.<\/li>\n<li>S\u00e4hk\u00f6postiosoite<\/li>\n<li>Puhelinnumero<\/li>\n<li>IP-osoite<\/li>\n<li>Internet-toimintatiedot, mukaan lukien mutta ei rajoittuen selaushistoriaan, hakuhistoriaan ja tietoihin, jotka koskevat k\u00e4ytt\u00e4j\u00e4n vuorovaikutusta Internet-sivuston, -sovelluksen tai -mainoksen kanssa.<\/li>\n<\/ul>\n<p><strong>K\u00e4sittelemme tietoja seuraavin perustein:<\/strong><\/p>\n<p><a href=\"https:\/\/cookiedatabase.org\/legal-bases\/#consent\">Suostumuksella.<\/a><\/p>\n<p><strong>Varastointiaika<\/strong><\/p>\n<p>Palvelun p\u00e4\u00e4ttyess\u00e4 s\u00e4ilyt\u00e4mme n\u00e4it\u00e4 tietoja seuraavan ajan: 24 kuukautta.<\/p>\n<h3><span id=\"14_Newsletter\">1.4 Uutiskirje<\/span><\/h3>\n<p><strong>K\u00e4yt\u00e4mme t\u00e4h\u00e4n tarkoitukseen seuraavia tietoja:<\/strong><\/p>\n<ul>\n<li>Etu- ja sukunimi<\/li>\n<li>Tilin nimi tai peitenimi<\/li>\n<li>Talo tai muu fyysinen osoite, mukaan lukien kadunnimi ja kaupunki.<\/li>\n<li>S\u00e4hk\u00f6postiosoite<\/li>\n<li>Puhelinnumero<\/li>\n<li>IP-osoite<\/li>\n<li>Internet-toimintatiedot, mukaan lukien mutta ei rajoittuen selaushistoriaan, hakuhistoriaan ja tietoihin, jotka koskevat k\u00e4ytt\u00e4j\u00e4n vuorovaikutusta Internet-sivuston, -sovelluksen tai -mainoksen kanssa.<\/li>\n<\/ul>\n<p><strong>K\u00e4sittelemme tietoja seuraavin perustein:<\/strong><\/p>\n<p><a href=\"https:\/\/cookiedatabase.org\/legal-bases\/#consent\">Suostumuksella.<\/a><\/p>\n<p><strong>Varastointiaika<\/strong><\/p>\n<p>Palvelun p\u00e4\u00e4ttyess\u00e4 s\u00e4ilyt\u00e4mme n\u00e4it\u00e4 tietoja seuraavan ajan: 24 kuukautta.<\/p>\n<h3><span id=\"15_Per_supportare_servizi_o_prodotti_che_un_cliente_vogliono_o_hanno_comprato\">1.5 Asiakkaan haluamien tai ostamien palveluiden tai tuotteiden tukeminen.<\/span><\/h3>\n<p><strong>K\u00e4yt\u00e4mme t\u00e4h\u00e4n tarkoitukseen seuraavia tietoja:<\/strong><\/p>\n<ul>\n<li>Etu- ja sukunimi<\/li>\n<li>Tilin nimi tai peitenimi<\/li>\n<li>Talo tai muu fyysinen osoite, mukaan lukien kadunnimi ja kaupunki.<\/li>\n<li>S\u00e4hk\u00f6postiosoite<\/li>\n<li>Puhelinnumero<\/li>\n<li>IP-osoite<\/li>\n<li>Internet-toimintatiedot, mukaan lukien mutta ei rajoittuen selaushistoriaan, hakuhistoriaan ja tietoihin, jotka koskevat k\u00e4ytt\u00e4j\u00e4n vuorovaikutusta Internet-sivuston, -sovelluksen tai -mainoksen kanssa.<\/li>\n<li>Paikannustiedot<\/li>\n<\/ul>\n<p><strong>K\u00e4sittelemme tietoja seuraavin perustein:<\/strong><\/p>\n<p><a href=\"https:\/\/cookiedatabase.org\/legal-bases\/#consent\">Suostumuksella.<\/a><\/p>\n<p><strong>Varastointiaika<\/strong><\/p>\n<p>Palvelun p\u00e4\u00e4ttyess\u00e4 s\u00e4ilyt\u00e4mme n\u00e4it\u00e4 tietoja seuraavan ajan: 24 kuukautta.<\/p>\n<h3><span id=\"16_Per_essere_in_grado_di_rispettare_gli_obblighi_legali\">1.6 Voidaksemme noudattaa lakis\u00e4\u00e4teisi\u00e4 velvoitteita.<\/span><\/h3>\n<p><strong>K\u00e4yt\u00e4mme t\u00e4h\u00e4n tarkoitukseen seuraavia tietoja:<\/strong><\/p>\n<ul>\n<li>Etu- ja sukunimi<\/li>\n<li>Tilin nimi tai peitenimi<\/li>\n<li>Talo tai muu fyysinen osoite, mukaan lukien kadunnimi ja kaupunki.<\/li>\n<li>S\u00e4hk\u00f6postiosoite<\/li>\n<li>Puhelinnumero<\/li>\n<li>IP-osoite<\/li>\n<li>Internet-toimintatiedot, mukaan lukien mutta ei rajoittuen selaushistoriaan, hakuhistoriaan ja tietoihin, jotka koskevat k\u00e4ytt\u00e4j\u00e4n vuorovaikutusta Internet-sivuston, -sovelluksen tai -mainoksen kanssa.<\/li>\n<\/ul>\n<p><strong>K\u00e4sittelemme tietoja seuraavin perustein:<\/strong><\/p>\n<p><a href=\"https:\/\/cookiedatabase.org\/legal-bases\/#consent\">Suostumuksella.<\/a><\/p>\n<p><strong>Varastointiaika<\/strong><\/p>\n<p>Palvelun p\u00e4\u00e4ttyess\u00e4 s\u00e4ilyt\u00e4mme n\u00e4it\u00e4 tietoja seuraavan ajan: 24 kuukautta.<\/p>\n<h3><span id=\"17_Compilazione_ed_analisi_di_statistiche_per_migliore_il_sito\">1.7 Tilastojen ker\u00e4\u00e4minen ja analysointi sivuston parantamiseksi.<\/span><\/h3>\n<p><strong>K\u00e4yt\u00e4mme t\u00e4h\u00e4n tarkoitukseen seuraavia tietoja:<\/strong><\/p>\n<ul>\n<li>Etu- ja sukunimi<\/li>\n<li>Tilin nimi tai peitenimi<\/li>\n<li>Talo tai muu fyysinen osoite, mukaan lukien kadunnimi ja kaupunki.<\/li>\n<li>S\u00e4hk\u00f6postiosoite<\/li>\n<li>Puhelinnumero<\/li>\n<li>IP-osoite<\/li>\n<li>Internet-toimintatiedot, mukaan lukien mutta ei rajoittuen selaushistoriaan, hakuhistoriaan ja tietoihin, jotka koskevat k\u00e4ytt\u00e4j\u00e4n vuorovaikutusta Internet-sivuston, -sovelluksen tai -mainoksen kanssa.<\/li>\n<li>Paikannustiedot<\/li>\n<\/ul>\n<p><strong>K\u00e4sittelemme tietoja seuraavin perustein:<\/strong><\/p>\n<p><a href=\"https:\/\/cookiedatabase.org\/legal-bases\/#consent\">Suostumuksella.<\/a><\/p>\n<p><strong>Varastointiaika<\/strong><\/p>\n<p>Palvelun p\u00e4\u00e4ttyess\u00e4 s\u00e4ilyt\u00e4mme n\u00e4it\u00e4 tietoja seuraavan ajan: 24 kuukautta.<\/p>\n<h3><span id=\"18_Per_poter_offrire_prodotti_e_servizi_personalizzati\">1.8 Voidaksemme tarjota r\u00e4\u00e4t\u00e4l\u00f6ityj\u00e4 tuotteita ja palveluja.<\/span><\/h3>\n<p><strong>K\u00e4yt\u00e4mme t\u00e4h\u00e4n tarkoitukseen seuraavia tietoja:<\/strong><\/p>\n<ul>\n<li>Etu- ja sukunimi<\/li>\n<li>Tilin nimi tai peitenimi<\/li>\n<li>Talo tai muu fyysinen osoite, mukaan lukien kadunnimi ja kaupunki.<\/li>\n<li>S\u00e4hk\u00f6postiosoite<\/li>\n<li>Puhelinnumero<\/li>\n<li>IP-osoite<\/li>\n<li>Internet-toimintatiedot, mukaan lukien mutta ei rajoittuen selaushistoriaan, hakuhistoriaan ja tietoihin, jotka koskevat k\u00e4ytt\u00e4j\u00e4n vuorovaikutusta Internet-sivuston, -sovelluksen tai -mainoksen kanssa.<\/li>\n<li>Paikannustiedot<\/li>\n<\/ul>\n<p><strong>K\u00e4sittelemme tietoja seuraavin perustein:<\/strong><\/p>\n<p><a href=\"https:\/\/cookiedatabase.org\/legal-bases\/#consent\">Suostumuksella.<\/a><\/p>\n<p><strong>Varastointiaika<\/strong><\/p>\n<p>Palvelun p\u00e4\u00e4ttyess\u00e4 s\u00e4ilyt\u00e4mme n\u00e4it\u00e4 tietoja seuraavan ajan: 24 kuukautta.<\/p>\n<ol start=\"2\">\n<li><strong>Ev\u00e4steet<\/strong><\/li>\n<\/ol>\n<p>Sivustomme k\u00e4ytt\u00e4\u00e4 ev\u00e4steit\u00e4. Lis\u00e4tietoja ev\u00e4steist\u00e4 saat ev\u00e4stek\u00e4yt\u00e4nn\u00f6st\u00e4mme.<\/p>\n<p>Olemme tehneet tietojenk\u00e4sittelysopimuksen Googlen kanssa.<\/p>\n<p>Google ei voi k\u00e4ytt\u00e4\u00e4 tietoja muihin Googlen palveluihin.<\/p>\n<ol start=\"3\">\n<li><strong>Turvallisuus<\/strong><\/li>\n<\/ol>\n<p>Olemme sitoutuneet henkil\u00f6tietojen turvallisuuteen. Toteutamme asianmukaisia turvatoimia rajoittaaksemme henkil\u00f6tietojen v\u00e4\u00e4rink\u00e4ytt\u00f6\u00e4 ja luvatonta p\u00e4\u00e4sy\u00e4 niihin. N\u00e4in varmistetaan, ett\u00e4 vain tarvittavilla henkil\u00f6ill\u00e4 on p\u00e4\u00e4sy tietoihin, ett\u00e4 p\u00e4\u00e4sy tietoihin on suojattu ja ett\u00e4 turvatoimenpiteemme tarkistetaan s\u00e4\u00e4nn\u00f6llisesti.<\/p>\n<ol start=\"4\">\n<li><strong>Kolmannen osapuolen verkkosivustot<\/strong><\/li>\n<\/ol>\n<p>T\u00e4m\u00e4 tietosuojaseloste ei koske kolmansien osapuolten verkkosivustoja, joihin on linkki verkkosivustollamme. Emme voi taata, ett\u00e4 n\u00e4m\u00e4 kolmannet osapuolet k\u00e4sittelev\u00e4t henkil\u00f6tietojasi luotettavasti ja turvallisesti. Suosittelemme, ett\u00e4 luet n\u00e4iden verkkosivustojen tietosuojaselosteet ennen niiden k\u00e4ytt\u00f6\u00e4.<\/p>\n<ol start=\"5\">\n<li><strong>T\u00e4m\u00e4n tietosuojaselosteen sakot.<\/strong><\/li>\n<\/ol>\n<p>Pid\u00e4t\u00e4mme oikeuden tehd\u00e4 muutoksia t\u00e4h\u00e4n tietosuojaselosteeseen. Suosittelemme, ett\u00e4 tutustut t\u00e4h\u00e4n tietosuojaselosteeseen s\u00e4\u00e4nn\u00f6llisesti, jotta olet tietoinen kaikista muutoksista. Lis\u00e4ksi tiedotamme sinulle aktiivisesti aina kun se on mahdollista.<\/p>\n<ol start=\"6\">\n<li><strong>Tietojen k\u00e4ytt\u00e4minen ja muokkaaminen<\/strong><\/li>\n<\/ol>\n<p>Jos sinulla on kysytt\u00e4v\u00e4\u00e4 tai haluat tiet\u00e4\u00e4 tarkalleen, mit\u00e4 henkil\u00f6tietoja meill\u00e4 on sinusta, ota meihin yhteytt\u00e4.<\/p>\n<ul>\n<li>Sinulla on oikeus tiet\u00e4\u00e4, milloin henkil\u00f6tietojasi tarvitaan, mit\u00e4 niille tapahtuu ja kuinka kauan niit\u00e4 s\u00e4ilytet\u00e4\u00e4n.<\/li>\n<li>Tarkastusoikeus: Sinulla on oikeus tutustua henkil\u00f6tietoihisi, joista meill\u00e4 on tietoa.<\/li>\n<li>Oikaisuoikeus: Sinulla on oikeus t\u00e4ydent\u00e4\u00e4, korjata, poistaa tai est\u00e4\u00e4 henkil\u00f6tietojasi milloin tahansa.<\/li>\n<li>Jos sinulla on kysytt\u00e4v\u00e4\u00e4 tai ongelmia verkkosivuston saavutettavuuden kanssa, \u00e4l\u00e4 ep\u00e4r\u00f6i ottaa meihin yhteytt\u00e4.<\/li>\n<li>Oikeus siirt\u00e4\u00e4 tietosi: sinulla on oikeus pyyt\u00e4\u00e4 kaikki tietosi rekisterinpit\u00e4j\u00e4lt\u00e4 ja siirt\u00e4\u00e4 ne toiselle rekisterinpit\u00e4j\u00e4lle.<\/li>\n<li>Vastustamisoikeus: Sinulla on oikeus vastustaa tietojesi k\u00e4sittely\u00e4. Kunnioitamme t\u00e4t\u00e4 valintaa, ellei k\u00e4sittelylle ole p\u00e4tev\u00e4\u00e4 perustetta.<\/li>\n<\/ul>\n<p>Varmista, ett\u00e4 ilmoitat aina selv\u00e4sti, kuka olet, jotta voit olla varma, ettet poista tai muuta v\u00e4\u00e4r\u00e4n henkil\u00f6n tietoja.<\/p>\n<ol start=\"7\">\n<li><strong>Valituksen l\u00e4hett\u00e4minen<\/strong><\/li>\n<\/ol>\n<p>Jos et ole tyytyv\u00e4inen siihen, miten k\u00e4sittelemme henkil\u00f6tietojesi k\u00e4sittely\u00e4, sinulla on oikeus tehd\u00e4 valitus tietosuojaviranomaiselle.<\/p>\n<ol start=\"8\">\n<li><strong>Yhteystiedot<\/strong><\/li>\n<\/ol>\n<p><strong>PUZZLE3D.CO<\/strong><br \/>\n<span style=\"font-size: 75%;\">(MEDDYS SNC)<\/span><\/p>\n<p>Via Bologna 10<br \/>\nBovezzo (BS) 25073<br \/>\nItalia<\/p>\n<p>Verkkosivusto: https:\/\/puzzle3d.co<br \/>\nS\u00e4hk\u00f6posti: support@puzzle3d.co<br \/>\nPuhelinnumero: 371 5394 647<\/p>","protected":false},"excerpt":{"rendered":"<p>Dichiarazione sulla Privacy (UE) Questa dichiarazione sulla privacy \u00e8 stata aggiornata l\u2019ultima volta il Ottobre 21, 2022 e si applica ai cittadini e ai residenti permanenti legali dello Spazio Economico Europeo e della Svizzera In questa dichiarazione sulla privacy, spieghiamo cosa facciamo con i dati che otteniamo da te attraverso\u00a0https:\/\/puzzle3d.co\u00a0Ti consigliamo di leggere attentamente la [&#8230;]\n","protected":false},"author":10,"featured_media":0,"parent":0,"menu_order":0,"comment_status":"closed","ping_status":"closed","template":"","meta":{"slim_seo":{"title":"Dichiarazione sulla Privacy (UE) - Puzzle 3D","description":"Tietosuojaseloste (EU) T\u00e4m\u00e4 tietosuojaseloste on p\u00e4ivitetty viimeksi 21. lokakuuta 2022, ja se koskee EU:n kansalaisia ja asukkaita."},"footnotes":""},"class_list":["post-3037","page","type-page","status-publish","hentry"],"_links":{"self":[{"href":"https:\/\/puzzle3d.co\/fi\/wp-json\/wp\/v2\/pages\/3037","targetHints":{"allow":["GET"]}}],"collection":[{"href":"https:\/\/puzzle3d.co\/fi\/wp-json\/wp\/v2\/pages"}],"about":[{"href":"https:\/\/puzzle3d.co\/fi\/wp-json\/wp\/v2\/types\/page"}],"author":[{"embeddable":true,"href":"https:\/\/puzzle3d.co\/fi\/wp-json\/wp\/v2\/users\/10"}],"replies":[{"embeddable":true,"href":"https:\/\/puzzle3d.co\/fi\/wp-json\/wp\/v2\/comments?post=3037"}],"version-history":[{"count":0,"href":"https:\/\/puzzle3d.co\/fi\/wp-json\/wp\/v2\/pages\/3037\/revisions"}],"wp:attachment":[{"href":"https:\/\/puzzle3d.co\/fi\/wp-json\/wp\/v2\/media?parent=3037"}],"curies":[{"name":"wp","href":"https:\/\/api.w.org\/{rel}","templated":true}]}}