{"id":1249,"date":"2023-02-09T10:27:01","date_gmt":"2023-02-09T10:27:01","guid":{"rendered":"https:\/\/puzzle3d.co\/politica-de-confidentialitate-ro-copy\/"},"modified":"2025-02-16T07:14:42","modified_gmt":"2025-02-16T07:14:42","slug":"peruuttamisoikeus","status":"publish","type":"page","link":"https:\/\/puzzle3d.co\/fi\/diritto-di-recesso\/","title":{"rendered":"Peruuttamisoikeus"},"content":{"rendered":"<header class=\"entry-header ast-no-thumbnail ast-no-meta\">\n<h1 class=\"h3-classico-pag\"><span id=\"Diritto_di_recessodirettiva_201183UE_ratificata_in_Italia_con_il_D_LGS_21_febbraio_2014_N_21\"><strong>Peruuttamisoikeus<\/strong><\/span><\/h1>\n<div><strong>TOIMITUS<\/strong><\/div>\n<div>\u00a0<\/div>\n<div>Tuotteet toimitetaan nopealla kuriiripalvelulla. Puzzle 3D:n velvoitteiden enimm\u00e4isarvo asiakasta kohtaan ostettujen tuotteiden toimittamatta j\u00e4tt\u00e4misen tai virheellisen toimituksen tapauksessa on summa, jonka yrityksemme perii kyseiselt\u00e4 asiakkaalta. Jos hinnat tai muut tuotetiedot n\u00e4ytet\u00e4\u00e4n virheellisesti, my\u00f6s siksi, ett\u00e4 ne on sy\u00f6tetty virheellisesti tietokantaan, Puzzle3D.co pid\u00e4tt\u00e4\u00e4 oikeuden peruuttaa kyseisen tuotteen toimituksen ja ilmoittaa asiakkaalle mahdollisimman pian tapahtuneesta virheest\u00e4.<\/div>\n<div>\u00a0<\/div>\n<div><strong>Tilaukset, joita ei ole vahvistettu puhelimitse, peruutetaan.<\/strong><\/div>\n<div>\u00a0<\/div>\n<div>Toimitusmaksu on 3,95 euroa enint\u00e4\u00e4n 80 lei:n tilauksista painosta tai toimitusosoitteesta riippumatta.<\/div>\n<div>Yli 80 euron arvoiset tilaukset toimitetaan ilmaiseksi.<\/div>\n<div>Tilaukset, jotka on tehty postiennakolla, jos niit\u00e4 ei ole vahvistettu puhelimitse, peruutetaan.<\/div>\n<div>Sivustolta tilatut tuotteet toimitetaan heti, kun olet vahvistanut tilauksen puhelimitse jollekin operaattorillemme.<\/div>\n<div>Kun tilauksesi on vahvistettu, sinuun otetaan yhteytt\u00e4 s\u00e4hk\u00f6postitse tai puhelimitse, ja saat AWB-numerosi ja voit seurata pakettisi olinpaikkaa suoraan kuriiripalvelun verkkosivuilta.<\/div>\n<div>\u00a0<\/div>\n<div>Tuotteiden toimitusaika riippuu varastosta. Tavallisesti saat tuotteen kotiin 24-48 tunnin kuluessa tilausvahvistuksesta, jos tuote on varastossamme. Jos tuotetta ei joissakin tapauksissa ole varastossa, operaattori ilmoittaa sinulle puhelimitse tai s\u00e4hk\u00f6postitse tilattujen tuotteiden toimitusajan.<\/div>\n<h3 class=\"h3-classico-pag\"><span id=\"Diritto_di_recessodirettiva_201183UE_ratificata_in_Italia_con_il_D_LGS_21_febbraio_2014_N_21\">(Direktiivi 2011\/83\/EU, ratifioitu Italiassa 21. helmikuuta 2014 annetulla asetuksella nro 21).<\/span><\/h3>\n<p class=\"p-classico-pag\">\"Kuluttajalla\" (eli luonnollisella henkil\u00f6ll\u00e4, joka ostaa tavaroita muuhun kuin ammatilliseen toimintaansa liittyv\u00e4\u00e4 tarkoitusta varten, eli joka ei tee ostoa ilmoittamalla alv-numeroa tilauslomakkeessa) on oikeus peruuttaa et\u00e4myyntisopimus ilman perusteluja ja seuraamuksia.<\/p>\n<p class=\"p-classico-pag\">Vastaanotettuaan tavaran kuluttajan on <strong>14 p\u00e4iv\u00e4\u00e4<\/strong> ilmoittaa halustaan k\u00e4ytt\u00e4\u00e4 peruuttamisoikeuttaan. Ilmoitus voi tapahtua esimerkiksi palvelulipulla, kirjatulla kirjeell\u00e4 tai s\u00e4hk\u00f6postilla. Ilmoituksessa on mainittava ostajan etu- ja sukunimi, tilausnumero, laskun numero ja ostop\u00e4iv\u00e4m\u00e4\u00e4r\u00e4.<\/p>\n<p class=\"p-classico-pag\">Kuluttaja on velvollinen palauttamaan tuotteet samassa kunnossa, jossa ne on vastaanotettu, alkuper\u00e4ispakkauksineen (ehjin\u00e4 ja t\u00e4ydellisin\u00e4 kaikkine osineen, koska niit\u00e4 pidet\u00e4\u00e4n tavaran erottamattomina osina), k\u00e4ytt\u00f6ohjeineen, lis\u00e4varusteineen, komponentteineen, avaimineen ja kaikkine muine toimitettuine tavaroineen, ilman mit\u00e4\u00e4n puutteita.<\/p>\n<p class=\"p-classico-pag\">Kuluttaja on vastuussa ainoastaan tavaran arvon alenemisesta, joka johtuu tavaran k\u00e4sittelyst\u00e4, joka ei ole tarpeen tavaran luonteen, ominaisuuksien ja toiminnan selvitt\u00e4miseksi.<br \/>Jos tavarat ovat selv\u00e4sti k\u00e4ytettyj\u00e4 ja\/tai niiden pakkaukset puuttuvat tai ovat ehji\u00e4, niiden kaupallinen arvon aleneminen \"k\u00e4ytettyn\u00e4 tuotteena\" tapahtuvan uudelleen markkinoinnin yhteydess\u00e4 johtaa arvon alenemiseen.<\/p>\n<p class=\"p-classico-pag\">Alkuper\u00e4isen pakkauksen vahingoittumisen rajoittamiseksi suosittelemme mahdollisuuksien mukaan laittamaan sen toiseen laatikkoon ja v\u00e4ltt\u00e4m\u00e4\u00e4n kaikissa tapauksissa tarrojen tai teipin kiinnitt\u00e4mist\u00e4 suoraan alkuper\u00e4iseen tuotepakkaukseen.<\/p>\n<p class=\"p-classico-pag\">Kuluttajan on huolehdittava siit\u00e4, ett\u00e4 tuote palautetaan 14 p\u00e4iv\u00e4n kuluessa peruuttamisilmoituksesta Puzzle 3D (MEDDYS SNC ) - Via Bologna 10, 25073 Bovezzo (BS), Italia - osoitteeseen sen oman huolintaliikkeen toimesta. Kuluttaja vastaa palautuskustannuksista.<br \/>Siihen asti, kunnes vastaanottovahvistus on saapunut edell\u00e4 mainittuun osoitteeseen, tavarat kulkevat kuluttajan vastuulla; sen vuoksi on suositeltavaa vakuuttaa paluul\u00e4hetys varkauden, katoamisen tai kuljetusvaurion varalta, josta AgriEuro ei ota vastuuta.<\/p>\n<p class=\"p-classico-pag\">14 p\u00e4iv\u00e4n kuluessa tavaroiden vastaanottamisesta palautamme asiakkaalle koko kauppasumman (edell\u00e4 esitettyjen rajoitusten mukaisesti) k\u00e4ytt\u00e4en samaa maksutapaa, jota k\u00e4ytettiin alkuper\u00e4isess\u00e4 ostossa. Palautus voidaan keskeytt\u00e4\u00e4, kunnes kuluttaja on todistanut, ett\u00e4 h\u00e4n on todella l\u00e4hett\u00e4nyt tavarat takaisin.<\/p>\n<h3 class=\"h3-classico-pag\"><span id=\"Recesso_del_Fornitore\"><strong>Toimittajan peruuttaminen<\/strong><\/span><\/h3>\n<p class=\"p-classico-pag\">MEDDYS SNC:ll\u00e4 on oikeus peruuttaa myyntisopimus antamalla asiakkaalle yksinkertaisen perustellun ilmoituksen ylivoimaisen esteen tai ylivoimaisen esteen sattuessa, joka ei johdu verkkokaupasta tai kuljetusliikkeest\u00e4. T\u00e4llaisessa tapauksessa asiakkaalla on oikeus ainoastaan jo maksetun summan palautukseen.<\/p>\n<div><strong>\u00a0<\/strong><\/div>\n<div><strong>MITEN TUOTE PALAUTETAAN?<\/strong><\/div>\n<div>\u00a0<\/div>\n<div>Nykyisten GEO 34\/2014 -s\u00e4\u00e4d\u00f6sten mukaan voit palauttaa Puzzle3D.co-sivustolta ostamasi tuotteet 14 p\u00e4iv\u00e4n kuluessa niiden ostamisesta.<\/div>\n<div>\u00a0<\/div>\n<div>Tuote voidaan palauttaa seuraavin ehdoin:<\/div>\n<div>\u00a0<\/div>\n<div>ei merkkej\u00e4 kokoonpanosta, naarmuja, kolhuja<\/div>\n<div>ehj\u00e4t pakkaukset, etiketit ja tarvikkeet<\/div>\n<div>jossa ei ole k\u00e4yt\u00f6n merkkej\u00e4<\/div>\n<div>Tuote voidaan palauttaa vain, jos se on t\u00e4ydellisess\u00e4 kunnossa (mukaan lukien pakkaus) eik\u00e4 siin\u00e4 ole kulumisen merkkej\u00e4. Jos tuote hyl\u00e4t\u00e4\u00e4n, ota meihin yhteytt\u00e4 24 tunnin kuluessa tuotteen vastaanottamisesta puhelimitse tai s\u00e4hk\u00f6postitse palautuksen yksityiskohtien selvitt\u00e4miseksi.<\/div>\n<div>\u00a0<\/div>\n<div>Asiakas vastaa palautuskustannuksista, ja tuotteen arvon palautus tapahtuu noin 5-7 ty\u00f6p\u00e4iv\u00e4n kuluessa, eik\u00e4 se saa ylitt\u00e4\u00e4 14 p\u00e4iv\u00e4n lakis\u00e4\u00e4teist\u00e4 m\u00e4\u00e4r\u00e4aikaa.<\/div>\n<div>\u00a0<\/div>\n<div>Jos palautettu tuote on vahingoittunut, siin\u00e4 on selvi\u00e4 k\u00e4yt\u00f6n merkkej\u00e4 eik\u00e4 sit\u00e4 voida myyd\u00e4 uutena, pid\u00e4t\u00e4mme oikeuden hyl\u00e4t\u00e4 tuotteen. Kaikista n\u00e4ist\u00e4 lausekkeista ja ehdoista on s\u00e4\u00e4detty:<\/div>\n<div>\u00a0<\/div>\n<div>Et\u00e4sopimuksia koskevasta oikeudellisesta j\u00e4rjestelm\u00e4st\u00e4 annettu kiireellinen asetus N:o 34\/2014.<\/div>\n<div>\u00a0<\/div>\n<div>Ota yhteytt\u00e4 s\u00e4hk\u00f6postitse: support@puzzle3D.co<\/div>\n<div>Tuotteen palautusosoite:<\/div>\n<div>\u00a0<\/div>\n<div>Via Bologna 10<\/div>\n<div>Bovezz (BS) 25073<\/div>\n<div>Italia<\/div>\n<div>\u00a0<\/div>\n<div>Huomio: \u00e4l\u00e4 l\u00e4het\u00e4 tuotetta ennen kuin olet saanut palautusosaston suostumuksen, palautusosoite voi olla eri kuin yrityksen osoite!<\/div>\n<div>\u00a0<\/div>\n<div>MITEN PALAUTAMME RAHASI?<\/div>\n<div>\u00a0<\/div>\n<div>verkkokortilla maksettujen tilausten osalta - palautus pankkitilille, jolta maksu on suoritettu.<\/div>\n<div>tilaukset maksetaan k\u00e4teisell\u00e4 perill\u00e4\/iTransferill\u00e4\/- pankkisiirrolla.<\/div>\n<div>Puzzle3D.co voi lyk\u00e4t\u00e4 summan palauttamista siihen asti, kunnes se on vastaanottanut myydyt tavarat tai kunnes se on vastaanottanut todisteen niiden l\u00e4hett\u00e4misest\u00e4, jos se ei ole tarjoutunut noutamaan tavaroita itse (kumpi tahansa on my\u00f6h\u00e4isempi). .<\/div>\n<div>\u00a0<\/div>\n<div>Jos Myyj\u00e4 ei voi toimittaa Ostajan tilaamaa tuotetta, Myyj\u00e4n on ilmoitettava t\u00e4st\u00e4 Asiakkaalle\/Ostajalle ja palautettava tuotteen vasta-arvo Ostajan tilille enint\u00e4\u00e4n 14 p\u00e4iv\u00e4n kuluessa siit\u00e4 p\u00e4iv\u00e4st\u00e4, jona Myyj\u00e4 sai tiedon t\u00e4st\u00e4.<\/div>\n<\/header>\n<p>\u00a0<\/p>\n<div class=\"is-divider divider clearfix\" style=\"max-width:0px;height:25px;background-color:rgb(255, 255, 255);\"><\/div>","protected":false},"excerpt":{"rendered":"<p>Diritto di recesso CONSEGNA \u00a0 La consegna dei prodotti viene effettuata tramite corriere veloce. Il valore massimo degli obblighi di Puzzle 3D nei confronti di qualsiasi cliente in caso di mancata consegna o consegna impropria dei prodotti acquistati \u00e8 l&#8217;importo riscosso dalla nostra azienda dal rispettivo cliente. Nel caso in cui i prezzi o altri [&#8230;]\n","protected":false},"author":10,"featured_media":0,"parent":0,"menu_order":0,"comment_status":"closed","ping_status":"closed","template":"","meta":{"slim_seo":{"title":"Peruuttamisoikeus - 3D-palapelit","description":"\"Kuluttajalla\" (eli luonnollisella henkil\u00f6ll\u00e4, joka ostaa tavaroita muuhun kuin ammatilliseen toimintaansa liittyv\u00e4\u00e4 tarkoitusta varten, eli joka ei tee ostoa ilmoittamalla alv-numeroa tilauslomakkeessa) on oikeus peruuttaa et\u00e4myyntisopimus ilman perusteluja ja seuraamuksia."},"footnotes":""},"class_list":["post-1249","page","type-page","status-publish","hentry"],"_links":{"self":[{"href":"https:\/\/puzzle3d.co\/fi\/wp-json\/wp\/v2\/pages\/1249","targetHints":{"allow":["GET"]}}],"collection":[{"href":"https:\/\/puzzle3d.co\/fi\/wp-json\/wp\/v2\/pages"}],"about":[{"href":"https:\/\/puzzle3d.co\/fi\/wp-json\/wp\/v2\/types\/page"}],"author":[{"embeddable":true,"href":"https:\/\/puzzle3d.co\/fi\/wp-json\/wp\/v2\/users\/10"}],"replies":[{"embeddable":true,"href":"https:\/\/puzzle3d.co\/fi\/wp-json\/wp\/v2\/comments?post=1249"}],"version-history":[{"count":0,"href":"https:\/\/puzzle3d.co\/fi\/wp-json\/wp\/v2\/pages\/1249\/revisions"}],"wp:attachment":[{"href":"https:\/\/puzzle3d.co\/fi\/wp-json\/wp\/v2\/media?parent=1249"}],"curies":[{"name":"wp","href":"https:\/\/api.w.org\/{rel}","templated":true}]}}