{"id":1196,"date":"2023-02-07T09:58:30","date_gmt":"2023-02-07T09:58:30","guid":{"rendered":"https:\/\/puzzle3d.co\/cookie-policy-eu\/"},"modified":"2025-02-16T07:14:09","modified_gmt":"2025-02-16T07:14:09","slug":"evastekaytanto-eu","status":"publish","type":"page","link":"https:\/\/puzzle3d.co\/fi\/cookie-policy-eu\/","title":{"rendered":"Ev\u00e4stek\u00e4yt\u00e4nt\u00f6 (EU)"},"content":{"rendered":"<h1><i>Politica sui Cookie UE<\/i><\/h1>\n[cmplz-document type=&#8221;cookie-statement&#8221; region=&#8221;eu&#8221;]\n","protected":false},"excerpt":{"rendered":"<p>Politica sui Cookie UE [cmplz-document type=&#8221;cookie-statement&#8221; region=&#8221;eu&#8221;]\n","protected":false},"author":10,"featured_media":0,"parent":0,"menu_order":0,"comment_status":"closed","ping_status":"closed","template":"","meta":{"slim_seo":{"title":"Ev\u00e4stek\u00e4yt\u00e4nt\u00f6 (EU) - 3D Puzzles","description":"Verkkosivustomme k\u00e4ytt\u00e4\u00e4 ev\u00e4steit\u00e4 ja muita niihin liittyvi\u00e4 tekniikoita (kaikkiin tekniikoihin viitataan nimell\u00e4 \"ev\u00e4steet\")."},"footnotes":""},"class_list":["post-1196","page","type-page","status-publish","hentry"],"_links":{"self":[{"href":"https:\/\/puzzle3d.co\/fi\/wp-json\/wp\/v2\/pages\/1196","targetHints":{"allow":["GET"]}}],"collection":[{"href":"https:\/\/puzzle3d.co\/fi\/wp-json\/wp\/v2\/pages"}],"about":[{"href":"https:\/\/puzzle3d.co\/fi\/wp-json\/wp\/v2\/types\/page"}],"author":[{"embeddable":true,"href":"https:\/\/puzzle3d.co\/fi\/wp-json\/wp\/v2\/users\/10"}],"replies":[{"embeddable":true,"href":"https:\/\/puzzle3d.co\/fi\/wp-json\/wp\/v2\/comments?post=1196"}],"version-history":[{"count":0,"href":"https:\/\/puzzle3d.co\/fi\/wp-json\/wp\/v2\/pages\/1196\/revisions"}],"wp:attachment":[{"href":"https:\/\/puzzle3d.co\/fi\/wp-json\/wp\/v2\/media?parent=1196"}],"curies":[{"name":"wp","href":"https:\/\/api.w.org\/{rel}","templated":true}]}}