{"id":942,"date":"2023-01-31T09:32:58","date_gmt":"2023-01-31T09:32:58","guid":{"rendered":"https:\/\/puzzle3d.co\/product\/kinetic-globe-puzzle-3d-copy\/"},"modified":"2025-06-11T19:04:17","modified_gmt":"2025-06-11T19:04:17","slug":"molino-de-viento-mecanico-puzzle-3d","status":"publish","type":"product","link":"https:\/\/puzzle3d.co\/es\/prodotto\/mulino-a-vento-meccanico-puzzle-3d\/","title":{"rendered":"Molino mec\u00e1nico de madera para construir 227 piezas"},"content":{"rendered":"<div>\n<div>\n<div>\n<p><strong>Molino mec\u00e1nico de madera para construir 227 piezas<\/strong><\/p>\n<\/div>\n<div><\/div>\n<div>Los molinos salvaron a Holanda de las inundaciones.<\/div>\n<div><\/div>\n<div>\u00bfC\u00f3mo podr\u00eda \"salvarte\" a ti tambi\u00e9n?<\/div>\n<div><\/div>\n<div>Monta un molinillo de viento cuando quieras escapar de la rutina, observa c\u00f3mo giran las h\u00e9lices cuando est\u00e9s cansado o, simplemente, regala un molinillo a un ser querido y te estar\u00e1 muy agradecido.<\/div>\n<div><\/div>\n<div>Regalo perfecto para los amantes de la naturaleza<\/div>\n<div><\/div>\n<div>Puedes montarlo junto con tu hijo. Tu peque\u00f1o compa\u00f1ero quedar\u00e1 fascinado con esta maqueta y al mismo tiempo contar\u00e1 la historia, imaginar\u00e1 c\u00f3mo hace cientos de a\u00f1os la gente mol\u00eda granos, cereales, prensaba aceite, trituraba tabaco e incluso fabricaba papel.<\/div>\n<div><\/div>\n<div>Por cierto, los primeros molinos de viento se inventaron hacia el siglo IX en la antigua Persia y se extendieron a Europa hacia el siglo XVIII.<\/div>\n<div><\/div>\n<div>El molino de viento es un mueble que querr\u00e1 exponer donde pase la mayor parte del tiempo.<\/div>\n<div><\/div>\n<\/div>\n<div>\n<div><strong>DETALLES DEL PRODUCTO:<\/strong><\/div>\n<div><\/div>\n<div>Dimensiones del modelo: 195*340*400 mm<\/div>\n<div>Dimensiones del embalaje: 375 x 243 x 20 mm<\/div>\n<div>N\u00famero de piezas: 227<\/div>\n<\/div>\n<\/div>\n<div>\n<div><\/div>\n<\/div>","protected":false},"excerpt":{"rendered":"<div>Monta un molinillo de viento cuando quieras escapar de la rutina, observa c\u00f3mo giran las h\u00e9lices cuando est\u00e9s cansado o, simplemente, regala un molinillo a un ser querido y te estar\u00e1 muy agradecido.<\/div>\n<p>&nbsp;<\/p>","protected":false},"featured_media":948,"comment_status":"open","ping_status":"closed","template":"","meta":[],"product_brand":[],"product_cat":[73,74,76,89,90,91],"product_tag":[],"woo-feed-brand":[],"class_list":{"0":"post-942","1":"product","2":"type-product","3":"status-publish","4":"has-post-thumbnail","6":"product_cat-puzzle-3d","7":"product_cat-puzzle-3d-in-legno","8":"product_cat-puzzle-3d-per-bambini","9":"product_cat-puzzle-meccanici-3d-in-legno","10":"product_cat-puzzle-meccanici-per-bambini","11":"product_cat-puzzle-meccanici-per-adulti","13":"first","14":"instock","15":"shipping-taxable","16":"purchasable","17":"product-type-simple"},"_links":{"self":[{"href":"https:\/\/puzzle3d.co\/es\/wp-json\/wp\/v2\/product\/942","targetHints":{"allow":["GET"]}}],"collection":[{"href":"https:\/\/puzzle3d.co\/es\/wp-json\/wp\/v2\/product"}],"about":[{"href":"https:\/\/puzzle3d.co\/es\/wp-json\/wp\/v2\/types\/product"}],"replies":[{"embeddable":true,"href":"https:\/\/puzzle3d.co\/es\/wp-json\/wp\/v2\/comments?post=942"}],"wp:featuredmedia":[{"embeddable":true,"href":"https:\/\/puzzle3d.co\/es\/wp-json\/wp\/v2\/media\/948"}],"wp:attachment":[{"href":"https:\/\/puzzle3d.co\/es\/wp-json\/wp\/v2\/media?parent=942"}],"wp:term":[{"taxonomy":"product_brand","embeddable":true,"href":"https:\/\/puzzle3d.co\/es\/wp-json\/wp\/v2\/product_brand?post=942"},{"taxonomy":"product_cat","embeddable":true,"href":"https:\/\/puzzle3d.co\/es\/wp-json\/wp\/v2\/product_cat?post=942"},{"taxonomy":"product_tag","embeddable":true,"href":"https:\/\/puzzle3d.co\/es\/wp-json\/wp\/v2\/product_tag?post=942"},{"taxonomy":"woo-feed-brand","embeddable":true,"href":"https:\/\/puzzle3d.co\/es\/wp-json\/wp\/v2\/woo-feed-brand?post=942"}],"curies":[{"name":"wp","href":"https:\/\/api.w.org\/{rel}","templated":true}]}}