{"id":879,"date":"2023-01-26T12:35:38","date_gmt":"2023-01-26T12:35:38","guid":{"rendered":"https:\/\/puzzle3d.co\/product\/t-rex-tyrannosaurus-rex-puzzle-classic-lemn-puzzle-jigsaw-copy\/"},"modified":"2025-06-11T19:04:33","modified_gmt":"2025-06-11T19:04:33","slug":"camaleon-puzzle-2d-madera","status":"publish","type":"product","link":"https:\/\/puzzle3d.co\/es\/prodotto\/camaleonte-puzzle-2d-jigsaw-legno\/","title":{"rendered":"Camale\u00f3n 2D Puzzle de madera , 111 piezas"},"content":{"rendered":"<div>\n<p><strong>Camale\u00f3n 2D Puzzle de madera , 111 piezas<\/strong><\/p>\n<div><\/div>\n<\/div>\n<div>\n<div>\n<div>Este camale\u00f3n puede ense\u00f1arle algo fundamental de lo que hemos vivido en los \u00faltimos tres a\u00f1os: la adaptabilidad.<\/div>\n<div><\/div>\n<div>El sistema nervioso del camale\u00f3n controla las c\u00e9lulas cromat\u00f3foras que contienen los pigmentos y le permite cambiar de color en funci\u00f3n del entorno.<\/div>\n<div><\/div>\n<div>Si te apetece un cambio, medita mientras montas un puzzle camale\u00f3nico. Centra tus pensamientos y puede que encuentres nuevas soluciones para variar.<\/div>\n<div><\/div>\n<div>Para un reto adicional y m\u00e1s tiempo consigo mismo, opte por el tama\u00f1o L suministrado con 505 piezas.<\/div>\n<div><\/div>\n<div><\/div>\n<div><strong>DETALLES DEL PRODUCTO:<\/strong><\/div>\n<div>Dimensiones del modelo: 371*280*5 mm<\/div>\n<div>Dimensiones del embalaje: 255 x 192 x 42 mm<\/div>\n<div>N\u00famero de piezas: 111<\/div>\n<\/div>\n<div><\/div>\n<\/div>","protected":false},"excerpt":{"rendered":"<p>Este camale\u00f3n puede ense\u00f1arle algo fundamental de lo que hemos vivido en los \u00faltimos tres a\u00f1os: la adaptabilidad.<\/p>","protected":false},"featured_media":850,"comment_status":"open","ping_status":"closed","template":"","meta":[],"product_brand":[],"product_cat":[80,84,83],"product_tag":[],"woo-feed-brand":[],"class_list":{"0":"post-879","1":"product","2":"type-product","3":"status-publish","4":"has-post-thumbnail","6":"product_cat-puzzle-jigsaw","7":"product_cat-puzzle-jigsaw-in-legno","8":"product_cat-puzzle-jigsaw-bambini","10":"first","11":"instock","12":"shipping-taxable","13":"purchasable","14":"product-type-simple"},"_links":{"self":[{"href":"https:\/\/puzzle3d.co\/es\/wp-json\/wp\/v2\/product\/879","targetHints":{"allow":["GET"]}}],"collection":[{"href":"https:\/\/puzzle3d.co\/es\/wp-json\/wp\/v2\/product"}],"about":[{"href":"https:\/\/puzzle3d.co\/es\/wp-json\/wp\/v2\/types\/product"}],"replies":[{"embeddable":true,"href":"https:\/\/puzzle3d.co\/es\/wp-json\/wp\/v2\/comments?post=879"}],"wp:featuredmedia":[{"embeddable":true,"href":"https:\/\/puzzle3d.co\/es\/wp-json\/wp\/v2\/media\/850"}],"wp:attachment":[{"href":"https:\/\/puzzle3d.co\/es\/wp-json\/wp\/v2\/media?parent=879"}],"wp:term":[{"taxonomy":"product_brand","embeddable":true,"href":"https:\/\/puzzle3d.co\/es\/wp-json\/wp\/v2\/product_brand?post=879"},{"taxonomy":"product_cat","embeddable":true,"href":"https:\/\/puzzle3d.co\/es\/wp-json\/wp\/v2\/product_cat?post=879"},{"taxonomy":"product_tag","embeddable":true,"href":"https:\/\/puzzle3d.co\/es\/wp-json\/wp\/v2\/product_tag?post=879"},{"taxonomy":"woo-feed-brand","embeddable":true,"href":"https:\/\/puzzle3d.co\/es\/wp-json\/wp\/v2\/woo-feed-brand?post=879"}],"curies":[{"name":"wp","href":"https:\/\/api.w.org\/{rel}","templated":true}]}}