{"id":877,"date":"2023-01-26T12:26:03","date_gmt":"2023-01-26T12:26:03","guid":{"rendered":"https:\/\/puzzle3d.co\/product\/lynx-puzzle-classic-lemn-copy\/"},"modified":"2025-06-11T19:05:15","modified_gmt":"2025-06-11T19:05:15","slug":"t-rex-dinosaurio-puzzle-madera","status":"publish","type":"product","link":"https:\/\/puzzle3d.co\/es\/prodotto\/t-rex-dinosauro-puzzle-jigsaw-legno\/","title":{"rendered":"Puzzle 2D de madera de dinosaurio. 129 piezas"},"content":{"rendered":"<div>\n<p><strong>Puzzle 2D del dinosaurio T-Rex de madera, 129 piezas<\/strong><\/p>\n<div><\/div>\n<\/div>\n<div>\n<div>\n<div>Hace 67 o 65 millones de a\u00f1os, el famoso Tiranosaurio Rex, o T-Rex, viv\u00eda en Norteam\u00e9rica.<\/div>\n<div><\/div>\n<div>Se asocia a la imagen de un dinosaurio grande y poderoso, con una mand\u00edbula imponente y dientes largos y afilados.<\/div>\n<div><\/div>\n<div>Pesaba entre 6 y 8 toneladas y su cuerpo med\u00eda entre 12 y 13 metros.<\/div>\n<div><\/div>\n<div>Incre\u00edble, \u00bfverdad?<\/div>\n<div><\/div>\n<div>Si le gustan los dinosaurios o desea una decoraci\u00f3n original para su hogar, o tal vez busca un regalo para un entusiasta de la prehistoria, T-rez seguro que le gustar\u00e1.<\/div>\n<div><\/div>\n<div>Su envidiable dentadura har\u00e1 que los ni\u00f1os se responsabilicen de la higiene dental.<\/div>\n<div><\/div>\n<div>Entre las dem\u00e1s piezas del puzzle de madera reconocer\u00e1s un dinosaurio, un murci\u00e9lago volador, un canguro<\/div>\n<div>.<\/div>\n<div><\/div>\n<div><strong>DETALLES DEL PRODUCTO:<\/strong><\/div>\n<div>Dimensiones del modelo: 400*244*5 mm<\/div>\n<div>Dimensiones del embalaje: 255 x 192 x 42 mm<\/div>\n<div>N\u00famero de piezas: 129<\/div>\n<\/div>\n<div><\/div>\n<\/div>","protected":false},"excerpt":{"rendered":"<p>T-REX-Tyrannosaurus Rex rompecabezas\/puzzle cl\u00e1sico de madera. Entre las dem\u00e1s piezas del puzzle de madera reconocer\u00e1s un dinosaurio, un murci\u00e9lago volador, un canguro<\/p>","protected":false},"featured_media":858,"comment_status":"open","ping_status":"closed","template":"","meta":{"slim_seo":{"title":"\ud83e\udd96Dinosaurio 2D rompecabezas de madera, 129 piezas.","description":"T-REX Dinosaurio \/ Tyrannosaurus Rex puzzle \/ rompecabezas de madera cl\u00e1sico. Original rompecabezas para ni\u00f1os"}},"product_brand":[],"product_cat":[80,83,84],"product_tag":[],"woo-feed-brand":[],"class_list":{"0":"post-877","1":"product","2":"type-product","3":"status-publish","4":"has-post-thumbnail","6":"product_cat-puzzle-jigsaw","7":"product_cat-puzzle-jigsaw-bambini","8":"product_cat-puzzle-jigsaw-in-legno","10":"first","11":"instock","12":"shipping-taxable","13":"purchasable","14":"product-type-simple"},"_links":{"self":[{"href":"https:\/\/puzzle3d.co\/es\/wp-json\/wp\/v2\/product\/877","targetHints":{"allow":["GET"]}}],"collection":[{"href":"https:\/\/puzzle3d.co\/es\/wp-json\/wp\/v2\/product"}],"about":[{"href":"https:\/\/puzzle3d.co\/es\/wp-json\/wp\/v2\/types\/product"}],"replies":[{"embeddable":true,"href":"https:\/\/puzzle3d.co\/es\/wp-json\/wp\/v2\/comments?post=877"}],"wp:featuredmedia":[{"embeddable":true,"href":"https:\/\/puzzle3d.co\/es\/wp-json\/wp\/v2\/media\/858"}],"wp:attachment":[{"href":"https:\/\/puzzle3d.co\/es\/wp-json\/wp\/v2\/media?parent=877"}],"wp:term":[{"taxonomy":"product_brand","embeddable":true,"href":"https:\/\/puzzle3d.co\/es\/wp-json\/wp\/v2\/product_brand?post=877"},{"taxonomy":"product_cat","embeddable":true,"href":"https:\/\/puzzle3d.co\/es\/wp-json\/wp\/v2\/product_cat?post=877"},{"taxonomy":"product_tag","embeddable":true,"href":"https:\/\/puzzle3d.co\/es\/wp-json\/wp\/v2\/product_tag?post=877"},{"taxonomy":"woo-feed-brand","embeddable":true,"href":"https:\/\/puzzle3d.co\/es\/wp-json\/wp\/v2\/woo-feed-brand?post=877"}],"curies":[{"name":"wp","href":"https:\/\/api.w.org\/{rel}","templated":true}]}}