{"id":875,"date":"2023-01-26T12:17:36","date_gmt":"2023-01-26T12:17:36","guid":{"rendered":"https:\/\/puzzle3d.co\/product\/panther-puzzle-classic-lemn-copy\/"},"modified":"2025-09-10T09:44:49","modified_gmt":"2025-09-10T09:44:49","slug":"rompecabezas-linx-madera","status":"publish","type":"product","link":"https:\/\/puzzle3d.co\/es\/prodotto\/linx-puzzle-jigsaw-legno\/","title":{"rendered":"Linx Eurasian - Puzzle de madera 2D, 139 piezas"},"content":{"rendered":"<div><strong>Linx Eurasian - Puzzle de madera 2D, 139 piezas<\/strong><\/div>\n<div><\/div>\n<div>Pensabas que era un le\u00f3n, pero es un lince, una especie de gato salvaje, tambi\u00e9n llamado \"pantera de las nieves\" o \"gato de las nieves\".<\/div>\n<div><\/div>\n<div>El t\u00e9rmino \"lince\" tambi\u00e9n puede utilizarse para referirse a una persona muy despierta y atenta o que tiene muy buena vista.<\/div>\n<div><\/div>\n<div>As\u00ed que, si te consideras atento y despierto, te reto a que pruebes un modelo de rompecabezas de madera tan cl\u00e1sico que pondr\u00e1 a prueba no s\u00f3lo tu atenci\u00f3n a los detalles, sino tambi\u00e9n tu concentraci\u00f3n.<\/div>\n<div><\/div>\n<div><strong>DETALLES DEL PRODUCTO:<\/strong><\/div>\n<div>Dimensiones del modelo: 353*280*5mm<\/div>\n<div>Dimensiones del embalaje: 255 x 192 x 42 mm<\/div>\n<div>N\u00famero de piezas: 139<\/div>","protected":false},"excerpt":{"rendered":"<p>LYNX - puzzle cl\u00e1sico de madera con gato salvaje<\/p>","protected":false},"featured_media":854,"comment_status":"open","ping_status":"closed","template":"","meta":[],"product_brand":[],"product_cat":[80,84,83],"product_tag":[],"woo-feed-brand":[],"class_list":{"0":"post-875","1":"product","2":"type-product","3":"status-publish","4":"has-post-thumbnail","6":"product_cat-puzzle-jigsaw","7":"product_cat-puzzle-jigsaw-in-legno","8":"product_cat-puzzle-jigsaw-bambini","10":"first","11":"instock","12":"shipping-taxable","13":"purchasable","14":"product-type-simple"},"_links":{"self":[{"href":"https:\/\/puzzle3d.co\/es\/wp-json\/wp\/v2\/product\/875","targetHints":{"allow":["GET"]}}],"collection":[{"href":"https:\/\/puzzle3d.co\/es\/wp-json\/wp\/v2\/product"}],"about":[{"href":"https:\/\/puzzle3d.co\/es\/wp-json\/wp\/v2\/types\/product"}],"replies":[{"embeddable":true,"href":"https:\/\/puzzle3d.co\/es\/wp-json\/wp\/v2\/comments?post=875"}],"wp:featuredmedia":[{"embeddable":true,"href":"https:\/\/puzzle3d.co\/es\/wp-json\/wp\/v2\/media\/854"}],"wp:attachment":[{"href":"https:\/\/puzzle3d.co\/es\/wp-json\/wp\/v2\/media?parent=875"}],"wp:term":[{"taxonomy":"product_brand","embeddable":true,"href":"https:\/\/puzzle3d.co\/es\/wp-json\/wp\/v2\/product_brand?post=875"},{"taxonomy":"product_cat","embeddable":true,"href":"https:\/\/puzzle3d.co\/es\/wp-json\/wp\/v2\/product_cat?post=875"},{"taxonomy":"product_tag","embeddable":true,"href":"https:\/\/puzzle3d.co\/es\/wp-json\/wp\/v2\/product_tag?post=875"},{"taxonomy":"woo-feed-brand","embeddable":true,"href":"https:\/\/puzzle3d.co\/es\/wp-json\/wp\/v2\/woo-feed-brand?post=875"}],"curies":[{"name":"wp","href":"https:\/\/api.w.org\/{rel}","templated":true}]}}