{"id":873,"date":"2023-01-26T12:01:44","date_gmt":"2023-01-26T12:01:44","guid":{"rendered":"https:\/\/puzzle3d.co\/product\/lion-puzzle-classic-lemn-copy\/"},"modified":"2025-06-11T19:05:45","modified_gmt":"2025-06-11T19:05:45","slug":"rompecabezas-de-madera-clasico-pantera","status":"publish","type":"product","link":"https:\/\/puzzle3d.co\/es\/prodotto\/pantera-puzzle-classic-legno-jigsaw\/","title":{"rendered":"Black PANTHER 2D Puzzle de madera, 102 piezas"},"content":{"rendered":"<div><strong>Black PANTHER 2D Puzzle de madera, 102 piezas<\/strong><\/div>\n<div><\/div>\n<div>\u00bfSab\u00eda que el nombre cient\u00edfico de la pantera negra es pardus?<\/div>\n<div><\/div>\n<div>En muchas culturas tradicionales de \u00c1frica, Asia y la India, la pantera negra se considera un s\u00edmbolo de fuerza y valor, prosperidad y buena suerte.<\/div>\n<div><\/div>\n<div>\u00bfSigue buscando razones para elegir este bonito puzzle de madera?<\/div>\n<div><\/div>\n<div>Si usted tambi\u00e9n es una persona valiente, emparejar las piezas ser\u00e1 un proceso interesante. Encontrar\u00e1 gatos monteses, jaguares, tigres y otros felinos entre las piezas para una experiencia llena de acci\u00f3n.<\/div>\n<div><\/div>\n<div><\/div>\n<div><strong>DETALLES DEL PRODUCTO:<\/strong><\/div>\n<div>Dimensiones del modelo: 311*280*5 mm<\/div>\n<div>Dimensiones del embalaje: 255 x 192 x 42 mm<\/div>\n<div>N\u00famero de piezas: 102<\/div>","protected":false},"excerpt":{"rendered":"<p>La pantera negra se considera un s\u00edmbolo de fuerza y valor, prosperidad y suerte. Entre las piezas de este puzzle encontrar\u00e1s gatos salvajes, jaguares, tigres y otros felinos para una experiencia llena de acci\u00f3n.<\/p>","protected":false},"featured_media":857,"comment_status":"open","ping_status":"closed","template":"","meta":{"slim_seo":{"title":"\ud83d\udc08\u200d\u2b1bPANTERA Puzzle de madera negro, 102 piezas","description":"BLACK PANTHER Puzzle 2D de madera. Descubre el encanto del puzzle de madera 2D con el fascinante dise\u00f1o de la PANTERA. Con 102 piezas, este juego ofrece diversi\u00f3n y desaf\u00edo para todas las edades."}},"product_brand":[],"product_cat":[80,83,84],"product_tag":[],"woo-feed-brand":[],"class_list":{"0":"post-873","1":"product","2":"type-product","3":"status-publish","4":"has-post-thumbnail","6":"product_cat-puzzle-jigsaw","7":"product_cat-puzzle-jigsaw-bambini","8":"product_cat-puzzle-jigsaw-in-legno","10":"first","11":"instock","12":"shipping-taxable","13":"purchasable","14":"product-type-simple"},"_links":{"self":[{"href":"https:\/\/puzzle3d.co\/es\/wp-json\/wp\/v2\/product\/873","targetHints":{"allow":["GET"]}}],"collection":[{"href":"https:\/\/puzzle3d.co\/es\/wp-json\/wp\/v2\/product"}],"about":[{"href":"https:\/\/puzzle3d.co\/es\/wp-json\/wp\/v2\/types\/product"}],"replies":[{"embeddable":true,"href":"https:\/\/puzzle3d.co\/es\/wp-json\/wp\/v2\/comments?post=873"}],"wp:featuredmedia":[{"embeddable":true,"href":"https:\/\/puzzle3d.co\/es\/wp-json\/wp\/v2\/media\/857"}],"wp:attachment":[{"href":"https:\/\/puzzle3d.co\/es\/wp-json\/wp\/v2\/media?parent=873"}],"wp:term":[{"taxonomy":"product_brand","embeddable":true,"href":"https:\/\/puzzle3d.co\/es\/wp-json\/wp\/v2\/product_brand?post=873"},{"taxonomy":"product_cat","embeddable":true,"href":"https:\/\/puzzle3d.co\/es\/wp-json\/wp\/v2\/product_cat?post=873"},{"taxonomy":"product_tag","embeddable":true,"href":"https:\/\/puzzle3d.co\/es\/wp-json\/wp\/v2\/product_tag?post=873"},{"taxonomy":"woo-feed-brand","embeddable":true,"href":"https:\/\/puzzle3d.co\/es\/wp-json\/wp\/v2\/woo-feed-brand?post=873"}],"curies":[{"name":"wp","href":"https:\/\/api.w.org\/{rel}","templated":true}]}}