{"id":870,"date":"2023-01-26T11:45:24","date_gmt":"2023-01-26T11:45:24","guid":{"rendered":"https:\/\/puzzle3d.co\/product\/fox-puzzle-classic-lemn-copy\/"},"modified":"2025-06-11T19:06:20","modified_gmt":"2025-06-11T19:06:20","slug":"leone-puzzle-clasico-rompecabezas-madera","status":"publish","type":"product","link":"https:\/\/puzzle3d.co\/es\/prodotto\/leone-puzzle-classic-jigsaw-legno\/","title":{"rendered":"LEONE Puzzle 2D de madera, 100 piezas"},"content":{"rendered":"<div><span style=\"font-size: 100%;\"><strong>LION - puzzle cl\u00e1sico de madera<\/strong><\/span><\/div>\n<div><\/div>\n<div><span style=\"font-size: 100%;\">El rey de los animales salvajes ya est\u00e1 en casa.<\/span><\/div>\n<div><\/div>\n<div><span style=\"font-size: 100%;\">Se enamorar\u00e1 de este le\u00f3n a primera vista. Sus refinados detalles y abundantes colores atraer\u00e1n las miradas y la admiraci\u00f3n.<\/span><\/div>\n<div><\/div>\n<div><span style=\"font-size: 100%;\">No viene solo, sino con su gran familia: elefante, tigre, jirafa (\u00bfqu\u00e9 otros animales reconoces ah\u00ed?) que reconocer\u00e1s entre las piezas de madera del puzzle.<\/span><\/div>\n<div><\/div>\n<div><span style=\"font-size: 100%;\">\u00bfSe pregunta por qu\u00e9? Porque ser fuerte y ser llamado el rey de los animales significa, en primer lugar, estar codo con codo con los dem\u00e1s.<\/span><\/div>\n<div><\/div>\n<div><span style=\"font-size: 100%;\">Si quieres pasar una velada interesante con alguien a quien quieres, elige montar este le\u00f3n y discutir un tema filos\u00f3fico.<\/span><\/div>\n<div><\/div>\n<div><span style=\"font-size: 100%;\">En filosof\u00eda, por ejemplo, el le\u00f3n se considera un s\u00edmbolo de la naturaleza humana, que puede dividirse en dos partes: una racional y otra animal.<\/span><\/div>\n<div><\/div>\n<div><span style=\"font-size: 100%;\">Ofrecemos 3 tama\u00f1os (S, M, L) entre los que puedes elegir el adecuado para la pared de tu casa u oficina. O tal vez quieras poner este simp\u00e1tico puzzle en un marco: t\u00fa eliges.<\/span><\/div>\n<div><\/div>\n<div><span style=\"font-size: 100%;\"><strong>DETALLES DEL PRODUCTO:<\/strong><\/span><\/div>\n<div><span style=\"font-size: 100%;\">Dimensiones del modelo: 310*280*5mm<\/span><\/div>\n<div><span style=\"font-size: 100%;\">Dimensiones del embalaje: 255 x 192 x 42 mm<\/span><\/div>\n<div><span style=\"font-size: 100%;\">N\u00famero de piezas: 100<\/span><\/div>","protected":false},"excerpt":{"rendered":"<p>Se enamorar\u00e1 de este le\u00f3n a primera vista. Sus refinados detalles y abundantes colores atraer\u00e1n las miradas y la admiraci\u00f3n.<br \/>\nNo viene solo, sino con su gran familia: elefante, tigre, jirafa que reconocer\u00e1s entre las piezas de madera del puzzle.<\/p>","protected":false},"featured_media":853,"comment_status":"open","ping_status":"closed","template":"","meta":[],"product_brand":[],"product_cat":[80,84,83],"product_tag":[],"woo-feed-brand":[],"class_list":{"0":"post-870","1":"product","2":"type-product","3":"status-publish","4":"has-post-thumbnail","6":"product_cat-puzzle-jigsaw","7":"product_cat-puzzle-jigsaw-in-legno","8":"product_cat-puzzle-jigsaw-bambini","10":"first","11":"instock","12":"sale","13":"shipping-taxable","14":"purchasable","15":"product-type-simple"},"_links":{"self":[{"href":"https:\/\/puzzle3d.co\/es\/wp-json\/wp\/v2\/product\/870","targetHints":{"allow":["GET"]}}],"collection":[{"href":"https:\/\/puzzle3d.co\/es\/wp-json\/wp\/v2\/product"}],"about":[{"href":"https:\/\/puzzle3d.co\/es\/wp-json\/wp\/v2\/types\/product"}],"replies":[{"embeddable":true,"href":"https:\/\/puzzle3d.co\/es\/wp-json\/wp\/v2\/comments?post=870"}],"wp:featuredmedia":[{"embeddable":true,"href":"https:\/\/puzzle3d.co\/es\/wp-json\/wp\/v2\/media\/853"}],"wp:attachment":[{"href":"https:\/\/puzzle3d.co\/es\/wp-json\/wp\/v2\/media?parent=870"}],"wp:term":[{"taxonomy":"product_brand","embeddable":true,"href":"https:\/\/puzzle3d.co\/es\/wp-json\/wp\/v2\/product_brand?post=870"},{"taxonomy":"product_cat","embeddable":true,"href":"https:\/\/puzzle3d.co\/es\/wp-json\/wp\/v2\/product_cat?post=870"},{"taxonomy":"product_tag","embeddable":true,"href":"https:\/\/puzzle3d.co\/es\/wp-json\/wp\/v2\/product_tag?post=870"},{"taxonomy":"woo-feed-brand","embeddable":true,"href":"https:\/\/puzzle3d.co\/es\/wp-json\/wp\/v2\/woo-feed-brand?post=870"}],"curies":[{"name":"wp","href":"https:\/\/api.w.org\/{rel}","templated":true}]}}