{"id":868,"date":"2023-01-26T10:56:46","date_gmt":"2023-01-26T10:56:46","guid":{"rendered":"https:\/\/puzzle3d.co\/product\/turtle-puzzle-classic-lemn-copy\/"},"modified":"2025-06-11T19:06:33","modified_gmt":"2025-06-11T19:06:33","slug":"vulpa-puzzle-classic-madera","status":"publish","type":"product","link":"https:\/\/puzzle3d.co\/es\/prodotto\/vulpa-puzzle-classic-legno\/","title":{"rendered":"Puzzle de madera VULPA 2D , 141 piezas"},"content":{"rendered":"<div><strong>Puzzle cl\u00e1sico de madera VULPA<\/strong><\/div>\n<div><\/div>\n<div>Un rompecabezas lleno de encanto y desaf\u00edo que le encantar\u00e1 con sus finos detalles y abundantes colores.<\/div>\n<div>\u00bfQu\u00e9 ves en sus ojos: astucia y seducci\u00f3n o inteligencia, valor e independencia?<\/div>\n<div><\/div>\n<div>La forma en que lo percibes tambi\u00e9n puede decir mucho de ti como persona.<\/div>\n<div><\/div>\n<div>Entre las piezas de puzzle que componen esta maravillosa decoraci\u00f3n encontrar\u00e1s m\u00e1s zorros, lobos, conejos, ratas y gallinas.<\/div>\n<div>Entrena tu imaginaci\u00f3n con todos estos animales y luego decora un lugar donde te guste pasar el tiempo para admirarlos lo m\u00e1s a menudo posible.<\/div>\n<div><\/div>\n<div>El zorro tambi\u00e9n te recordar\u00e1 al bosque, as\u00ed que siempre que tengas oportunidad ve al parque o al bosque y sum\u00e9rgete en la naturaleza<\/div>\n<div><\/div>\n<div><strong>DETALLES DEL PRODUCTO:<\/strong><\/div>\n<div>Dimensiones del modelo: 400*280*5 mm<\/div>\n<div>Dimensiones del embalaje: 255 x 192 x 42 mm<\/div>\n<div>N\u00famero de piezas: 141<\/div>","protected":false},"excerpt":{"rendered":"<p>Entre las piezas de puzzle que componen esta maravillosa decoraci\u00f3n encontrar\u00e1s m\u00e1s zorros, lobos, conejos, ratas y gallinas.<\/p>","protected":false},"featured_media":851,"comment_status":"open","ping_status":"closed","template":"","meta":[],"product_brand":[],"product_cat":[80,84,83],"product_tag":[],"woo-feed-brand":[],"class_list":{"0":"post-868","1":"product","2":"type-product","3":"status-publish","4":"has-post-thumbnail","6":"product_cat-puzzle-jigsaw","7":"product_cat-puzzle-jigsaw-in-legno","8":"product_cat-puzzle-jigsaw-bambini","10":"first","11":"instock","12":"shipping-taxable","13":"purchasable","14":"product-type-simple"},"_links":{"self":[{"href":"https:\/\/puzzle3d.co\/es\/wp-json\/wp\/v2\/product\/868","targetHints":{"allow":["GET"]}}],"collection":[{"href":"https:\/\/puzzle3d.co\/es\/wp-json\/wp\/v2\/product"}],"about":[{"href":"https:\/\/puzzle3d.co\/es\/wp-json\/wp\/v2\/types\/product"}],"replies":[{"embeddable":true,"href":"https:\/\/puzzle3d.co\/es\/wp-json\/wp\/v2\/comments?post=868"}],"wp:featuredmedia":[{"embeddable":true,"href":"https:\/\/puzzle3d.co\/es\/wp-json\/wp\/v2\/media\/851"}],"wp:attachment":[{"href":"https:\/\/puzzle3d.co\/es\/wp-json\/wp\/v2\/media?parent=868"}],"wp:term":[{"taxonomy":"product_brand","embeddable":true,"href":"https:\/\/puzzle3d.co\/es\/wp-json\/wp\/v2\/product_brand?post=868"},{"taxonomy":"product_cat","embeddable":true,"href":"https:\/\/puzzle3d.co\/es\/wp-json\/wp\/v2\/product_cat?post=868"},{"taxonomy":"product_tag","embeddable":true,"href":"https:\/\/puzzle3d.co\/es\/wp-json\/wp\/v2\/product_tag?post=868"},{"taxonomy":"woo-feed-brand","embeddable":true,"href":"https:\/\/puzzle3d.co\/es\/wp-json\/wp\/v2\/woo-feed-brand?post=868"}],"curies":[{"name":"wp","href":"https:\/\/api.w.org\/{rel}","templated":true}]}}