{"id":866,"date":"2023-01-25T22:19:56","date_gmt":"2023-01-25T22:19:56","guid":{"rendered":"https:\/\/puzzle3d.co\/product\/owl-puzzle-classic-lemn-copy\/"},"modified":"2026-01-21T16:50:41","modified_gmt":"2026-01-21T16:50:41","slug":"puzzle-tortuga","status":"publish","type":"product","link":"https:\/\/puzzle3d.co\/es\/prodotto\/tartaruga-puzzle\/","title":{"rendered":"TARTARUGA Puzzle 2D \/ Rompecabezas de madera, 150 piezas"},"content":{"rendered":"<div><strong>TARTARUGA Puzzle 2D Calssic \/ Rompecabezas de madera, 150 piezas<\/strong><\/div>\n<div><\/div>\n<div>\u00bfT\u00fa tambi\u00e9n te preguntas d\u00f3nde empez\u00f3 la rana? Busquemos juntos la respuesta.<\/div>\n<div><\/div>\n<div>Curiosamente, las tortugas son el s\u00edmbolo de la longevidad, ya que viven m\u00e1s de 100 a\u00f1os. Su caparaz\u00f3n significa protecci\u00f3n y seguridad, ofreciendo una barrera mental y f\u00edsica.<\/div>\n<div><\/div>\n<div>Cuando te sientas agotado, es aconsejable construir un puzzle como el de la imagen. Te relajar\u00e1s, te concentrar\u00e1s e incluso pondr\u00e1s un caparaz\u00f3n a la agotadora rutina.<\/div>\n<div><\/div>\n<div>Emoci\u00f3nate con la tortuga del puzzle de la imagen y al final descubrir\u00e1s d\u00f3nde empez\u00f3.<\/div>\n<div><\/div>\n<div><strong>DETALLES DEL PRODUCTO:<\/strong><\/div>\n<div>Dimensiones del modelo: 281*395*5 mm<\/div>\n<div>Dimensiones del embalaje: 255 x 192 x 42 mm<\/div>\n<div>N\u00famero de piezas: 150<\/div>","protected":false},"excerpt":{"rendered":"<p>TARTARUGA Puzzle 2D Calssico \/ Jigsaw in legno, 150 pezzi Ti chiedi anche tu dove \u00e8 iniziata la rana? Cerchiamo insieme la risposta. \u00c8 interessante sapere che le tartarughe sono il simbolo della longevit\u00e0, perch\u00e9 vivono oltre 100 anni. Il loro guscio significa protezione e sicurezza, offrendo una barriera mentale e fisica. Quando ti senti [&#8230;]\n","protected":false},"featured_media":859,"comment_status":"open","ping_status":"closed","template":"","meta":[],"product_brand":[],"product_cat":[80,84,83],"product_tag":[],"woo-feed-brand":[],"class_list":{"0":"post-866","1":"product","2":"type-product","3":"status-publish","4":"has-post-thumbnail","6":"product_cat-puzzle-jigsaw","7":"product_cat-puzzle-jigsaw-in-legno","8":"product_cat-puzzle-jigsaw-bambini","10":"first","11":"instock","12":"shipping-taxable","13":"purchasable","14":"product-type-simple"},"_links":{"self":[{"href":"https:\/\/puzzle3d.co\/es\/wp-json\/wp\/v2\/product\/866","targetHints":{"allow":["GET"]}}],"collection":[{"href":"https:\/\/puzzle3d.co\/es\/wp-json\/wp\/v2\/product"}],"about":[{"href":"https:\/\/puzzle3d.co\/es\/wp-json\/wp\/v2\/types\/product"}],"replies":[{"embeddable":true,"href":"https:\/\/puzzle3d.co\/es\/wp-json\/wp\/v2\/comments?post=866"}],"wp:featuredmedia":[{"embeddable":true,"href":"https:\/\/puzzle3d.co\/es\/wp-json\/wp\/v2\/media\/859"}],"wp:attachment":[{"href":"https:\/\/puzzle3d.co\/es\/wp-json\/wp\/v2\/media?parent=866"}],"wp:term":[{"taxonomy":"product_brand","embeddable":true,"href":"https:\/\/puzzle3d.co\/es\/wp-json\/wp\/v2\/product_brand?post=866"},{"taxonomy":"product_cat","embeddable":true,"href":"https:\/\/puzzle3d.co\/es\/wp-json\/wp\/v2\/product_cat?post=866"},{"taxonomy":"product_tag","embeddable":true,"href":"https:\/\/puzzle3d.co\/es\/wp-json\/wp\/v2\/product_tag?post=866"},{"taxonomy":"woo-feed-brand","embeddable":true,"href":"https:\/\/puzzle3d.co\/es\/wp-json\/wp\/v2\/woo-feed-brand?post=866"}],"curies":[{"name":"wp","href":"https:\/\/api.w.org\/{rel}","templated":true}]}}