{"id":864,"date":"2023-01-25T22:15:13","date_gmt":"2023-01-25T22:15:13","guid":{"rendered":"https:\/\/puzzle3d.co\/product\/mastodon-puzzle-classic-lemn-copy\/"},"modified":"2025-06-11T19:07:05","modified_gmt":"2025-06-11T19:07:05","slug":"gufo-puzzle-clasico-madera","status":"publish","type":"product","link":"https:\/\/puzzle3d.co\/es\/prodotto\/gufo-puzzle-classic-legno\/","title":{"rendered":"GUFO Puzzle 2D en madera, 120 piezas"},"content":{"rendered":"<div>\n<h2><strong>GUFO Puzzle 2D en madera, 120 piezas<\/strong><\/h2>\n<div>\"Ver en la oscuridad\" no significa s\u00f3lo orientarse por la noche en una habitaci\u00f3n sin luz... Es la capacidad de comprender y ver la verdad oculta.<\/div>\n<\/div>\n<div>\n<div>Por eso, en la mitolog\u00eda griega, el b\u00faho es el s\u00edmbolo de la sabidur\u00eda y la inteligencia.<\/div>\n<div>Y un b\u00faho hecho con piezas de un rompecabezas de madera transmite atenci\u00f3n al detalle, concentraci\u00f3n y determinaci\u00f3n.<\/div>\n<div>Entre las piezas tambi\u00e9n encontrar\u00e1s otros compa\u00f1eros del bosque como el lobo, el zorro, el conejo, el \u00e1guila o el oso.<\/div>\n<div>\u00bfQu\u00e9 le parece utilizar estos personajes para ense\u00f1ar a su hijo una lecci\u00f3n de sabidur\u00eda?<\/div>\n<div><\/div>\n<div>Le dir\u00e1s que el zorro es dulce y el conejo miedoso, o le mostrar\u00e1s c\u00f3mo todos son diferentes, unos m\u00e1s grandes, otros m\u00e1s peque\u00f1os, pero dialogan en equilibrio y respeto a la naturaleza.<\/div>\n<div><\/div>\n<div>M\u00f3ntalo, divi\u00e9rtete y mira en los profundos ojos del b\u00faho lo que no puedes ver.<\/div>\n<div><\/div>\n<div><strong>DETALLES DEL PRODUCTO:<\/strong><\/div>\n<div>Dimensiones del modelo: 283*297*5 mm<\/div>\n<div>Dimensiones del embalaje: 255 x 192 x 42 mm<\/div>\n<div>N\u00famero de piezas: 120<\/div>\n<\/div>","protected":false},"excerpt":{"rendered":"<p>En la mitolog\u00eda griega, el b\u00faho es el s\u00edmbolo de la sabidur\u00eda y la inteligencia, y un b\u00faho hecho con las piezas de un rompecabezas de madera transmite atenci\u00f3n al detalle, concentraci\u00f3n y determinaci\u00f3n.<\/p>","protected":false},"featured_media":856,"comment_status":"open","ping_status":"closed","template":"","meta":[],"product_brand":[],"product_cat":[80,84,83],"product_tag":[],"woo-feed-brand":[],"class_list":{"0":"post-864","1":"product","2":"type-product","3":"status-publish","4":"has-post-thumbnail","6":"product_cat-puzzle-jigsaw","7":"product_cat-puzzle-jigsaw-in-legno","8":"product_cat-puzzle-jigsaw-bambini","10":"first","11":"instock","12":"shipping-taxable","13":"purchasable","14":"product-type-simple"},"_links":{"self":[{"href":"https:\/\/puzzle3d.co\/es\/wp-json\/wp\/v2\/product\/864","targetHints":{"allow":["GET"]}}],"collection":[{"href":"https:\/\/puzzle3d.co\/es\/wp-json\/wp\/v2\/product"}],"about":[{"href":"https:\/\/puzzle3d.co\/es\/wp-json\/wp\/v2\/types\/product"}],"replies":[{"embeddable":true,"href":"https:\/\/puzzle3d.co\/es\/wp-json\/wp\/v2\/comments?post=864"}],"wp:featuredmedia":[{"embeddable":true,"href":"https:\/\/puzzle3d.co\/es\/wp-json\/wp\/v2\/media\/856"}],"wp:attachment":[{"href":"https:\/\/puzzle3d.co\/es\/wp-json\/wp\/v2\/media?parent=864"}],"wp:term":[{"taxonomy":"product_brand","embeddable":true,"href":"https:\/\/puzzle3d.co\/es\/wp-json\/wp\/v2\/product_brand?post=864"},{"taxonomy":"product_cat","embeddable":true,"href":"https:\/\/puzzle3d.co\/es\/wp-json\/wp\/v2\/product_cat?post=864"},{"taxonomy":"product_tag","embeddable":true,"href":"https:\/\/puzzle3d.co\/es\/wp-json\/wp\/v2\/product_tag?post=864"},{"taxonomy":"woo-feed-brand","embeddable":true,"href":"https:\/\/puzzle3d.co\/es\/wp-json\/wp\/v2\/woo-feed-brand?post=864"}],"curies":[{"name":"wp","href":"https:\/\/api.w.org\/{rel}","templated":true}]}}