{"id":862,"date":"2023-01-25T22:08:41","date_gmt":"2023-01-25T22:08:41","guid":{"rendered":"https:\/\/puzzle3d.co\/product\/bat-m-puzzle-classic-lemn-copy\/"},"modified":"2025-06-11T19:07:19","modified_gmt":"2025-06-11T19:07:19","slug":"mastodon-puzzle-classic-jigsaw","status":"publish","type":"product","link":"https:\/\/puzzle3d.co\/es\/prodotto\/mastodon-puzzle-classic-jigsaw\/","title":{"rendered":"MASTODON 2D Puzzle de madera, 180 piezas"},"content":{"rendered":"<div>\n<p><strong>MASTODON Classic 2D Puzzle\/ Rompecabezas de madera, 180 piezas<\/strong><\/p>\n<div>\u00bfAd\u00f3nde fue el mastodonte? Ni siquiera los investigadores lo saben.<\/div>\n<\/div>\n<div>\n<div>\n<div><\/div>\n<div>Hace unos 10.000 a\u00f1os se descubri\u00f3 que en el continente norteamericano viv\u00eda un mam\u00edfero de entre 4 y 10 toneladas de peso y hasta 10 metros de longitud.<\/div>\n<div><\/div>\n<div>La estructura esquel\u00e9tica era algo similar a la del elefante, pero las proporciones eran muy diferentes.<\/div>\n<div><\/div>\n<div>Se supone que han desaparecido a causa del clima....<\/div>\n<div>Apueste por la originalidad y dec\u00eddase por decorar su casa u oficina con un mam\u00edfero prehist\u00f3rico que nadie haya visto.<\/div>\n<div><\/div>\n<div>Es una actividad divertida montar un puzzle en el que puedes encontrar elefantes, osos, tigres, rinocerontes y otros valientes amigos entre los componentes de madera.<\/div>\n<div><\/div>\n<div>Al mismo tiempo, te relajas, te concentras y sientes c\u00f3mo tu cerebro agradece el reto.<\/div>\n<div><\/div>\n<div>Ofrecemos 3 tama\u00f1os (S, M, L) entre los que puedes elegir el adecuado para la pared de tu casa u oficina. O tal vez quieras poner este simp\u00e1tico puzzle en un marco: t\u00fa eliges.<\/div>\n<div><\/div>\n<div><strong>DETALLES DEL PRODUCTO:<\/strong><\/div>\n<div>Dimensiones del modelo: 286*387*5 mm<\/div>\n<div>Dimensiones del embalaje: 255 x 192 x 42 mm<\/div>\n<div>N\u00famero de piezas: 180<\/div>\n<\/div>\n<div><\/div>\n<\/div>","protected":false},"excerpt":{"rendered":"<p>Es una actividad divertida montar un puzzle en el que puedes encontrar elefantes, osos, tigres, rinocerontes y otros valientes amigos entre los componentes de madera.<\/p>","protected":false},"featured_media":855,"comment_status":"open","ping_status":"closed","template":"","meta":[],"product_brand":[],"product_cat":[80,84,83],"product_tag":[],"woo-feed-brand":[],"class_list":{"0":"post-862","1":"product","2":"type-product","3":"status-publish","4":"has-post-thumbnail","6":"product_cat-puzzle-jigsaw","7":"product_cat-puzzle-jigsaw-in-legno","8":"product_cat-puzzle-jigsaw-bambini","10":"first","11":"instock","12":"shipping-taxable","13":"purchasable","14":"product-type-simple"},"_links":{"self":[{"href":"https:\/\/puzzle3d.co\/es\/wp-json\/wp\/v2\/product\/862","targetHints":{"allow":["GET"]}}],"collection":[{"href":"https:\/\/puzzle3d.co\/es\/wp-json\/wp\/v2\/product"}],"about":[{"href":"https:\/\/puzzle3d.co\/es\/wp-json\/wp\/v2\/types\/product"}],"replies":[{"embeddable":true,"href":"https:\/\/puzzle3d.co\/es\/wp-json\/wp\/v2\/comments?post=862"}],"wp:featuredmedia":[{"embeddable":true,"href":"https:\/\/puzzle3d.co\/es\/wp-json\/wp\/v2\/media\/855"}],"wp:attachment":[{"href":"https:\/\/puzzle3d.co\/es\/wp-json\/wp\/v2\/media?parent=862"}],"wp:term":[{"taxonomy":"product_brand","embeddable":true,"href":"https:\/\/puzzle3d.co\/es\/wp-json\/wp\/v2\/product_brand?post=862"},{"taxonomy":"product_cat","embeddable":true,"href":"https:\/\/puzzle3d.co\/es\/wp-json\/wp\/v2\/product_cat?post=862"},{"taxonomy":"product_tag","embeddable":true,"href":"https:\/\/puzzle3d.co\/es\/wp-json\/wp\/v2\/product_tag?post=862"},{"taxonomy":"woo-feed-brand","embeddable":true,"href":"https:\/\/puzzle3d.co\/es\/wp-json\/wp\/v2\/woo-feed-brand?post=862"}],"curies":[{"name":"wp","href":"https:\/\/api.w.org\/{rel}","templated":true}]}}