{"id":847,"date":"2023-01-25T21:56:10","date_gmt":"2023-01-25T21:56:10","guid":{"rendered":"https:\/\/puzzle3d.co\/product\/ram-puzzle-classic-copy\/"},"modified":"2025-06-11T19:07:50","modified_gmt":"2025-06-11T19:07:50","slug":"rompecabezas-pesci-2d-de-madera","status":"publish","type":"product","link":"https:\/\/puzzle3d.co\/es\/prodotto\/pesci-puzzle-2d-in-legno\/","title":{"rendered":"Pesci Puzzle 2D de madera &#8211; 150 piezas"},"content":{"rendered":"<div>\n<p><strong>Pez 2D puzzle de madera , 150 piezas<\/strong><\/p>\n<\/div>\n<div>\n<div>\n<div>Est\u00e1 usted ante un pez simp\u00e1tico e inteligente: el koi. Son una especie originaria de Asia, m\u00e1s concretamente viven en las aguas dulces de China y Jap\u00f3n.<\/div>\n<div><\/div>\n<div>En Oriente, son el s\u00edmbolo del valor y la perseverancia.<\/div>\n<div><\/div>\n<div>S\u00f3lo prosperan en aguas limpias y oxigenadas a una temperatura de entre 10 y 30 grados cent\u00edgrados y se alimentan de una dieta equilibrada de vegetaci\u00f3n y algas.<\/div>\n<div><\/div>\n<div>Montar este puzzle ser\u00e1 un agradable momento de paz y relajaci\u00f3n, y admirarlo despu\u00e9s le recordar\u00e1 el equilibrio y la armon\u00eda.<\/div>\n<div><\/div>\n<div>\u00a1Es maravilloso buscar el equilibrio y la armon\u00eda con nosotros mismos y con los que nos rodean!<\/div>\n<div><\/div>\n<div><strong>DETALLES DEL PRODUCTO:<\/strong><\/div>\n<div>Dimensiones del modelo: 282*387*5 mm<\/div>\n<div>Dimensiones del embalaje: 255 x 192 x 42 mm<\/div>\n<div>N\u00famero de piezas: 150<\/div>\n<\/div>\n<div><\/div>\n<\/div>","protected":false},"excerpt":{"rendered":"<div>KOI - puzzle\/puzzle cl\u00e1sico de madera<br \/>\nMontar este puzzle ser\u00e1 un agradable momento de paz y relajaci\u00f3n, y admirarlo despu\u00e9s le recordar\u00e1 el equilibrio y la armon\u00eda.<\/div>\n<p>&nbsp;<\/p>","protected":false},"featured_media":852,"comment_status":"open","ping_status":"closed","template":"","meta":[],"product_brand":[],"product_cat":[80,84,83],"product_tag":[],"woo-feed-brand":[],"class_list":{"0":"post-847","1":"product","2":"type-product","3":"status-publish","4":"has-post-thumbnail","6":"product_cat-puzzle-jigsaw","7":"product_cat-puzzle-jigsaw-in-legno","8":"product_cat-puzzle-jigsaw-bambini","10":"first","11":"instock","12":"shipping-taxable","13":"purchasable","14":"product-type-simple"},"_links":{"self":[{"href":"https:\/\/puzzle3d.co\/es\/wp-json\/wp\/v2\/product\/847","targetHints":{"allow":["GET"]}}],"collection":[{"href":"https:\/\/puzzle3d.co\/es\/wp-json\/wp\/v2\/product"}],"about":[{"href":"https:\/\/puzzle3d.co\/es\/wp-json\/wp\/v2\/types\/product"}],"replies":[{"embeddable":true,"href":"https:\/\/puzzle3d.co\/es\/wp-json\/wp\/v2\/comments?post=847"}],"wp:featuredmedia":[{"embeddable":true,"href":"https:\/\/puzzle3d.co\/es\/wp-json\/wp\/v2\/media\/852"}],"wp:attachment":[{"href":"https:\/\/puzzle3d.co\/es\/wp-json\/wp\/v2\/media?parent=847"}],"wp:term":[{"taxonomy":"product_brand","embeddable":true,"href":"https:\/\/puzzle3d.co\/es\/wp-json\/wp\/v2\/product_brand?post=847"},{"taxonomy":"product_cat","embeddable":true,"href":"https:\/\/puzzle3d.co\/es\/wp-json\/wp\/v2\/product_cat?post=847"},{"taxonomy":"product_tag","embeddable":true,"href":"https:\/\/puzzle3d.co\/es\/wp-json\/wp\/v2\/product_tag?post=847"},{"taxonomy":"woo-feed-brand","embeddable":true,"href":"https:\/\/puzzle3d.co\/es\/wp-json\/wp\/v2\/woo-feed-brand?post=847"}],"curies":[{"name":"wp","href":"https:\/\/api.w.org\/{rel}","templated":true}]}}