{"id":843,"date":"2023-01-25T21:31:29","date_gmt":"2023-01-25T21:31:29","guid":{"rendered":"https:\/\/puzzle3d.co\/product\/gramophone-puzzle-3d-copy\/"},"modified":"2025-06-11T19:08:06","modified_gmt":"2025-06-11T19:08:06","slug":"ram-2d-rompecabezas-de-madera-130-piezas","status":"publish","type":"product","link":"https:\/\/puzzle3d.co\/es\/prodotto\/ariete-puzzle-2d-jigsaw-in-legno-130-pezzi\/","title":{"rendered":"Puzzle de madera ARIETE 2D, 130 piezas"},"content":{"rendered":"<div>\n<p><strong>Puzzle de madera ARIETE 2D, 130 piezas<\/strong><\/p>\n<\/div>\n<div>\n<div>\n<div>No hace falta haber nacido bajo el signo de Aries para montar este maravilloso puzzle.<\/div>\n<div><\/div>\n<div>Pero considere algo interesante sobre ellos:<\/div>\n<div>son ambiciosos y en\u00e9rgicos, se adaptan al cambio y se consideran l\u00edderes intr\u00e9pidos.<\/div>\n<div><\/div>\n<div>Elon Musk, fundador y consejero delegado de SpaceX y Tesla;<\/div>\n<div><\/div>\n<div>Albert Einstein, el f\u00edsico que revolucion\u00f3 el mundo;<\/div>\n<div><\/div>\n<div>Mark Zuckerberg - fundador y CEO de Facebook;<\/div>\n<div><\/div>\n<div>Pr\u00edncipe Carlos - hijo de la Reina Isabel II;<\/div>\n<div><\/div>\n<div>Nicolae Ceausescu y muchos otros famosos pertenecen al signo zodiacal de Aries.<\/div>\n<div><\/div>\n<div>\u00bfEst\u00e1 ahora convencido de que un rompecabezas Aries desprende cualidades extraordinarias a primera vista?<\/div>\n<div><\/div>\n<div><strong>DETALLES DEL PRODUCTO:<\/strong><\/div>\n<div>Dimensiones del modelo: 282*387*5 mm<\/div>\n<div>Dimensiones del embalaje: 255 x 192 x 42 mm<\/div>\n<div>N\u00famero de piezas: 130<\/div>\n<\/div>\n<div><\/div>\n<\/div>","protected":false},"excerpt":{"rendered":"<p>No es necesario haber nacido bajo el signo de Aries para montar este maravilloso puzzle. Pero ten en cuenta algo interesante sobre ellos: son ambiciosos y en\u00e9rgicos, se adaptan a los cambios y se consideran l\u00edderes intr\u00e9pidos.<\/p>","protected":false},"featured_media":845,"comment_status":"open","ping_status":"closed","template":"","meta":{"slim_seo":{"title":"\u2648 ARIETE 2D puzzle de madera, 130 piezas","description":"Puzzle ARIES. No es necesario haber nacido bajo el signo de Aries para montar este maravilloso puzzle. Pero ten en cuenta algo interesante sobre ellos: son ambiciosos y en\u00e9rgicos, se adaptan a los cambios y se consideran l\u00edderes intr\u00e9pidos."}},"product_brand":[],"product_cat":[80,83,84],"product_tag":[],"woo-feed-brand":[],"class_list":{"0":"post-843","1":"product","2":"type-product","3":"status-publish","4":"has-post-thumbnail","6":"product_cat-puzzle-jigsaw","7":"product_cat-puzzle-jigsaw-bambini","8":"product_cat-puzzle-jigsaw-in-legno","10":"first","11":"instock","12":"shipping-taxable","13":"purchasable","14":"product-type-simple"},"_links":{"self":[{"href":"https:\/\/puzzle3d.co\/es\/wp-json\/wp\/v2\/product\/843","targetHints":{"allow":["GET"]}}],"collection":[{"href":"https:\/\/puzzle3d.co\/es\/wp-json\/wp\/v2\/product"}],"about":[{"href":"https:\/\/puzzle3d.co\/es\/wp-json\/wp\/v2\/types\/product"}],"replies":[{"embeddable":true,"href":"https:\/\/puzzle3d.co\/es\/wp-json\/wp\/v2\/comments?post=843"}],"wp:featuredmedia":[{"embeddable":true,"href":"https:\/\/puzzle3d.co\/es\/wp-json\/wp\/v2\/media\/845"}],"wp:attachment":[{"href":"https:\/\/puzzle3d.co\/es\/wp-json\/wp\/v2\/media?parent=843"}],"wp:term":[{"taxonomy":"product_brand","embeddable":true,"href":"https:\/\/puzzle3d.co\/es\/wp-json\/wp\/v2\/product_brand?post=843"},{"taxonomy":"product_cat","embeddable":true,"href":"https:\/\/puzzle3d.co\/es\/wp-json\/wp\/v2\/product_cat?post=843"},{"taxonomy":"product_tag","embeddable":true,"href":"https:\/\/puzzle3d.co\/es\/wp-json\/wp\/v2\/product_tag?post=843"},{"taxonomy":"woo-feed-brand","embeddable":true,"href":"https:\/\/puzzle3d.co\/es\/wp-json\/wp\/v2\/woo-feed-brand?post=843"}],"curies":[{"name":"wp","href":"https:\/\/api.w.org\/{rel}","templated":true}]}}