{"id":834,"date":"2023-01-25T15:04:00","date_gmt":"2023-01-25T15:04:00","guid":{"rendered":"https:\/\/puzzle3d.co\/product\/kinetic-globe-puzzle-3d-copy\/"},"modified":"2025-06-11T19:09:09","modified_gmt":"2025-06-11T19:09:09","slug":"3d-rompecabezas-mecanico-de-madera-gramofono","status":"publish","type":"product","link":"https:\/\/puzzle3d.co\/es\/prodotto\/grammofono-puzzle-meccanico-3d-in-legno\/","title":{"rendered":"El gram\u00f3fono 3D Modelo de construcci\u00f3n mec\u00e1nica de madera, 321 piezas"},"content":{"rendered":"<div><strong>El Gram\u00f3fono - Puzzle mec\u00e1nico 3D de madera - 321 piezas<\/strong><\/div>\n<div><\/div>\n<div>Thomas Edison, una de las figuras m\u00e1s importantes de la historia de la tecnolog\u00eda, invent\u00f3 el gram\u00f3fono en 1877 en una varilla de cera. Fue un \u00e9xito comercial y se populariz\u00f3 r\u00e1pidamente en Estados Unidos.<\/div>\n<div><\/div>\n<div>Diez a\u00f1os m\u00e1s tarde, el ingeniero estadounidense de origen alem\u00e1n Emil Berliner invent\u00f3 el gram\u00f3fono con discos.<\/div>\n<div><\/div>\n<div>Ambos gram\u00f3fonos hicieron una contribuci\u00f3n colosal a la industria de la m\u00fasica y la comunicaci\u00f3n.<\/div>\n<div><\/div>\n<div>El gram\u00f3fono que tienes delante viene a deleitarte cada d\u00eda de una forma especial.<\/div>\n<div><\/div>\n<div>Ser\u00e1 agradable empezar el d\u00eda con este gram\u00f3fono junto al que podr\u00e1 disfrutar de su caf\u00e9 en un ambiente relajante. Despu\u00e9s coger\u00e1 su reloj o la joya del d\u00eda de la caja secreta. Por la noche volver\u00e1s a abrir la caja para guardar la joya. As\u00ed es como tus rituales diarios transformar\u00e1n el gram\u00f3fono en un objeto con el que mantendr\u00e1s un estrecho v\u00ednculo.<\/div>\n<div><\/div>\n<div>Montar el gram\u00f3fono ser\u00e1 una actividad deliciosa y relajante, y al final no apartar\u00e1s la vista demasiado r\u00e1pido.<\/div>\n<div><\/div>\n<h2><strong>Regalo ideal para mujeres y amantes de la m\u00fasica<\/strong><\/h2>\n<div><\/div>\n<div>Es un regalo original para mujeres y hombres apasionados por la m\u00fasica, la cultura y el arte. La caja aporta un valor a\u00f1adido y puede complementarse con relojes, joyas o notas de amor.<\/div>\n<div><\/div>\n<div>Una hermosa pieza de decoraci\u00f3n para cualquier habitaci\u00f3n de su hogar.<\/div>\n<div><\/div>\n<div>Cuando no sepas qu\u00e9 regalo elegir para un ser querido o alguien a quien respetas, elige un gram\u00f3fono.<\/div>\n<div><\/div>\n<div><strong>DETALLES DEL PRODUCTO:<\/strong><\/div>\n<div>Dimensiones del modelo: 407*274*312 mm<\/div>\n<div>Dimensiones del embalaje: 377 x 243 x 45 mm<\/div>\n<div>N\u00famero de piezas: 321<\/div>","protected":false},"excerpt":{"rendered":"<div>Montar el gram\u00f3fono ser\u00e1 una actividad deliciosa y relajante, y al final no apartar\u00e1s la vista demasiado r\u00e1pido.<\/div>\n<p>&nbsp;<\/p>","protected":false},"featured_media":839,"comment_status":"open","ping_status":"closed","template":"","meta":[],"product_brand":[],"product_cat":[73,74,76,89,90],"product_tag":[],"woo-feed-brand":[],"class_list":{"0":"post-834","1":"product","2":"type-product","3":"status-publish","4":"has-post-thumbnail","6":"product_cat-puzzle-3d","7":"product_cat-puzzle-3d-in-legno","8":"product_cat-puzzle-3d-per-bambini","9":"product_cat-puzzle-meccanici-3d-in-legno","10":"product_cat-puzzle-meccanici-per-bambini","12":"first","13":"instock","14":"shipping-taxable","15":"purchasable","16":"product-type-simple"},"_links":{"self":[{"href":"https:\/\/puzzle3d.co\/es\/wp-json\/wp\/v2\/product\/834","targetHints":{"allow":["GET"]}}],"collection":[{"href":"https:\/\/puzzle3d.co\/es\/wp-json\/wp\/v2\/product"}],"about":[{"href":"https:\/\/puzzle3d.co\/es\/wp-json\/wp\/v2\/types\/product"}],"replies":[{"embeddable":true,"href":"https:\/\/puzzle3d.co\/es\/wp-json\/wp\/v2\/comments?post=834"}],"wp:featuredmedia":[{"embeddable":true,"href":"https:\/\/puzzle3d.co\/es\/wp-json\/wp\/v2\/media\/839"}],"wp:attachment":[{"href":"https:\/\/puzzle3d.co\/es\/wp-json\/wp\/v2\/media?parent=834"}],"wp:term":[{"taxonomy":"product_brand","embeddable":true,"href":"https:\/\/puzzle3d.co\/es\/wp-json\/wp\/v2\/product_brand?post=834"},{"taxonomy":"product_cat","embeddable":true,"href":"https:\/\/puzzle3d.co\/es\/wp-json\/wp\/v2\/product_cat?post=834"},{"taxonomy":"product_tag","embeddable":true,"href":"https:\/\/puzzle3d.co\/es\/wp-json\/wp\/v2\/product_tag?post=834"},{"taxonomy":"woo-feed-brand","embeddable":true,"href":"https:\/\/puzzle3d.co\/es\/wp-json\/wp\/v2\/woo-feed-brand?post=834"}],"curies":[{"name":"wp","href":"https:\/\/api.w.org\/{rel}","templated":true}]}}