{"id":826,"date":"2023-01-25T14:32:39","date_gmt":"2023-01-25T14:32:39","guid":{"rendered":"https:\/\/puzzle3d.co\/product\/doll-house-puzzle-3d-copy\/"},"modified":"2025-05-11T08:14:48","modified_gmt":"2025-05-11T08:14:48","slug":"rompecabezas-cinetico-globo-mecanico-3d-madera","status":"publish","type":"product","link":"https:\/\/puzzle3d.co\/es\/prodotto\/globo-cinetico-puzzle-meccanico-3d-legno\/","title":{"rendered":"Il Globo Cinetico \u2013 Puzzle mec\u00e1nico de madera, 205 piezas"},"content":{"rendered":"<div>\n<p><strong>Il Globo Cinetico \u2013 Puzzle mec\u00e1nico de madera, 205 piezas<\/strong><\/p>\n<p><span style=\"color: #333333;\">\u00a1Descubre la belleza de la mec\u00e1nica con un globo cin\u00e9tico! <\/span><span style=\"color: #333333;\">En el siglo XVII, los globos cin\u00e9ticos empezaron a utilizarse como herramienta educativa para ilustrar principios f\u00edsicos como la rotaci\u00f3n y la revoluci\u00f3n.<\/span><\/p>\n<\/div>\n<div>\n<div>\n<div>Dos siglos m\u00e1s tarde comenzaron a utilizarse como objetos decorativos.<\/div>\n<div>A partir del siglo XX, los globos cin\u00e9ticos se hicieron cada vez m\u00e1s populares como objetos de arte contempor\u00e1neo.<\/div>\n<div><\/div>\n<div>Hoy en d\u00eda, los globos siguen evolucionando, utilizando tecnolog\u00eda moderna y materiales avanzados para crear movimientos y efectos visuales impresionantes.<\/div>\n<div><\/div>\n<div>Un regalo inteligente para cualquiera<\/div>\n<div><\/div>\n<div>Elige un regalo ingenioso para ti o para un amigo, m\u00f3ntalo y d\u00e9jalo girar. Es relajante observar el movimiento de rotaci\u00f3n y revoluci\u00f3n.<\/div>\n<div><\/div>\n<div>Puedes hacerlo mientras piensas en un proyecto o disfrutas tranquilamente de un caf\u00e9. Notar\u00e1s c\u00f3mo se te cargan las pilas y tus pensamientos parecen acomodarse en la estanter\u00eda.<\/div>\n<div><\/div>\n<div><strong>DETALLES DEL PRODUCTO:<\/strong><\/div>\n<div>Dimensiones del modelo: 161*132*251 mm<\/div>\n<div>Dimensiones del paquete: 245*188*30 mm<\/div>\n<div>N\u00famero de piezas: 205<\/div>\n<\/div>\n<div><\/div>\n<\/div>","protected":false},"excerpt":{"rendered":"<p>\u00a1Descubre la belleza de la mec\u00e1nica con un globo cin\u00e9tico! Elige un regalo ingenioso para ti o para un amigo, m\u00f3ntalo y luego d\u00e9jalo girar. Es relajante observar el movimiento de rotaci\u00f3n y revoluci\u00f3n.<\/p>","protected":false},"featured_media":830,"comment_status":"open","ping_status":"closed","template":"","meta":[],"product_brand":[],"product_cat":[73,74,76,89,90],"product_tag":[],"woo-feed-brand":[],"class_list":{"0":"post-826","1":"product","2":"type-product","3":"status-publish","4":"has-post-thumbnail","6":"product_cat-puzzle-3d","7":"product_cat-puzzle-3d-in-legno","8":"product_cat-puzzle-3d-per-bambini","9":"product_cat-puzzle-meccanici-3d-in-legno","10":"product_cat-puzzle-meccanici-per-bambini","12":"first","13":"instock","14":"shipping-taxable","15":"purchasable","16":"product-type-simple"},"_links":{"self":[{"href":"https:\/\/puzzle3d.co\/es\/wp-json\/wp\/v2\/product\/826","targetHints":{"allow":["GET"]}}],"collection":[{"href":"https:\/\/puzzle3d.co\/es\/wp-json\/wp\/v2\/product"}],"about":[{"href":"https:\/\/puzzle3d.co\/es\/wp-json\/wp\/v2\/types\/product"}],"replies":[{"embeddable":true,"href":"https:\/\/puzzle3d.co\/es\/wp-json\/wp\/v2\/comments?post=826"}],"wp:featuredmedia":[{"embeddable":true,"href":"https:\/\/puzzle3d.co\/es\/wp-json\/wp\/v2\/media\/830"}],"wp:attachment":[{"href":"https:\/\/puzzle3d.co\/es\/wp-json\/wp\/v2\/media?parent=826"}],"wp:term":[{"taxonomy":"product_brand","embeddable":true,"href":"https:\/\/puzzle3d.co\/es\/wp-json\/wp\/v2\/product_brand?post=826"},{"taxonomy":"product_cat","embeddable":true,"href":"https:\/\/puzzle3d.co\/es\/wp-json\/wp\/v2\/product_cat?post=826"},{"taxonomy":"product_tag","embeddable":true,"href":"https:\/\/puzzle3d.co\/es\/wp-json\/wp\/v2\/product_tag?post=826"},{"taxonomy":"woo-feed-brand","embeddable":true,"href":"https:\/\/puzzle3d.co\/es\/wp-json\/wp\/v2\/woo-feed-brand?post=826"}],"curies":[{"name":"wp","href":"https:\/\/api.w.org\/{rel}","templated":true}]}}