{"id":818,"date":"2023-01-24T16:19:11","date_gmt":"2023-01-24T16:19:11","guid":{"rendered":"https:\/\/puzzle3d.co\/product\/tank-t-34-85-puzzle-3d-mecanic-copy\/"},"modified":"2025-05-12T06:12:44","modified_gmt":"2025-05-12T06:12:44","slug":"puzzle-de-madera-3d-casa-de-munecas","status":"publish","type":"product","link":"https:\/\/puzzle3d.co\/es\/prodotto\/casa-delle-bambole-puzzle-3d-in-legno\/","title":{"rendered":"Casa de mu\u00f1ecas de madera, 131 piezas"},"content":{"rendered":"<div>\n<p><strong>CASA DE NI\u00d1OS Puzzle de madera 3D -131 piezas<\/strong><\/p>\n<p>Construir esta casa de mu\u00f1ecas ser\u00e1 un placer, gracias a los componentes de madera de alta calidad. Cada pieza est\u00e1 recortada con precisi\u00f3n l\u00e1ser y encaja perfectamente con las dem\u00e1s. Las instrucciones detalladas te guiar\u00e1n paso a paso durante el montaje.<\/p>\n<p>Una vez terminada, la casa mide 48 x 37 x 54 cm, para un modelo de gran tama\u00f1o. Encontrar\u00e1s un amplio margen de imaginaci\u00f3n y creatividad para amueblar el interior y decorar el exterior a tu gusto, \u00a1como en una casa de mu\u00f1ecas de verdad!<\/p>\n<\/div>\n<p>La atenci\u00f3n al detalle es asombrosa: balcones decorados, muebles completos de habitaci\u00f3n y cocina, peque\u00f1as cortinas de colores, un tobog\u00e1n y otros preciosos elementos contribuyen a recrear un mundo en miniatura extraordinariamente realista.<\/p>\n<p class=\"whitespace-pre-wrap\">D\u00e9jate encantar por esta preciosa casa de mu\u00f1ecas de madera: \u00a1el regalo perfecto para grandes y peque\u00f1os!<\/p>\n<p class=\"whitespace-pre-wrap\">Uno de los principales fabricantes de puzzles de madera del mundo, con docenas de fascinantes juegos entre los que elegir. La atenci\u00f3n al detalle en sus modelos es sencillamente incre\u00edble. Una gran variedad de dificultades, desde kits adecuados para ni\u00f1os hasta retos para modelistas m\u00e1s experimentados. Una empresa con una larga historia y pasi\u00f3n por este arte.<\/p>\n<div>\n<div>\n<div>Hace unos siglos, la casa de mu\u00f1ecas de madera era un art\u00edculo de lujo reservado s\u00f3lo a las familias adineradas.<\/div>\n<div><\/div>\n<div>Hoy ya no es un lujo, sino un objeto que gusta a los ni\u00f1os y que promete horas de juego lejos de las pantallas.<\/div>\n<div><\/div>\n<div>As\u00ed que, si quieres mantener a tu hijo ocupado, esta casa de juegos es bienvenida.<\/div>\n<div><\/div>\n<div>Tiene numerosos beneficios: montarlo desarrolla la atenci\u00f3n al detalle, la motricidad, la coordinaci\u00f3n \u00f3culo-manual y la orientaci\u00f3n en el espacio.<\/div>\n<div><\/div>\n<h2>Regalo adecuado para ni\u00f1as<\/h2>\n<div>Cuenta con numerosas estancias y mobiliario que fomentan la imaginaci\u00f3n y los juegos de rol: sal\u00f3n, cocina, dormitorio, buhardilla, balc\u00f3n, garaje, mesa, sillas, sof\u00e1s, dormitorio, ascensor mec\u00e1nico.<\/div>\n<div><\/div>\n<div>Puedes decorarla con la ayuda de pintura al agua, puedes a\u00f1adir los miembros de la familia que vivir\u00e1n en esta casa, el coche, \u00e1rboles y cualquier otra cosa que surja de tu imaginaci\u00f3n.<\/div>\n<div><\/div>\n<div>La casa de juegos se puede plegar para transportarla c\u00f3modamente para jugar al aire libre o cuando se visita a los abuelos.<\/div>\n<div>Es una decoraci\u00f3n atractiva para el sal\u00f3n y, sobre todo, para la habitaci\u00f3n de un ni\u00f1o.<\/div>\n<div><\/div>\n<div><strong>DETALLES DEL PRODUCTO:<\/strong><\/div>\n<div>Dimensiones del modelo: 486*376*540 mm<\/div>\n<div>Dimensiones del embalaje: 375 x 243 x 64 mm<\/div>\n<div>N\u00famero de piezas: 131<\/div>\n<\/div>\n<\/div>","protected":false},"excerpt":{"rendered":"<div>La casa de mu\u00f1ecas de madera desarrolla la atenci\u00f3n al detalle, la motricidad, la coordinaci\u00f3n \u00f3culo-manual y la orientaci\u00f3n en el espacio.<\/div>\n<p>&nbsp;<\/p>","protected":false},"featured_media":820,"comment_status":"open","ping_status":"closed","template":"","meta":[],"product_brand":[],"product_cat":[73,74,76,89,90],"product_tag":[],"woo-feed-brand":[],"class_list":{"0":"post-818","1":"product","2":"type-product","3":"status-publish","4":"has-post-thumbnail","6":"product_cat-puzzle-3d","7":"product_cat-puzzle-3d-in-legno","8":"product_cat-puzzle-3d-per-bambini","9":"product_cat-puzzle-meccanici-3d-in-legno","10":"product_cat-puzzle-meccanici-per-bambini","12":"first","13":"instock","14":"shipping-taxable","15":"purchasable","16":"product-type-simple"},"_links":{"self":[{"href":"https:\/\/puzzle3d.co\/es\/wp-json\/wp\/v2\/product\/818","targetHints":{"allow":["GET"]}}],"collection":[{"href":"https:\/\/puzzle3d.co\/es\/wp-json\/wp\/v2\/product"}],"about":[{"href":"https:\/\/puzzle3d.co\/es\/wp-json\/wp\/v2\/types\/product"}],"replies":[{"embeddable":true,"href":"https:\/\/puzzle3d.co\/es\/wp-json\/wp\/v2\/comments?post=818"}],"wp:featuredmedia":[{"embeddable":true,"href":"https:\/\/puzzle3d.co\/es\/wp-json\/wp\/v2\/media\/820"}],"wp:attachment":[{"href":"https:\/\/puzzle3d.co\/es\/wp-json\/wp\/v2\/media?parent=818"}],"wp:term":[{"taxonomy":"product_brand","embeddable":true,"href":"https:\/\/puzzle3d.co\/es\/wp-json\/wp\/v2\/product_brand?post=818"},{"taxonomy":"product_cat","embeddable":true,"href":"https:\/\/puzzle3d.co\/es\/wp-json\/wp\/v2\/product_cat?post=818"},{"taxonomy":"product_tag","embeddable":true,"href":"https:\/\/puzzle3d.co\/es\/wp-json\/wp\/v2\/product_tag?post=818"},{"taxonomy":"woo-feed-brand","embeddable":true,"href":"https:\/\/puzzle3d.co\/es\/wp-json\/wp\/v2\/woo-feed-brand?post=818"}],"curies":[{"name":"wp","href":"https:\/\/api.w.org\/{rel}","templated":true}]}}