{"id":806,"date":"2023-01-24T13:52:59","date_gmt":"2023-01-24T13:52:59","guid":{"rendered":"https:\/\/puzzle3d.co\/product\/mower-lemn-puzzle-3d-mecanic-copy\/"},"modified":"2025-06-11T19:09:39","modified_gmt":"2025-06-11T19:09:39","slug":"modelo-mecanico-tanque-madera","status":"publish","type":"product","link":"https:\/\/puzzle3d.co\/es\/prodotto\/carro-armato-modello-meccanico-legno\/","title":{"rendered":"Tanque T-34-85 modelo mec\u00e1nico de madera del , 965 piezas"},"content":{"rendered":"<div>\n<h2><strong>Tanque, Tanque T-34-85 modelo mec\u00e1nico de madera - 965 piezas<\/strong><\/h2>\n<\/div>\n<div>\n<div>\n<div>\u00bfSab\u00eda que los primeros tanques que aparecieron durante la Primera Guerra Mundial ten\u00edan problemas t\u00e9cnicos, como el sobrecalentamiento de los motores y problemas de maniobrabilidad?<\/div>\n<div>Con casi 965 piezas y todo de madera, sin una sola gota de pegamento, podr\u00e1s construir t\u00fa mismo un tanque m\u00f3vil. Cuenta con una torreta giratoria, escotillas m\u00f3viles y ruedas giratorias.<\/div>\n<div>El tanque T 34-85 viene a poner a prueba tu paciencia y tu atenci\u00f3n. Es un desaf\u00edo intelectual que solo es bueno para el cerebro.<\/div>\n<div>Si le apasionan la mec\u00e1nica y la ingenier\u00eda o la historia militar, este modelo es para usted.<\/div>\n<h3>Regalo para amantes de la historia<\/h3>\n<div><strong>DETALLES DEL PRODUCTO:<\/strong><\/div>\n<div>Dimensiones del modelo: 330*128*95 mm<\/div>\n<div>Dimensiones del paquete: 245*188*50 mm<\/div>\n<div>N\u00famero de piezas: 965<\/div>\n<\/div>\n<div><\/div>\n<\/div>\n<p><script type=\"application\/ld+json\" data-app=\"seomaster\">{\n    \"@context\": \"https:\\\/\\\/schema.org\\\/\",\n    \"@type\": \"Product\",\n    \"@id\": \"https:\\\/\\\/puzzle3d.co\\\/prodotto\\\/carro-armato-modello-meccanico-legno\\\/\",\n    \"url\": \"https:\\\/\\\/puzzle3d.co\\\/prodotto\\\/carro-armato-modello-meccanico-legno\\\/\",\n    \"name\": \"Carro Armato T-34-85 modello meccanico in legno del , 965 pezzi\",\n    \"image\": \"https:\\\/\\\/puzzle3d.co\\\/wp-content\\\/uploads\\\/2023\\\/01\\\/tank3.webp\",\n    \"description\": \"Modello Carro Armato Meccanico T-34-85 in legno - 965 pezzi\",\n    \"brand\": {\n        \"@type\": \"Brand\",\n        \"name\": \"Puzzle 3D\"\n    },\n    \"aggregateRating\": {\n        \"@type\": \"aggregateRating\",\n        \"bestRating\": \"5\",\n        \"worstRating\": \"1\",\n        \"ratingCount\": \"140\",\n        \"ratingValue\": \"4.8\"\n    }\n}<\/script><\/p>","protected":false},"excerpt":{"rendered":"<p>Si te apasiona la mec\u00e1nica, la ingenier\u00eda o la historia militar, el puzzle 3D del tanque mec\u00e1nico T-34-85 es para ti. Con casi 300 piezas y todo de madera, sin una sola gota de pegamento, podr\u00e1s construir t\u00fa mismo un tanque m\u00f3vil<\/p>","protected":false},"featured_media":810,"comment_status":"open","ping_status":"closed","template":"","meta":{"slim_seo":{"title":"\ud83d\udca5 Modelo mec\u00e1nico de tanque T-34-85 de madera - 965 piezas","description":"Maqueta mec\u00e1nica de tanque T-34-85. Si te apasiona la mec\u00e1nica, la ingenier\u00eda o la historia militar \u00a1aqu\u00ed puedes comprar un regalo original!"}},"product_brand":[],"product_cat":[89,91,90,73,88,74],"product_tag":[],"woo-feed-brand":[],"class_list":{"0":"post-806","1":"product","2":"type-product","3":"status-publish","4":"has-post-thumbnail","6":"product_cat-puzzle-meccanici-3d-in-legno","7":"product_cat-puzzle-meccanici-per-adulti","8":"product_cat-puzzle-meccanici-per-bambini","9":"product_cat-puzzle-3d","10":"product_cat-puzzle-3d-adulti","11":"product_cat-puzzle-3d-in-legno","13":"first","14":"instock","15":"shipping-taxable","16":"purchasable","17":"product-type-simple"},"_links":{"self":[{"href":"https:\/\/puzzle3d.co\/es\/wp-json\/wp\/v2\/product\/806","targetHints":{"allow":["GET"]}}],"collection":[{"href":"https:\/\/puzzle3d.co\/es\/wp-json\/wp\/v2\/product"}],"about":[{"href":"https:\/\/puzzle3d.co\/es\/wp-json\/wp\/v2\/types\/product"}],"replies":[{"embeddable":true,"href":"https:\/\/puzzle3d.co\/es\/wp-json\/wp\/v2\/comments?post=806"}],"wp:featuredmedia":[{"embeddable":true,"href":"https:\/\/puzzle3d.co\/es\/wp-json\/wp\/v2\/media\/810"}],"wp:attachment":[{"href":"https:\/\/puzzle3d.co\/es\/wp-json\/wp\/v2\/media?parent=806"}],"wp:term":[{"taxonomy":"product_brand","embeddable":true,"href":"https:\/\/puzzle3d.co\/es\/wp-json\/wp\/v2\/product_brand?post=806"},{"taxonomy":"product_cat","embeddable":true,"href":"https:\/\/puzzle3d.co\/es\/wp-json\/wp\/v2\/product_cat?post=806"},{"taxonomy":"product_tag","embeddable":true,"href":"https:\/\/puzzle3d.co\/es\/wp-json\/wp\/v2\/product_tag?post=806"},{"taxonomy":"woo-feed-brand","embeddable":true,"href":"https:\/\/puzzle3d.co\/es\/wp-json\/wp\/v2\/woo-feed-brand?post=806"}],"curies":[{"name":"wp","href":"https:\/\/api.w.org\/{rel}","templated":true}]}}