{"id":796,"date":"2023-01-24T12:45:30","date_gmt":"2023-01-24T12:45:30","guid":{"rendered":"https:\/\/puzzle3d.co\/product\/glob-lemn-puzzle-3d-mecanic-copy\/"},"modified":"2025-06-19T03:30:45","modified_gmt":"2025-06-19T03:30:45","slug":"cosechadora-agricola-3d-puzzle-mecanico-de-madera","status":"publish","type":"product","link":"https:\/\/puzzle3d.co\/es\/prodotto\/combina-agricola-puzzle-3d-meccanico-in-legno\/","title":{"rendered":"Combina Agricola - puzzle mec\u00e1nico de madera, 963 piezas"},"content":{"rendered":"<div>\n<p><strong>Cosechadora agr\u00edcola - Modelo mec\u00e1nico de madera - 963 piezas<\/strong><\/p>\n<\/div>\n<div>\n<div>\n<div>El puzzle de la cosechadora de madera es similar a una cosechadora real. Su prop\u00f3sito es funcionar como su hom\u00f3loga en la vida real.<\/div>\n<div>El modelo tiene un motor con una banda el\u00e1stica y un dispositivo de corte desmontable que sube y baja. Es realmente fascinante admirarlo tanto en reposo como en movimiento.<\/div>\n<h2>Regalo apreciado por los hombres<\/h2>\n<div>Montarlo es un placer, pero tambi\u00e9n un reto. Sigue las instrucciones, no es tan complicado como crees.<\/div>\n<div>Durante la construcci\u00f3n tendr\u00e1 garantizada una dosis de adrenalina, concentraci\u00f3n en los detalles, pero tambi\u00e9n un agradable estado de relajaci\u00f3n.<\/div>\n<div><\/div>\n<div>El nivel de dificultad es de 5 sobre 5.<\/div>\n<div><\/div>\n<div><strong>Edad adecuada &gt; 14 a\u00f1os<\/strong><\/div>\n<div><\/div>\n<div><strong>DETALLES DEL PRODUCTO:<\/strong><\/div>\n<div>Dimensiones del modelo: 315*261*145 mm<\/div>\n<div>Dimensiones del envase: 375 x 183 x 32 mm<\/div>\n<div>N\u00famero de piezas: 963<\/div>\n<\/div>\n<div><\/div>\n<\/div>","protected":false},"excerpt":{"rendered":"<p>El puzzle de la cosechadora de madera es similar a una cosechadora real. Su finalidad es funcionar como su hom\u00f3loga real. El modelo tiene un motor de banda el\u00e1stica y un dispositivo de corte desmontable que sube y baja.<\/p>","protected":false},"featured_media":798,"comment_status":"open","ping_status":"closed","template":"","meta":[],"product_brand":[],"product_cat":[108,73,88,74,89,90,91],"product_tag":[],"woo-feed-brand":[],"class_list":{"0":"post-796","1":"product","2":"type-product","3":"status-publish","4":"has-post-thumbnail","6":"product_cat-modellismo-da-costruire-per-adulti","7":"product_cat-puzzle-3d","8":"product_cat-puzzle-3d-adulti","9":"product_cat-puzzle-3d-in-legno","10":"product_cat-puzzle-meccanici-3d-in-legno","11":"product_cat-puzzle-meccanici-per-bambini","12":"product_cat-puzzle-meccanici-per-adulti","14":"first","15":"instock","16":"shipping-taxable","17":"purchasable","18":"product-type-simple"},"_links":{"self":[{"href":"https:\/\/puzzle3d.co\/es\/wp-json\/wp\/v2\/product\/796","targetHints":{"allow":["GET"]}}],"collection":[{"href":"https:\/\/puzzle3d.co\/es\/wp-json\/wp\/v2\/product"}],"about":[{"href":"https:\/\/puzzle3d.co\/es\/wp-json\/wp\/v2\/types\/product"}],"replies":[{"embeddable":true,"href":"https:\/\/puzzle3d.co\/es\/wp-json\/wp\/v2\/comments?post=796"}],"wp:featuredmedia":[{"embeddable":true,"href":"https:\/\/puzzle3d.co\/es\/wp-json\/wp\/v2\/media\/798"}],"wp:attachment":[{"href":"https:\/\/puzzle3d.co\/es\/wp-json\/wp\/v2\/media?parent=796"}],"wp:term":[{"taxonomy":"product_brand","embeddable":true,"href":"https:\/\/puzzle3d.co\/es\/wp-json\/wp\/v2\/product_brand?post=796"},{"taxonomy":"product_cat","embeddable":true,"href":"https:\/\/puzzle3d.co\/es\/wp-json\/wp\/v2\/product_cat?post=796"},{"taxonomy":"product_tag","embeddable":true,"href":"https:\/\/puzzle3d.co\/es\/wp-json\/wp\/v2\/product_tag?post=796"},{"taxonomy":"woo-feed-brand","embeddable":true,"href":"https:\/\/puzzle3d.co\/es\/wp-json\/wp\/v2\/woo-feed-brand?post=796"}],"curies":[{"name":"wp","href":"https:\/\/api.w.org\/{rel}","templated":true}]}}