{"id":787,"date":"2023-01-24T12:02:30","date_gmt":"2023-01-24T12:02:30","guid":{"rendered":"https:\/\/puzzle3d.co\/product\/belaz75600-puzzle-3d-mecanic-copy\/"},"modified":"2025-05-11T08:14:31","modified_gmt":"2025-05-11T08:14:31","slug":"globo-terraqueo-de-madera-mecanico-3d-393-piezas","status":"publish","type":"product","link":"https:\/\/puzzle3d.co\/es\/prodotto\/globo-puzzle-3d-meccanico-legno-393-pezzi\/","title":{"rendered":"GLOBO 3D puzzle mec\u00e1nico de madera, 393 piezas"},"content":{"rendered":"<div>\n<p><strong>GLOBO 3D puzzle mec\u00e1nico de madera - 393 piezas<\/strong><\/p>\n<\/div>\n<div>\n<div>\n<div>El globo terr\u00e1queo de madera es una pieza decorativa y educativa que despertar\u00e1 el inter\u00e9s por conocer el mundo.<\/div>\n<div>Seas adulto o ni\u00f1o, es imposible no sentirse fascinado por un globo terr\u00e1queo, sobre todo si lo montas con tus propias manos.<\/div>\n<div>Es un reto perfecto para el cerebro, pero tambi\u00e9n una oportunidad para la meditaci\u00f3n y la reflexi\u00f3n.<\/div>\n<div>La caja secreta es tan \u00fatil como intrigante. Un reloj, un anillo, una llave, un caramelo: \u00bfqui\u00e9n puede adivinar lo que esconde?<\/div>\n<h2>Un regalo inteligente para cualquiera<\/h2>\n<div>Re\u00fanelo con un amigo \u00edntimo mientras hablan de algo del alma, o con el ni\u00f1o dici\u00e9ndole que la vida est\u00e1 en sus manos. An\u00edmale para que a trav\u00e9s de decisiones correctas pueda abrazar toda la tierra.<\/div>\n<div><\/div>\n<div><strong>DETALLES DEL PRODUCTO:<\/strong><\/div>\n<div>Dimensiones del modelo: 505*320*320 mm<\/div>\n<div>Dimensiones del envase: 374 x 242 x 64 mm<\/div>\n<div>N\u00famero de piezas: 393<\/div>\n<\/div>\n<\/div>","protected":false},"excerpt":{"rendered":"<p>El globo terr\u00e1queo de madera es una pieza decorativa y educativa que despertar\u00e1 el inter\u00e9s por conocer el mundo.<\/p>","protected":false},"featured_media":789,"comment_status":"open","ping_status":"closed","template":"","meta":[],"product_brand":[],"product_cat":[73,88,74,76,89,90,91],"product_tag":[],"woo-feed-brand":[],"class_list":{"0":"post-787","1":"product","2":"type-product","3":"status-publish","4":"has-post-thumbnail","6":"product_cat-puzzle-3d","7":"product_cat-puzzle-3d-adulti","8":"product_cat-puzzle-3d-in-legno","9":"product_cat-puzzle-3d-per-bambini","10":"product_cat-puzzle-meccanici-3d-in-legno","11":"product_cat-puzzle-meccanici-per-bambini","12":"product_cat-puzzle-meccanici-per-adulti","14":"first","15":"instock","16":"shipping-taxable","17":"purchasable","18":"product-type-simple"},"_links":{"self":[{"href":"https:\/\/puzzle3d.co\/es\/wp-json\/wp\/v2\/product\/787","targetHints":{"allow":["GET"]}}],"collection":[{"href":"https:\/\/puzzle3d.co\/es\/wp-json\/wp\/v2\/product"}],"about":[{"href":"https:\/\/puzzle3d.co\/es\/wp-json\/wp\/v2\/types\/product"}],"replies":[{"embeddable":true,"href":"https:\/\/puzzle3d.co\/es\/wp-json\/wp\/v2\/comments?post=787"}],"wp:featuredmedia":[{"embeddable":true,"href":"https:\/\/puzzle3d.co\/es\/wp-json\/wp\/v2\/media\/789"}],"wp:attachment":[{"href":"https:\/\/puzzle3d.co\/es\/wp-json\/wp\/v2\/media?parent=787"}],"wp:term":[{"taxonomy":"product_brand","embeddable":true,"href":"https:\/\/puzzle3d.co\/es\/wp-json\/wp\/v2\/product_brand?post=787"},{"taxonomy":"product_cat","embeddable":true,"href":"https:\/\/puzzle3d.co\/es\/wp-json\/wp\/v2\/product_cat?post=787"},{"taxonomy":"product_tag","embeddable":true,"href":"https:\/\/puzzle3d.co\/es\/wp-json\/wp\/v2\/product_tag?post=787"},{"taxonomy":"woo-feed-brand","embeddable":true,"href":"https:\/\/puzzle3d.co\/es\/wp-json\/wp\/v2\/woo-feed-brand?post=787"}],"curies":[{"name":"wp","href":"https:\/\/api.w.org\/{rel}","templated":true}]}}