{"id":766,"date":"2023-01-23T21:53:35","date_gmt":"2023-01-23T21:53:35","guid":{"rendered":"https:\/\/puzzle3d.co\/product\/belaz-puzzle-3d-mecanic-copy\/"},"modified":"2025-06-11T19:11:26","modified_gmt":"2025-06-11T19:11:26","slug":"camion-de-nieve-3d-rompecabezas-mecanico-de-madera","status":"publish","type":"product","link":"https:\/\/puzzle3d.co\/es\/prodotto\/camion-della-neve-puzzle-meccanico-3d-in-legno\/","title":{"rendered":"Cami\u00f3n de nieve - puzzle mec\u00e1nico de madera, 460 piezas"},"content":{"rendered":"<div>\n<p><strong>Cami\u00f3n de nieve - puzzle mec\u00e1nico de madera - 460 piezas<\/strong><\/p>\n<div>Es dif\u00edcil decir qu\u00e9 le gustar\u00e1 m\u00e1s del cami\u00f3n quitanieves: montarlo, ponerlo en funcionamiento o simplemente admirar lo fant\u00e1stico que es.<\/div>\n<\/div>\n<div>\n<div>\n<div>Con 417 piezas de puzzle de madera, este cami\u00f3n invita a toda la familia a montarlo juntos.<\/div>\n<div><\/div>\n<div>El mecanismo de arranque se debe a un motor sobre una banda el\u00e1stica, las puertas se abren y cierran, el interior tiene buen aspecto y el escal\u00f3n trasero se eleva. Las hojas delanteras y laterales pueden elevarse o incluso desmontarse.<\/div>\n<div><\/div>\n<div>Es un objeto que realza su decoraci\u00f3n interior tanto en Navidad como durante todo el a\u00f1o.<\/div>\n<div>Deje que su imaginaci\u00f3n le dicte qu\u00e9 har\u00e1 con \u00e9l o c\u00f3mo encajar\u00e1 en un escenario de juego infantil.<\/div>\n<div><\/div>\n<div><strong>DETALLES DEL PRODUCTO:<\/strong><\/div>\n<div>Dimensiones del modelo: 400*148*141 mm<\/div>\n<div>Dimensiones del paquete: 374*242*20 mm<\/div>\n<div>N\u00famero de piezas: 460<\/div>\n<\/div>\n<div><\/div>\n<\/div>","protected":false},"excerpt":{"rendered":"<div>Con 417 piezas de puzzle de madera, este cami\u00f3n invita a toda la familia a montarlo juntos.<\/div>\n<div><\/div>\n<div>El mecanismo de arranque se debe a un motor sobre una banda el\u00e1stica, las puertas se abren y cierran, el interior tiene buen aspecto y el escal\u00f3n trasero se eleva. Las hojas delanteras y laterales pueden elevarse o incluso desmontarse.<\/div>","protected":false},"featured_media":771,"comment_status":"open","ping_status":"closed","template":"","meta":[],"product_brand":[],"product_cat":[108,73,88,74,76,89,90,91],"product_tag":[],"woo-feed-brand":[],"class_list":{"0":"post-766","1":"product","2":"type-product","3":"status-publish","4":"has-post-thumbnail","6":"product_cat-modellismo-da-costruire-per-adulti","7":"product_cat-puzzle-3d","8":"product_cat-puzzle-3d-adulti","9":"product_cat-puzzle-3d-in-legno","10":"product_cat-puzzle-3d-per-bambini","11":"product_cat-puzzle-meccanici-3d-in-legno","12":"product_cat-puzzle-meccanici-per-bambini","13":"product_cat-puzzle-meccanici-per-adulti","15":"first","16":"instock","17":"shipping-taxable","18":"purchasable","19":"product-type-simple"},"_links":{"self":[{"href":"https:\/\/puzzle3d.co\/es\/wp-json\/wp\/v2\/product\/766","targetHints":{"allow":["GET"]}}],"collection":[{"href":"https:\/\/puzzle3d.co\/es\/wp-json\/wp\/v2\/product"}],"about":[{"href":"https:\/\/puzzle3d.co\/es\/wp-json\/wp\/v2\/types\/product"}],"replies":[{"embeddable":true,"href":"https:\/\/puzzle3d.co\/es\/wp-json\/wp\/v2\/comments?post=766"}],"wp:featuredmedia":[{"embeddable":true,"href":"https:\/\/puzzle3d.co\/es\/wp-json\/wp\/v2\/media\/771"}],"wp:attachment":[{"href":"https:\/\/puzzle3d.co\/es\/wp-json\/wp\/v2\/media?parent=766"}],"wp:term":[{"taxonomy":"product_brand","embeddable":true,"href":"https:\/\/puzzle3d.co\/es\/wp-json\/wp\/v2\/product_brand?post=766"},{"taxonomy":"product_cat","embeddable":true,"href":"https:\/\/puzzle3d.co\/es\/wp-json\/wp\/v2\/product_cat?post=766"},{"taxonomy":"product_tag","embeddable":true,"href":"https:\/\/puzzle3d.co\/es\/wp-json\/wp\/v2\/product_tag?post=766"},{"taxonomy":"woo-feed-brand","embeddable":true,"href":"https:\/\/puzzle3d.co\/es\/wp-json\/wp\/v2\/woo-feed-brand?post=766"}],"curies":[{"name":"wp","href":"https:\/\/api.w.org\/{rel}","templated":true}]}}