{"id":755,"date":"2023-01-23T21:00:33","date_gmt":"2023-01-23T21:00:33","guid":{"rendered":"https:\/\/puzzle3d.co\/product\/spider-puzzle-3d-mecanic-copy\/"},"modified":"2025-06-19T18:24:56","modified_gmt":"2025-06-19T18:24:56","slug":"rompecabezas-mecanico-de-madera-3d-camion","status":"publish","type":"product","link":"https:\/\/puzzle3d.co\/es\/prodotto\/camion-puzzle-3d-meccanico-legno\/","title":{"rendered":"BELAZ cami\u00f3n 75710 3D puzzle mec\u00e1nico de madera, 453 piezas"},"content":{"rendered":"<div>\n<p><strong>Cami\u00f3n m\u00e1s grande del mundo Belaz 75710 - Modelo mec\u00e1nico 3D<\/strong><\/p>\n<div>\u00a1Tienes ante ti el cami\u00f3n m\u00e1s grande del mundo! Ahora puedes construir tu propio Belaz a partir del puzzle. Tu dosis de adrenalina y dopamina est\u00e1 garantizada.<\/div>\n<\/div>\n<div>\n<div>\n<div><\/div>\n<div><em>\u00bfQu\u00e9 significa realmente el rompecabezas mec\u00e1nico de Belaz?<\/em><\/div>\n<div><\/div>\n<div>Indica que puedes aceptar el reto de montar el mayor cami\u00f3n volquete jam\u00e1s fabricado.<\/div>\n<div>Tu paciencia y concentraci\u00f3n se ver\u00e1n recompensadas por la satisfacci\u00f3n que sentir\u00e1s al poner en marcha el mecanismo. El cami\u00f3n se mueve gracias a la cinta transportadora, las puertas y el cap\u00f3 se abren y el remolque se eleva.<\/div>\n<div><\/div>\n<div>Es un modelo que fascinar\u00e1 tanto a ni\u00f1os como a adultos. Con un poco de imaginaci\u00f3n podr\u00e1s incluso personalizarlo pint\u00e1ndolo.<\/div>\n<div>Belaz ser\u00e1 el cami\u00f3n favorito de los ni\u00f1os y puede incluirse en varios juegos, s\u00f3lo depende de la imaginaci\u00f3n.<\/div>\n<h2>Regalo para entusiastas de los camiones y la construcci\u00f3n<\/h2>\n<div>Los adultos pueden utilizarlo como objeto decorativo en casa o en la oficina.<\/div>\n<div>En realidad, este gigante tiene el tama\u00f1o aproximado de un edificio de apartamentos de tres plantas. Est\u00e1 equipado con 8 ruedas y cada neum\u00e1tico mide aproximadamente 4 metros de di\u00e1metro.<\/div>\n<div>No se lo encontrar\u00e1 por la ciudad. Cuando hay que llevarlo al lugar donde va a trabajar, lo desmontan y lo transportan en 25 vagones.<\/div>\n<div>En su remolque caben exactamente 400 coches Dacia Logan o el avi\u00f3n de pasajeros m\u00e1s grande del mundo: el Airbus A380.<\/div>\n<div><\/div>\n<div><strong>DETALLES DEL PRODUCTO:<\/strong><\/div>\n<div>Dimensiones del modelo: 435*210*175 mm<\/div>\n<div>Dimensiones del embalaje: 375 x 243 x 62 mm<\/div>\n<div>N\u00famero de piezas: 453<\/div>\n<\/div>\n<div><\/div>\n<\/div>","protected":false},"excerpt":{"rendered":"<p>\u00a1Tienes ante ti el cami\u00f3n m\u00e1s grande del mundo! Ahora puedes construir tu propio Belaz a partir del puzzle. El cami\u00f3n se mueve gracias a la cinta transportadora, las puertas y el cap\u00f3 se abren y el remolque se eleva.<\/p>","protected":false},"featured_media":759,"comment_status":"open","ping_status":"closed","template":"","meta":{"slim_seo":{"title":"\ud83d\ude9a Cami\u00f3n BELAZ 3D puzzle mec\u00e1nico de madera, 453 piezas","description":"El cami\u00f3n m\u00e1s grande del mundo - \u00a1Tienes ante ti el cami\u00f3n m\u00e1s grande del mundo! Ahora puedes construir tu propio Belaz a partir del puzzle."}},"product_brand":[],"product_cat":[89,91,90,73,88,74,76],"product_tag":[],"woo-feed-brand":[],"class_list":{"0":"post-755","1":"product","2":"type-product","3":"status-publish","4":"has-post-thumbnail","6":"product_cat-puzzle-meccanici-3d-in-legno","7":"product_cat-puzzle-meccanici-per-adulti","8":"product_cat-puzzle-meccanici-per-bambini","9":"product_cat-puzzle-3d","10":"product_cat-puzzle-3d-adulti","11":"product_cat-puzzle-3d-in-legno","12":"product_cat-puzzle-3d-per-bambini","14":"first","15":"instock","16":"shipping-taxable","17":"purchasable","18":"product-type-simple"},"_links":{"self":[{"href":"https:\/\/puzzle3d.co\/es\/wp-json\/wp\/v2\/product\/755","targetHints":{"allow":["GET"]}}],"collection":[{"href":"https:\/\/puzzle3d.co\/es\/wp-json\/wp\/v2\/product"}],"about":[{"href":"https:\/\/puzzle3d.co\/es\/wp-json\/wp\/v2\/types\/product"}],"replies":[{"embeddable":true,"href":"https:\/\/puzzle3d.co\/es\/wp-json\/wp\/v2\/comments?post=755"}],"wp:featuredmedia":[{"embeddable":true,"href":"https:\/\/puzzle3d.co\/es\/wp-json\/wp\/v2\/media\/759"}],"wp:attachment":[{"href":"https:\/\/puzzle3d.co\/es\/wp-json\/wp\/v2\/media?parent=755"}],"wp:term":[{"taxonomy":"product_brand","embeddable":true,"href":"https:\/\/puzzle3d.co\/es\/wp-json\/wp\/v2\/product_brand?post=755"},{"taxonomy":"product_cat","embeddable":true,"href":"https:\/\/puzzle3d.co\/es\/wp-json\/wp\/v2\/product_cat?post=755"},{"taxonomy":"product_tag","embeddable":true,"href":"https:\/\/puzzle3d.co\/es\/wp-json\/wp\/v2\/product_tag?post=755"},{"taxonomy":"woo-feed-brand","embeddable":true,"href":"https:\/\/puzzle3d.co\/es\/wp-json\/wp\/v2\/woo-feed-brand?post=755"}],"curies":[{"name":"wp","href":"https:\/\/api.w.org\/{rel}","templated":true}]}}